{"id":115377,"date":"2023-01-25T17:45:54","date_gmt":"2023-01-25T17:45:54","guid":{"rendered":"https:\/\/www.3p-gmbh.de\/produkt\/dejonizacja-rozladowywanie-zasilacza-haug-en-8-lc\/"},"modified":"2023-01-25T17:45:54","modified_gmt":"2023-01-25T17:45:54","slug":"dejonizacja-rozladowywanie-zasilacza-haug-en-8-lc","status":"publish","type":"product","link":"https:\/\/www.3p-gmbh.de\/pl\/produkt\/dejonizacja-rozladowywanie-zasilacza-haug-en-8-lc\/","title":{"rendered":"Dejonizacja &#8211; Roz\u0142adowywanie zasilacza Haug EN 8 LC"},"content":{"rendered":"<p><strong>Zasilacz roz\u0142adowuj\u0105cy Haug EN 8 LC &#8211; d\u0142ugo\u015b\u0107 pr\u0119ta ok. 55 cm do usuwania \u0142adunk\u00f3w elektrostatycznych<br \/>\n<\/strong><strong>od 2016 r.<\/strong><\/p>\n<p>Zasilacze roz\u0142adowuj\u0105ce z serii EN 8 s\u0142u\u017c\u0105 do dostarczania napi\u0119cia do jednostek jonizacyjnych.<br \/>\nUrz\u0105dzenia posiadaj\u0105 cztery gazoszczelne z\u0142\u0105cza wysokiego napi\u0119cia i s\u0105 wykonane w stopniu ochrony IP 54, klasa ochrony I, zgodnie z VDE.<\/p>\n<p>Wersja LC ze zintegrowanym monitorowaniem funkcji<br \/>\nStan b\u0142\u0119du jest sygnalizowany za pomoc\u0105 diody LED na obudowie.<\/p>\n<p><em><strong>Zasada dzia\u0142ania<\/strong><\/em><br \/>\nNapi\u0119cie sieciowe jest przekszta\u0142cane na napi\u0119cie przemienne 7-8 kV za pomoc\u0105 transformatora wysokiego napi\u0119cia.<br \/>\nMonitorowanie funkcji zintegrowane w obszarze wt\u00f3rnym sygnalizuje, gdy napi\u0119cie pocz\u0105tkowe wy\u0142adowania koronowego (= pocz\u0105tek dzia\u0142ania jednostek jonizacyjnych) jest zani\u017cone poprzez miganie kontrolnej diody LED.<\/p>\n<p>Kompaktowa technologia PCB gwarantuje niezawodno\u015b\u0107 i \u0142atwo\u015b\u0107 serwisowania.<br \/>\nRoz\u0142adowywanie akumulatora PL 8<\/p>\n<p>&#8211; Proste i szybkie sprawdzanie jednostki jonizacyjnej<br \/>\n&#8211; Wiarygodne informacje o procesie produkcji (kontrola procesu i jako\u015bci)<br \/>\n&#8211; Ci\u0105g\u0142e monitorowanie jednostki jonizacyjnej bez dodatkowego sprz\u0119tu testuj\u0105cego i pomiarowego<\/p>\n","protected":false},"excerpt":{"rendered":"<p>Zasilacz roz\u0142adowuj\u0105cy Haug EN 8 LC &#8211; d\u0142ugo\u015b\u0107 pr\u0119ta ok. 55 cm do usuwania \u0142adunk\u00f3w elektrostatycznych od 2016 r. Zasilacze roz\u0142adowuj\u0105ce z serii EN 8 s\u0142u\u017c\u0105 do dostarczania napi\u0119cia do jednostek jonizacyjnych. Urz\u0105dzenia posiadaj\u0105 cztery gazoszczelne z\u0142\u0105cza wysokiego napi\u0119cia i s\u0105 wykonane w stopniu ochrony IP 54, klasa ochrony I, zgodnie z VDE. Wersja LC [&hellip;]<\/p>\n","protected":false},"featured_media":115387,"template":"","meta":[],"product_brand":[],"product_cat":[3685,3684],"product_tag":[],"class_list":{"0":"post-115377","1":"product","2":"type-product","3":"status-publish","4":"has-post-thumbnail","6":"product_cat-akcesoria-do-falcerek","7":"product_cat-maszyny-skladane","8":"pa_hersteller-haug","9":"pa_typ-en-8-lc","11":"first","12":"instock","13":"taxable","14":"shipping-taxable","15":"product-type-simple"},"jetpack_sharing_enabled":true,"_links":{"self":[{"href":"https:\/\/www.3p-gmbh.de\/pl\/wp-json\/wp\/v2\/product\/115377","targetHints":{"allow":["GET"]}}],"collection":[{"href":"https:\/\/www.3p-gmbh.de\/pl\/wp-json\/wp\/v2\/product"}],"about":[{"href":"https:\/\/www.3p-gmbh.de\/pl\/wp-json\/wp\/v2\/types\/product"}],"wp:featuredmedia":[{"embeddable":true,"href":"https:\/\/www.3p-gmbh.de\/pl\/wp-json\/wp\/v2\/media\/115387"}],"wp:attachment":[{"href":"https:\/\/www.3p-gmbh.de\/pl\/wp-json\/wp\/v2\/media?parent=115377"}],"wp:term":[{"taxonomy":"product_brand","embeddable":true,"href":"https:\/\/www.3p-gmbh.de\/pl\/wp-json\/wp\/v2\/product_brand?post=115377"},{"taxonomy":"product_cat","embeddable":true,"href":"https:\/\/www.3p-gmbh.de\/pl\/wp-json\/wp\/v2\/product_cat?post=115377"},{"taxonomy":"product_tag","embeddable":true,"href":"https:\/\/www.3p-gmbh.de\/pl\/wp-json\/wp\/v2\/product_tag?post=115377"}],"curies":[{"name":"wp","href":"https:\/\/api.w.org\/{rel}","templated":true}]}}