{"id":115369,"date":"2023-01-04T22:38:08","date_gmt":"2023-01-04T22:38:08","guid":{"rendered":"https:\/\/www.3p-gmbh.de\/produkt\/wyswietlanie-stosu-palamidow-alfa-500\/"},"modified":"2023-01-04T22:38:08","modified_gmt":"2023-01-04T22:38:08","slug":"wyswietlanie-stosu-palamidow-alfa-500","status":"publish","type":"product","link":"https:\/\/www.3p-gmbh.de\/pl\/produkt\/wyswietlanie-stosu-palamidow-alfa-500\/","title":{"rendered":"Wy\u015bwietlanie stosu palamid\u00f3w alfa 500"},"content":{"rendered":"<p><strong>Wy\u015bwietlanie stosu palamid\u00f3w Alpha 500<\/strong><br \/>\n<strong>Rok budowy 10-2011<br \/>\n<\/strong><br \/>\ndo uk\u0142adania bez marker\u00f3w<br \/>\nInterfejs Stahlfolder<br \/>\nSt\u00f3\u0142 dozuj\u0105cy<\/p>\n","protected":false},"excerpt":{"rendered":"<p>Wy\u015bwietlanie stosu palamid\u00f3w Alpha 500 Rok budowy 10-2011 do uk\u0142adania bez marker\u00f3w Interfejs Stahlfolder St\u00f3\u0142 dozuj\u0105cy<\/p>\n","protected":false},"featured_media":115375,"template":"","meta":[],"product_brand":[],"product_cat":[3683],"product_tag":[],"class_list":{"0":"post-115369","1":"product","2":"type-product","3":"status-publish","4":"has-post-thumbnail","6":"product_cat-wydatki","7":"pa_hersteller-palamides","8":"pa_typ-alpha-500","10":"first","11":"instock","12":"taxable","13":"shipping-taxable","14":"product-type-simple"},"jetpack_sharing_enabled":true,"_links":{"self":[{"href":"https:\/\/www.3p-gmbh.de\/pl\/wp-json\/wp\/v2\/product\/115369","targetHints":{"allow":["GET"]}}],"collection":[{"href":"https:\/\/www.3p-gmbh.de\/pl\/wp-json\/wp\/v2\/product"}],"about":[{"href":"https:\/\/www.3p-gmbh.de\/pl\/wp-json\/wp\/v2\/types\/product"}],"wp:featuredmedia":[{"embeddable":true,"href":"https:\/\/www.3p-gmbh.de\/pl\/wp-json\/wp\/v2\/media\/115375"}],"wp:attachment":[{"href":"https:\/\/www.3p-gmbh.de\/pl\/wp-json\/wp\/v2\/media?parent=115369"}],"wp:term":[{"taxonomy":"product_brand","embeddable":true,"href":"https:\/\/www.3p-gmbh.de\/pl\/wp-json\/wp\/v2\/product_brand?post=115369"},{"taxonomy":"product_cat","embeddable":true,"href":"https:\/\/www.3p-gmbh.de\/pl\/wp-json\/wp\/v2\/product_cat?post=115369"},{"taxonomy":"product_tag","embeddable":true,"href":"https:\/\/www.3p-gmbh.de\/pl\/wp-json\/wp\/v2\/product_tag?post=115369"}],"curies":[{"name":"wp","href":"https:\/\/api.w.org\/{rel}","templated":true}]}}