{"id":115368,"date":"2023-01-12T14:12:47","date_gmt":"2023-01-12T14:12:47","guid":{"rendered":"https:\/\/www.3p-gmbh.de\/produkt\/mega-przecinarka-do-stali-699-2-na-lekkim-stole-z-pojemnikiem-na-odpady\/"},"modified":"2023-01-12T14:12:47","modified_gmt":"2023-01-12T14:12:47","slug":"mega-przecinarka-do-stali-699-2-na-lekkim-stole-z-pojemnikiem-na-odpady","status":"publish","type":"product","link":"https:\/\/www.3p-gmbh.de\/pl\/produkt\/mega-przecinarka-do-stali-699-2-na-lekkim-stole-z-pojemnikiem-na-odpady\/","title":{"rendered":"Mega przecinarka do stali 699-2 na lekkim stole z pojemnikiem na odpady"},"content":{"rendered":"<p><strong>Mega przecinarka do stali 699-2 na lekkim stole z pojemnikiem na odpady<\/strong><\/p>\n<p>Precyzyjny n\u00f3\u017c do ci\u0119cia p\u0142askich folii i papieru.<br \/>\nPod\u015bwietlana folia milimetrowa i ogranicznik boczny umo\u017cliwiaj\u0105 bardzo precyzyjne wyr\u00f3wnanie szablon\u00f3w.<br \/>\nListwa dociskowa na obcinarce do folii, elektromagnetyczne otwieranie i zamykanie przez dotkni\u0119cie grzbietem d\u0142oni<\/p>\n<p>zapobiega \u015blizganiu si\u0119 szablon\u00f3w, podczas gdy okr\u0105g\u0142e ostrze przesuwa si\u0119 wzd\u0142u\u017c d\u0142ugiego ostrza.<br \/>\nCi\u0119cia s\u0105 bez zadzior\u00f3w (sekcja z bardzo niskim zadziorem)<br \/>\nNo\u017ce tarczowe s\u0105 samoostrz\u0105ce dzi\u0119ki szlifowi wg\u0142\u0119bnemu<\/p>\n<p>Szeroko\u015b\u0107 ci\u0119cia: ok. 65 cm<br \/>\nOgranicznik boczny ze skal\u0105 centymetrow\u0105<\/p>\n","protected":false},"excerpt":{"rendered":"<p>Mega przecinarka do stali 699-2 na lekkim stole z pojemnikiem na odpady Precyzyjny n\u00f3\u017c do ci\u0119cia p\u0142askich folii i papieru. Pod\u015bwietlana folia milimetrowa i ogranicznik boczny umo\u017cliwiaj\u0105 bardzo precyzyjne wyr\u00f3wnanie szablon\u00f3w. Listwa dociskowa na obcinarce do folii, elektromagnetyczne otwieranie i zamykanie przez dotkni\u0119cie grzbietem d\u0142oni zapobiega \u015blizganiu si\u0119 szablon\u00f3w, podczas gdy okr\u0105g\u0142e ostrze przesuwa si\u0119 [&hellip;]<\/p>\n","protected":false},"featured_media":115371,"template":"","meta":[],"product_brand":[],"product_cat":[3723],"product_tag":[],"class_list":{"0":"post-115368","1":"product","2":"type-product","3":"status-publish","4":"has-post-thumbnail","6":"product_cat-maszyny-do-ciecia","7":"pa_hersteller-mega-stahl","8":"pa_typ-699-2","10":"first","11":"instock","12":"taxable","13":"shipping-taxable","14":"product-type-simple"},"jetpack_sharing_enabled":true,"_links":{"self":[{"href":"https:\/\/www.3p-gmbh.de\/pl\/wp-json\/wp\/v2\/product\/115368","targetHints":{"allow":["GET"]}}],"collection":[{"href":"https:\/\/www.3p-gmbh.de\/pl\/wp-json\/wp\/v2\/product"}],"about":[{"href":"https:\/\/www.3p-gmbh.de\/pl\/wp-json\/wp\/v2\/types\/product"}],"wp:featuredmedia":[{"embeddable":true,"href":"https:\/\/www.3p-gmbh.de\/pl\/wp-json\/wp\/v2\/media\/115371"}],"wp:attachment":[{"href":"https:\/\/www.3p-gmbh.de\/pl\/wp-json\/wp\/v2\/media?parent=115368"}],"wp:term":[{"taxonomy":"product_brand","embeddable":true,"href":"https:\/\/www.3p-gmbh.de\/pl\/wp-json\/wp\/v2\/product_brand?post=115368"},{"taxonomy":"product_cat","embeddable":true,"href":"https:\/\/www.3p-gmbh.de\/pl\/wp-json\/wp\/v2\/product_cat?post=115368"},{"taxonomy":"product_tag","embeddable":true,"href":"https:\/\/www.3p-gmbh.de\/pl\/wp-json\/wp\/v2\/product_tag?post=115368"}],"curies":[{"name":"wp","href":"https:\/\/api.w.org\/{rel}","templated":true}]}}