{"id":115364,"date":"2023-01-25T17:59:25","date_gmt":"2023-01-25T17:59:25","guid":{"rendered":"https:\/\/www.3p-gmbh.de\/produkt\/suchobiezna-lopatkowa-pompa-prozniowa-becker-dvtlf-250\/"},"modified":"2023-01-25T17:59:25","modified_gmt":"2023-01-25T17:59:25","slug":"suchobiezna-lopatkowa-pompa-prozniowa-becker-dvtlf-250","status":"publish","type":"product","link":"https:\/\/www.3p-gmbh.de\/pl\/produkt\/suchobiezna-lopatkowa-pompa-prozniowa-becker-dvtlf-250\/","title":{"rendered":"Suchobie\u017cna \u0142opatkowa pompa pr\u00f3\u017cniowa Becker DVTLF 250"},"content":{"rendered":"<p><strong>Becker DVTLF 250<\/strong><br \/>\n<strong>od 2008 r.<\/strong><\/p>\n<p>\u0141opatkowa pompa pr\u00f3\u017cniowa do pracy na sucho<\/p>\n<p>Producent: Becker<br \/>\nTyp: DVTLF 250<br \/>\nSilnik: 400V\/50Hz<br \/>\nWydajno\u015b\u0107 ssania: 250 m\u00b3\/h<br \/>\nCi\u015bnienie maksymalne: 200 mbar (abs.)<br \/>\nodpowiada 90% pr\u00f3\u017cni<\/p>\n","protected":false},"excerpt":{"rendered":"<p>Becker DVTLF 250 od 2008 r. \u0141opatkowa pompa pr\u00f3\u017cniowa do pracy na sucho Producent: Becker Typ: DVTLF 250 Silnik: 400V\/50Hz Wydajno\u015b\u0107 ssania: 250 m\u00b3\/h Ci\u015bnienie maksymalne: 200 mbar (abs.) odpowiada 90% pr\u00f3\u017cni<\/p>\n","protected":false},"featured_media":115366,"template":"","meta":[],"product_brand":[],"product_cat":[3689],"product_tag":[],"class_list":{"0":"post-115364","1":"product","2":"type-product","3":"status-publish","4":"has-post-thumbnail","6":"product_cat-sprezarki-i-pompy-prozniowe","7":"pa_hersteller-becker","8":"pa_typ-dvtlf-250","10":"first","11":"instock","12":"taxable","13":"shipping-taxable","14":"product-type-simple"},"jetpack_sharing_enabled":true,"_links":{"self":[{"href":"https:\/\/www.3p-gmbh.de\/pl\/wp-json\/wp\/v2\/product\/115364","targetHints":{"allow":["GET"]}}],"collection":[{"href":"https:\/\/www.3p-gmbh.de\/pl\/wp-json\/wp\/v2\/product"}],"about":[{"href":"https:\/\/www.3p-gmbh.de\/pl\/wp-json\/wp\/v2\/types\/product"}],"wp:featuredmedia":[{"embeddable":true,"href":"https:\/\/www.3p-gmbh.de\/pl\/wp-json\/wp\/v2\/media\/115366"}],"wp:attachment":[{"href":"https:\/\/www.3p-gmbh.de\/pl\/wp-json\/wp\/v2\/media?parent=115364"}],"wp:term":[{"taxonomy":"product_brand","embeddable":true,"href":"https:\/\/www.3p-gmbh.de\/pl\/wp-json\/wp\/v2\/product_brand?post=115364"},{"taxonomy":"product_cat","embeddable":true,"href":"https:\/\/www.3p-gmbh.de\/pl\/wp-json\/wp\/v2\/product_cat?post=115364"},{"taxonomy":"product_tag","embeddable":true,"href":"https:\/\/www.3p-gmbh.de\/pl\/wp-json\/wp\/v2\/product_tag?post=115364"}],"curies":[{"name":"wp","href":"https:\/\/api.w.org\/{rel}","templated":true}]}}