{"id":115344,"date":"2023-01-04T22:42:25","date_gmt":"2023-01-04T22:42:25","guid":{"rendered":"https:\/\/www.3p-gmbh.de\/produkt\/podwojny-wykrojnik-bograma-bs-eco-350-160-15\/"},"modified":"2023-01-04T22:42:25","modified_gmt":"2023-01-04T22:42:25","slug":"podwojny-wykrojnik-bograma-bs-eco-350-160-15","status":"publish","type":"product","link":"https:\/\/www.3p-gmbh.de\/pl\/produkt\/podwojny-wykrojnik-bograma-bs-eco-350-160-15\/","title":{"rendered":"Podw\u00f3jny wykrojnik Bograma BS Eco 350-160-15"},"content":{"rendered":"<p><strong>Stempel z podw\u00f3jnym mostkiem BS Eco 350-160-15<\/strong><br \/>\n<strong>od 2007 r.<\/strong><\/p>\n<p><em>sk\u0142adaj\u0105cy si\u0119 z<\/em><\/p>\n<p>1 st\u00f3\u0142 podaj\u0105cy z przycinaniem g\u0142owicy lub stopy w linii produkcyjnej<br \/>\na nast\u0119pnie<br \/>\n2 Ci\u0119cie rozdzielaj\u0105ce do wielokrotnego u\u017cytku<\/p>\n<p>Jeden d\u0142ugi zestaw SAB 550 do wielokrotnego u\u017cytku<\/p>\n","protected":false},"excerpt":{"rendered":"<p>Stempel z podw\u00f3jnym mostkiem BS Eco 350-160-15 od 2007 r. sk\u0142adaj\u0105cy si\u0119 z 1 st\u00f3\u0142 podaj\u0105cy z przycinaniem g\u0142owicy lub stopy w linii produkcyjnej a nast\u0119pnie 2 Ci\u0119cie rozdzielaj\u0105ce do wielokrotnego u\u017cytku Jeden d\u0142ugi zestaw SAB 550 do wielokrotnego u\u017cytku<\/p>\n","protected":false},"featured_media":115354,"template":"","meta":[],"product_brand":[],"product_cat":[3880],"product_tag":[],"class_list":{"0":"post-115344","1":"product","2":"type-product","3":"status-publish","4":"has-post-thumbnail","6":"product_cat-wbijanie","7":"pa_hersteller-bograma","8":"pa_typ-bs-eco-350-160-15","10":"first","11":"instock","12":"taxable","13":"shipping-taxable","14":"product-type-simple"},"jetpack_sharing_enabled":true,"_links":{"self":[{"href":"https:\/\/www.3p-gmbh.de\/pl\/wp-json\/wp\/v2\/product\/115344","targetHints":{"allow":["GET"]}}],"collection":[{"href":"https:\/\/www.3p-gmbh.de\/pl\/wp-json\/wp\/v2\/product"}],"about":[{"href":"https:\/\/www.3p-gmbh.de\/pl\/wp-json\/wp\/v2\/types\/product"}],"wp:featuredmedia":[{"embeddable":true,"href":"https:\/\/www.3p-gmbh.de\/pl\/wp-json\/wp\/v2\/media\/115354"}],"wp:attachment":[{"href":"https:\/\/www.3p-gmbh.de\/pl\/wp-json\/wp\/v2\/media?parent=115344"}],"wp:term":[{"taxonomy":"product_brand","embeddable":true,"href":"https:\/\/www.3p-gmbh.de\/pl\/wp-json\/wp\/v2\/product_brand?post=115344"},{"taxonomy":"product_cat","embeddable":true,"href":"https:\/\/www.3p-gmbh.de\/pl\/wp-json\/wp\/v2\/product_cat?post=115344"},{"taxonomy":"product_tag","embeddable":true,"href":"https:\/\/www.3p-gmbh.de\/pl\/wp-json\/wp\/v2\/product_tag?post=115344"}],"curies":[{"name":"wp","href":"https:\/\/api.w.org\/{rel}","templated":true}]}}