{"id":115343,"date":"2023-01-12T14:21:01","date_gmt":"2023-01-12T14:21:01","guid":{"rendered":"https:\/\/www.3p-gmbh.de\/produkt\/elektryczna-dlutownica-schober\/"},"modified":"2023-01-12T14:21:01","modified_gmt":"2023-01-12T14:21:01","slug":"elektryczna-dlutownica-schober","status":"publish","type":"product","link":"https:\/\/www.3p-gmbh.de\/pl\/produkt\/elektryczna-dlutownica-schober\/","title":{"rendered":"Elektryczna d\u0142utownica Schober"},"content":{"rendered":"<p><strong>elektryczna d\u0142utownica firmy Schober<\/strong><\/p>\n<p>do ci\u0119cia naklejek o szeroko\u015bci do 75 cm<\/p>\n","protected":false},"excerpt":{"rendered":"<p>elektryczna d\u0142utownica firmy Schober do ci\u0119cia naklejek o szeroko\u015bci do 75 cm<\/p>\n","protected":false},"featured_media":115351,"template":"","meta":[],"product_brand":[],"product_cat":[3879],"product_tag":[],"class_list":{"0":"post-115343","1":"product","2":"type-product","3":"status-publish","4":"has-post-thumbnail","6":"product_cat-introligatorstwo-asortymentowe","7":"pa_hersteller-schober","9":"first","10":"instock","11":"taxable","12":"shipping-taxable","13":"product-type-simple"},"jetpack_sharing_enabled":true,"_links":{"self":[{"href":"https:\/\/www.3p-gmbh.de\/pl\/wp-json\/wp\/v2\/product\/115343","targetHints":{"allow":["GET"]}}],"collection":[{"href":"https:\/\/www.3p-gmbh.de\/pl\/wp-json\/wp\/v2\/product"}],"about":[{"href":"https:\/\/www.3p-gmbh.de\/pl\/wp-json\/wp\/v2\/types\/product"}],"wp:featuredmedia":[{"embeddable":true,"href":"https:\/\/www.3p-gmbh.de\/pl\/wp-json\/wp\/v2\/media\/115351"}],"wp:attachment":[{"href":"https:\/\/www.3p-gmbh.de\/pl\/wp-json\/wp\/v2\/media?parent=115343"}],"wp:term":[{"taxonomy":"product_brand","embeddable":true,"href":"https:\/\/www.3p-gmbh.de\/pl\/wp-json\/wp\/v2\/product_brand?post=115343"},{"taxonomy":"product_cat","embeddable":true,"href":"https:\/\/www.3p-gmbh.de\/pl\/wp-json\/wp\/v2\/product_cat?post=115343"},{"taxonomy":"product_tag","embeddable":true,"href":"https:\/\/www.3p-gmbh.de\/pl\/wp-json\/wp\/v2\/product_tag?post=115343"}],"curies":[{"name":"wp","href":"https:\/\/api.w.org\/{rel}","templated":true}]}}