{"id":115342,"date":"2023-01-25T18:03:07","date_gmt":"2023-01-25T18:03:07","guid":{"rendered":"https:\/\/www.3p-gmbh.de\/produkt\/bandelin-sonorex-rk-158-m\/"},"modified":"2023-01-25T18:03:07","modified_gmt":"2023-01-25T18:03:07","slug":"bandelin-sonorex-rk-158-m","status":"publish","type":"product","link":"https:\/\/www.3p-gmbh.de\/pl\/produkt\/bandelin-sonorex-rk-158-m\/","title":{"rendered":"BANDELIN Sonorex RK 158 M"},"content":{"rendered":"<p><strong>BANDELIN Sonorex RK 158 M<\/strong><\/p>\n<p>Wysokowydajna myjka ultrad\u017awi\u0119kowa ze stali nierdzewnej z podgrzewaniem do u\u017cytku w gabinetach, laboratoriach i warsztatach.<br \/>\nSprawdzone i szczeg\u00f3lnie wytrzyma\u0142e wanny ultrad\u017awi\u0119kowe SONOREX czyszcz\u0105 dok\u0142adnie i delikatnie za pomoc\u0105 intensywnych p\u0119cherzyk\u00f3w kawitacyjnych, nawet w trudno dost\u0119pnych obszarach czyszczonych obiekt\u00f3w.<br \/>\nPrzyjazny dla u\u017cytkownika obrotowy uchwyt s\u0142u\u017cy do \u0142atwego ustawiania czasu czyszczenia i temperatury k\u0105pieli.<br \/>\nW pe\u0142ni automatyczna funkcja SweepTec zapobiega powstawaniu fal stoj\u0105cych w polu ultrad\u017awi\u0119kowym i zapewnia wyj\u0105tkowo r\u00f3wnomierne czyszczenie.<\/p>\n<p>Wymiary wewn\u0119trzne L [mm] 700<br \/>\nWymiary wewn\u0119trzne B [mm] 140<br \/>\nWymiary wewn\u0119trzne T [mm] 150<br \/>\nPojemno\u015b\u0107 [l] 9<br \/>\nZawarto\u015b\u0107 pracy [l] 6<br \/>\nOznaczenie poziomu nape\u0142nienia tak<br \/>\nCz\u0119stotliwo\u015b\u0107 ultrad\u017awi\u0119k\u00f3w [Hz] 35<br \/>\nGrubo\u015b\u0107 rury [mm] 0.8<br \/>\nUltrad\u017awi\u0119kowa moc szczytowa [W] 860<br \/>\nNominalna moc ultrad\u017awi\u0119k\u00f3w [W] 215<br \/>\nCz\u0119stotliwo\u015b\u0107 ultrad\u017awi\u0119k\u00f3w [kHz] 35<br \/>\nZakres temp. (C) 30-80<br \/>\nMoc cieplna [W] 600<br \/>\nNapi\u0119cie robocze [V] 230 V Wtyczka UE<\/p>\n","protected":false},"excerpt":{"rendered":"<p>BANDELIN Sonorex RK 158 M Wysokowydajna myjka ultrad\u017awi\u0119kowa ze stali nierdzewnej z podgrzewaniem do u\u017cytku w gabinetach, laboratoriach i warsztatach. Sprawdzone i szczeg\u00f3lnie wytrzyma\u0142e wanny ultrad\u017awi\u0119kowe SONOREX czyszcz\u0105 dok\u0142adnie i delikatnie za pomoc\u0105 intensywnych p\u0119cherzyk\u00f3w kawitacyjnych, nawet w trudno dost\u0119pnych obszarach czyszczonych obiekt\u00f3w. Przyjazny dla u\u017cytkownika obrotowy uchwyt s\u0142u\u017cy do \u0142atwego ustawiania czasu czyszczenia i [&hellip;]<\/p>\n","protected":false},"featured_media":115347,"template":"","meta":[],"product_brand":[],"product_cat":[3738],"product_tag":[],"class_list":{"0":"post-115342","1":"product","2":"type-product","3":"status-publish","4":"has-post-thumbnail","6":"product_cat-wyposazenie-warsztatu","7":"pa_hersteller-bandelin","8":"pa_typ-sonorex-rk-158-m","10":"first","11":"instock","12":"taxable","13":"shipping-taxable","14":"product-type-simple"},"jetpack_sharing_enabled":true,"_links":{"self":[{"href":"https:\/\/www.3p-gmbh.de\/pl\/wp-json\/wp\/v2\/product\/115342","targetHints":{"allow":["GET"]}}],"collection":[{"href":"https:\/\/www.3p-gmbh.de\/pl\/wp-json\/wp\/v2\/product"}],"about":[{"href":"https:\/\/www.3p-gmbh.de\/pl\/wp-json\/wp\/v2\/types\/product"}],"wp:featuredmedia":[{"embeddable":true,"href":"https:\/\/www.3p-gmbh.de\/pl\/wp-json\/wp\/v2\/media\/115347"}],"wp:attachment":[{"href":"https:\/\/www.3p-gmbh.de\/pl\/wp-json\/wp\/v2\/media?parent=115342"}],"wp:term":[{"taxonomy":"product_brand","embeddable":true,"href":"https:\/\/www.3p-gmbh.de\/pl\/wp-json\/wp\/v2\/product_brand?post=115342"},{"taxonomy":"product_cat","embeddable":true,"href":"https:\/\/www.3p-gmbh.de\/pl\/wp-json\/wp\/v2\/product_cat?post=115342"},{"taxonomy":"product_tag","embeddable":true,"href":"https:\/\/www.3p-gmbh.de\/pl\/wp-json\/wp\/v2\/product_tag?post=115342"}],"curies":[{"name":"wp","href":"https:\/\/api.w.org\/{rel}","templated":true}]}}