{"id":115341,"date":"2023-01-04T23:02:29","date_gmt":"2023-01-04T23:02:29","guid":{"rendered":"https:\/\/www.3p-gmbh.de\/produkt\/fuji-silver-hunter\/"},"modified":"2023-01-04T23:02:29","modified_gmt":"2023-01-04T23:02:29","slug":"fuji-silver-hunter","status":"publish","type":"product","link":"https:\/\/www.3p-gmbh.de\/pl\/produkt\/fuji-silver-hunter\/","title":{"rendered":"Fuji Silver Hunter"},"content":{"rendered":"<div><strong>Fuji Silver Hunter<\/strong><\/div>\n<div>Odzyskiwanie srebra poprzez elektroliz\u0119 w k\u0105pieli utrwalaj\u0105cej<\/div>\n","protected":false},"excerpt":{"rendered":"<p>Fuji Silver Hunter Odzyskiwanie srebra poprzez elektroliz\u0119 w k\u0105pieli utrwalaj\u0105cej<\/p>\n","protected":false},"featured_media":115345,"template":"","meta":[],"product_brand":[],"product_cat":[3854],"product_tag":[],"class_list":{"0":"post-115341","1":"product","2":"type-product","3":"status-publish","4":"has-post-thumbnail","6":"product_cat-naswietlarki-i-systemy-wywolywania-filmow","8":"first","9":"instock","10":"taxable","11":"shipping-taxable","12":"product-type-simple"},"jetpack_sharing_enabled":true,"_links":{"self":[{"href":"https:\/\/www.3p-gmbh.de\/pl\/wp-json\/wp\/v2\/product\/115341","targetHints":{"allow":["GET"]}}],"collection":[{"href":"https:\/\/www.3p-gmbh.de\/pl\/wp-json\/wp\/v2\/product"}],"about":[{"href":"https:\/\/www.3p-gmbh.de\/pl\/wp-json\/wp\/v2\/types\/product"}],"wp:featuredmedia":[{"embeddable":true,"href":"https:\/\/www.3p-gmbh.de\/pl\/wp-json\/wp\/v2\/media\/115345"}],"wp:attachment":[{"href":"https:\/\/www.3p-gmbh.de\/pl\/wp-json\/wp\/v2\/media?parent=115341"}],"wp:term":[{"taxonomy":"product_brand","embeddable":true,"href":"https:\/\/www.3p-gmbh.de\/pl\/wp-json\/wp\/v2\/product_brand?post=115341"},{"taxonomy":"product_cat","embeddable":true,"href":"https:\/\/www.3p-gmbh.de\/pl\/wp-json\/wp\/v2\/product_cat?post=115341"},{"taxonomy":"product_tag","embeddable":true,"href":"https:\/\/www.3p-gmbh.de\/pl\/wp-json\/wp\/v2\/product_tag?post=115341"}],"curies":[{"name":"wp","href":"https:\/\/api.w.org\/{rel}","templated":true}]}}