{"id":115334,"date":"2023-01-25T18:11:37","date_gmt":"2023-01-25T18:11:37","guid":{"rendered":"https:\/\/www.3p-gmbh.de\/produkt\/teczka-z-klamra-mathias-baeuerle-multimaster-cas-52-4-38-2-fl-sa\/"},"modified":"2023-01-25T18:11:37","modified_gmt":"2023-01-25T18:11:37","slug":"teczka-z-klamra-mathias-baeuerle-multimaster-cas-52-4-38-2-fl-sa","status":"publish","type":"product","link":"https:\/\/www.3p-gmbh.de\/pl\/produkt\/teczka-z-klamra-mathias-baeuerle-multimaster-cas-52-4-38-2-fl-sa\/","title":{"rendered":"Teczka z klamr\u0105 Mathias B\u00e4uerle Multimaster CAS 52.4-38.2-FL SA"},"content":{"rendered":"<p><strong>Sk\u0142adarka Mathias B\u00e4uerle Multimaster CAS 52.4-38.2-FL SA<\/strong><br \/>\n<strong>z 2001 roku ma\u0142o u\u017cywany<\/strong><\/p>\n<p>Podajnik z p\u0142askim stosem FL 52 z separacj\u0105 tylnej kraw\u0119dzi<br \/>\nJednostka sk\u0142adaj\u0105ca 1 z 4 regulowanymi motorycznie p\u0142ytami klamrowymi Szeroko\u015b\u0107 podawania 52 cm<br \/>\nSk\u0142adana jednostka 2 z 2 regulowanymi silnikiem kieszeniami Szeroko\u015b\u0107 podawania 38 cm<\/p>\n<p>z kieszeni\u0105 na o\u0142tarz (mo\u017cliwe zamkni\u0119cie A3 na Din long)<\/p>\n<p>Zmotoryzowana, regulowana dostawa<\/p>\n","protected":false},"excerpt":{"rendered":"<p>Sk\u0142adarka Mathias B\u00e4uerle Multimaster CAS 52.4-38.2-FL SA z 2001 roku ma\u0142o u\u017cywany Podajnik z p\u0142askim stosem FL 52 z separacj\u0105 tylnej kraw\u0119dzi Jednostka sk\u0142adaj\u0105ca 1 z 4 regulowanymi motorycznie p\u0142ytami klamrowymi Szeroko\u015b\u0107 podawania 52 cm Sk\u0142adana jednostka 2 z 2 regulowanymi silnikiem kieszeniami Szeroko\u015b\u0107 podawania 38 cm z kieszeni\u0105 na o\u0142tarz (mo\u017cliwe zamkni\u0119cie A3 na [&hellip;]<\/p>\n","protected":false},"featured_media":115337,"template":"","meta":[],"product_brand":[],"product_cat":[3684],"product_tag":[],"class_list":{"0":"post-115334","1":"product","2":"type-product","3":"status-publish","4":"has-post-thumbnail","6":"product_cat-maszyny-skladane","7":"pa_hersteller-mathias-baeuerle","8":"pa_typ-cas-52-4-38-2-fl-sa","10":"first","11":"instock","12":"taxable","13":"shipping-taxable","14":"product-type-simple"},"jetpack_sharing_enabled":true,"_links":{"self":[{"href":"https:\/\/www.3p-gmbh.de\/pl\/wp-json\/wp\/v2\/product\/115334","targetHints":{"allow":["GET"]}}],"collection":[{"href":"https:\/\/www.3p-gmbh.de\/pl\/wp-json\/wp\/v2\/product"}],"about":[{"href":"https:\/\/www.3p-gmbh.de\/pl\/wp-json\/wp\/v2\/types\/product"}],"wp:featuredmedia":[{"embeddable":true,"href":"https:\/\/www.3p-gmbh.de\/pl\/wp-json\/wp\/v2\/media\/115337"}],"wp:attachment":[{"href":"https:\/\/www.3p-gmbh.de\/pl\/wp-json\/wp\/v2\/media?parent=115334"}],"wp:term":[{"taxonomy":"product_brand","embeddable":true,"href":"https:\/\/www.3p-gmbh.de\/pl\/wp-json\/wp\/v2\/product_brand?post=115334"},{"taxonomy":"product_cat","embeddable":true,"href":"https:\/\/www.3p-gmbh.de\/pl\/wp-json\/wp\/v2\/product_cat?post=115334"},{"taxonomy":"product_tag","embeddable":true,"href":"https:\/\/www.3p-gmbh.de\/pl\/wp-json\/wp\/v2\/product_tag?post=115334"}],"curies":[{"name":"wp","href":"https:\/\/api.w.org\/{rel}","templated":true}]}}