{"id":115333,"date":"2023-01-12T14:28:18","date_gmt":"2023-01-12T14:28:18","guid":{"rendered":"https:\/\/www.3p-gmbh.de\/produkt\/elektryczna-nawijarka-bobiniarki-neolt-power-trim-250-elektro\/"},"modified":"2023-01-12T14:28:18","modified_gmt":"2023-01-12T14:28:18","slug":"elektryczna-nawijarka-bobiniarki-neolt-power-trim-250-elektro","status":"publish","type":"product","link":"https:\/\/www.3p-gmbh.de\/pl\/produkt\/elektryczna-nawijarka-bobiniarki-neolt-power-trim-250-elektro\/","title":{"rendered":"Elektryczna nawijarka bobiniarki Neolt Power Trim 250 Elektro"},"content":{"rendered":"<p><strong>Elektryczna nawijarka bobiniarki Neolt Power Trim 250 Elektro<\/strong><\/p>\n<p>Elektryczna maszyna do ci\u0119cia papieru o grubo\u015bci do 2,0 mm, szeroko\u015b\u0107 robocza do 360 cm!<\/p>\n<p>Ze stojakiem, lamp\u0105 i workiem zbiorczym.<\/p>\n<p>Szeroko\u015b\u0107 robocza do 250 cm<br \/>\nWysoko\u015b\u0107 robocza 87 cm,<\/p>\n<p>Szeroko\u015b\u0107 50 cm,<\/p>\n<p>Pr\u0119dko\u015b\u0107 ci\u0119cia 1 m\/sek,<\/p>\n<p>Zasilanie 230 V \/ 50 Hz &#8211; 110 V \/ 60 Hz,<\/p>\n<p>Wysoko\u015b\u0107 z podstaw\u0105 101 cm.<\/p>\n","protected":false},"excerpt":{"rendered":"<p>Elektryczna nawijarka bobiniarki Neolt Power Trim 250 Elektro Elektryczna maszyna do ci\u0119cia papieru o grubo\u015bci do 2,0 mm, szeroko\u015b\u0107 robocza do 360 cm! Ze stojakiem, lamp\u0105 i workiem zbiorczym. Szeroko\u015b\u0107 robocza do 250 cm Wysoko\u015b\u0107 robocza 87 cm, Szeroko\u015b\u0107 50 cm, Pr\u0119dko\u015b\u0107 ci\u0119cia 1 m\/sek, Zasilanie 230 V \/ 50 Hz &#8211; 110 V \/ [&hellip;]<\/p>\n","protected":false},"featured_media":115336,"template":"","meta":[],"product_brand":[],"product_cat":[3652],"product_tag":[],"class_list":{"0":"post-115333","1":"product","2":"type-product","3":"status-publish","4":"has-post-thumbnail","6":"product_cat-cyfrowy-druck","7":"pa_hersteller-neolt","8":"pa_typ-power-trim-250-elektro","10":"first","11":"instock","12":"taxable","13":"shipping-taxable","14":"product-type-simple"},"jetpack_sharing_enabled":true,"_links":{"self":[{"href":"https:\/\/www.3p-gmbh.de\/pl\/wp-json\/wp\/v2\/product\/115333","targetHints":{"allow":["GET"]}}],"collection":[{"href":"https:\/\/www.3p-gmbh.de\/pl\/wp-json\/wp\/v2\/product"}],"about":[{"href":"https:\/\/www.3p-gmbh.de\/pl\/wp-json\/wp\/v2\/types\/product"}],"wp:featuredmedia":[{"embeddable":true,"href":"https:\/\/www.3p-gmbh.de\/pl\/wp-json\/wp\/v2\/media\/115336"}],"wp:attachment":[{"href":"https:\/\/www.3p-gmbh.de\/pl\/wp-json\/wp\/v2\/media?parent=115333"}],"wp:term":[{"taxonomy":"product_brand","embeddable":true,"href":"https:\/\/www.3p-gmbh.de\/pl\/wp-json\/wp\/v2\/product_brand?post=115333"},{"taxonomy":"product_cat","embeddable":true,"href":"https:\/\/www.3p-gmbh.de\/pl\/wp-json\/wp\/v2\/product_cat?post=115333"},{"taxonomy":"product_tag","embeddable":true,"href":"https:\/\/www.3p-gmbh.de\/pl\/wp-json\/wp\/v2\/product_tag?post=115333"}],"curies":[{"name":"wp","href":"https:\/\/api.w.org\/{rel}","templated":true}]}}