{"id":115313,"date":"2023-01-04T23:07:40","date_gmt":"2023-01-04T23:07:40","guid":{"rendered":"https:\/\/www.3p-gmbh.de\/produkt\/perforacja-wzdluzna-dla-heidelberg-gto-52\/"},"modified":"2023-01-04T23:07:40","modified_gmt":"2023-01-04T23:07:40","slug":"perforacja-wzdluzna-dla-heidelberg-gto-52","status":"publish","type":"product","link":"https:\/\/www.3p-gmbh.de\/pl\/produkt\/perforacja-wzdluzna-dla-heidelberg-gto-52\/","title":{"rendered":"Perforacja wzd\u0142u\u017cna dla Heidelberg GTO 52"},"content":{"rendered":"<p><strong>Perforacja wzd\u0142u\u017cna dla Heidelberg GTO 52<\/strong><\/p>\n","protected":false},"excerpt":{"rendered":"<p>Perforacja wzd\u0142u\u017cna dla Heidelberg GTO 52<\/p>\n","protected":false},"featured_media":115316,"template":"","meta":[],"product_brand":[],"product_cat":[3666],"product_tag":[],"class_list":{"0":"post-115313","1":"product","2":"type-product","3":"status-publish","4":"has-post-thumbnail","6":"product_cat-akcesoria-i-czesci-zamienne-do-maszyn-drukarskich","8":"first","9":"instock","10":"taxable","11":"shipping-taxable","12":"product-type-simple"},"jetpack_sharing_enabled":true,"_links":{"self":[{"href":"https:\/\/www.3p-gmbh.de\/pl\/wp-json\/wp\/v2\/product\/115313","targetHints":{"allow":["GET"]}}],"collection":[{"href":"https:\/\/www.3p-gmbh.de\/pl\/wp-json\/wp\/v2\/product"}],"about":[{"href":"https:\/\/www.3p-gmbh.de\/pl\/wp-json\/wp\/v2\/types\/product"}],"wp:featuredmedia":[{"embeddable":true,"href":"https:\/\/www.3p-gmbh.de\/pl\/wp-json\/wp\/v2\/media\/115316"}],"wp:attachment":[{"href":"https:\/\/www.3p-gmbh.de\/pl\/wp-json\/wp\/v2\/media?parent=115313"}],"wp:term":[{"taxonomy":"product_brand","embeddable":true,"href":"https:\/\/www.3p-gmbh.de\/pl\/wp-json\/wp\/v2\/product_brand?post=115313"},{"taxonomy":"product_cat","embeddable":true,"href":"https:\/\/www.3p-gmbh.de\/pl\/wp-json\/wp\/v2\/product_cat?post=115313"},{"taxonomy":"product_tag","embeddable":true,"href":"https:\/\/www.3p-gmbh.de\/pl\/wp-json\/wp\/v2\/product_tag?post=115313"}],"curies":[{"name":"wp","href":"https:\/\/api.w.org\/{rel}","templated":true}]}}