{"id":115306,"date":"2023-03-06T00:13:10","date_gmt":"2023-03-06T00:13:10","guid":{"rendered":"https:\/\/www.3p-gmbh.de\/produkt\/2-przenosna-teczka-z-czterema-kieszeniami-i-regulacja-wysokosci-herzog-heymann-hh-m7-35-4\/"},"modified":"2023-03-06T00:13:10","modified_gmt":"2023-03-06T00:13:10","slug":"2-przenosna-teczka-z-czterema-kieszeniami-i-regulacja-wysokosci-herzog-heymann-hh-m7-35-4","status":"publish","type":"product","link":"https:\/\/www.3p-gmbh.de\/pl\/produkt\/2-przenosna-teczka-z-czterema-kieszeniami-i-regulacja-wysokosci-herzog-heymann-hh-m7-35-4\/","title":{"rendered":"2. przeno\u015bna teczka z czterema kieszeniami i regulacj\u0105 wysoko\u015bci Herzog &amp; Heymann H&amp;H M7.35-4"},"content":{"rendered":"<p><strong>2. przeno\u015bna teczka z czterema kieszeniami i regulacj\u0105 wysoko\u015bci Herzog &amp; Heymann H&amp;H M7.35-4<\/strong><br \/>\n<strong>od 2002 r.  <\/strong><\/p>\n<p>Samokontrola z wy\u0142\u0105cznikiem awaryjnym<br \/>\nSt\u00f3\u0142 rolkowy z liniowym podawaniem jako FW 2, prowadnice HighSpeed<br \/>\nTrawers do przytrzymywania cyklicznych g\u0142owic perforuj\u0105cych lub klej\u0105cych przed podawaniem<br \/>\nPojedyncza, montowana z przodu zwrotnica wa\u0142u tn\u0105cego<br \/>\n4 klamry 780 cm<br \/>\nSegmentowane rolki sk\u0142adane o \u015brednicy 35 mm<br \/>\nPodw\u00f3jne wa\u0142y bobiniarki wleczonej Osie skr\u0119tne<\/p>\n","protected":false},"excerpt":{"rendered":"<p>2. przeno\u015bna teczka z czterema kieszeniami i regulacj\u0105 wysoko\u015bci Herzog &amp; Heymann H&amp;H M7.35-4 od 2002 r. Samokontrola z wy\u0142\u0105cznikiem awaryjnym St\u00f3\u0142 rolkowy z liniowym podawaniem jako FW 2, prowadnice HighSpeed Trawers do przytrzymywania cyklicznych g\u0142owic perforuj\u0105cych lub klej\u0105cych przed podawaniem Pojedyncza, montowana z przodu zwrotnica wa\u0142u tn\u0105cego 4 klamry 780 cm Segmentowane rolki sk\u0142adane [&hellip;]<\/p>\n","protected":false},"featured_media":115307,"template":"","meta":[],"product_brand":[],"product_cat":[3684,3816],"product_tag":[],"class_list":{"0":"post-115306","1":"product","2":"type-product","3":"status-publish","4":"has-post-thumbnail","6":"product_cat-maszyny-skladane","7":"product_cat-skladane-jednostki","8":"pa_hersteller-herzog-heymann","9":"pa_typ-m7-35-4","11":"first","12":"instock","13":"taxable","14":"shipping-taxable","15":"product-type-simple"},"jetpack_sharing_enabled":true,"_links":{"self":[{"href":"https:\/\/www.3p-gmbh.de\/pl\/wp-json\/wp\/v2\/product\/115306","targetHints":{"allow":["GET"]}}],"collection":[{"href":"https:\/\/www.3p-gmbh.de\/pl\/wp-json\/wp\/v2\/product"}],"about":[{"href":"https:\/\/www.3p-gmbh.de\/pl\/wp-json\/wp\/v2\/types\/product"}],"wp:featuredmedia":[{"embeddable":true,"href":"https:\/\/www.3p-gmbh.de\/pl\/wp-json\/wp\/v2\/media\/115307"}],"wp:attachment":[{"href":"https:\/\/www.3p-gmbh.de\/pl\/wp-json\/wp\/v2\/media?parent=115306"}],"wp:term":[{"taxonomy":"product_brand","embeddable":true,"href":"https:\/\/www.3p-gmbh.de\/pl\/wp-json\/wp\/v2\/product_brand?post=115306"},{"taxonomy":"product_cat","embeddable":true,"href":"https:\/\/www.3p-gmbh.de\/pl\/wp-json\/wp\/v2\/product_cat?post=115306"},{"taxonomy":"product_tag","embeddable":true,"href":"https:\/\/www.3p-gmbh.de\/pl\/wp-json\/wp\/v2\/product_tag?post=115306"}],"curies":[{"name":"wp","href":"https:\/\/api.w.org\/{rel}","templated":true}]}}