{"id":115291,"date":"2023-02-07T10:37:33","date_gmt":"2023-02-07T10:37:33","guid":{"rendered":"https:\/\/www.3p-gmbh.de\/produkt\/kasetowa-ladowarka-plyt-dainippon-screen-sal-8800-ii\/"},"modified":"2023-02-07T10:37:33","modified_gmt":"2023-02-07T10:37:33","slug":"kasetowa-ladowarka-plyt-dainippon-screen-sal-8800-ii","status":"publish","type":"product","link":"https:\/\/www.3p-gmbh.de\/pl\/produkt\/kasetowa-ladowarka-plyt-dainippon-screen-sal-8800-ii\/","title":{"rendered":"Kasetowa \u0142adowarka p\u0142yt Dainippon Screen SAL 8800 II"},"content":{"rendered":"<p><strong>Kasetowa \u0142adowarka p\u0142yt Dainippon Screen SAL 8800 II<\/strong><\/p>\n<p>od 2017 r.<\/p>\n","protected":false},"excerpt":{"rendered":"<p>Kasetowa \u0142adowarka p\u0142yt Dainippon Screen SAL 8800 II od 2017 r.<\/p>\n","protected":false},"featured_media":115295,"template":"","meta":[],"product_brand":[],"product_cat":[3651],"product_tag":[],"class_list":{"0":"post-115291","1":"product","2":"type-product","3":"status-publish","4":"has-post-thumbnail","6":"product_cat-systemy-komputer-plyta","7":"pa_hersteller-dainippon-screen","8":"pa_typ-sal-8800-ii","10":"first","11":"instock","12":"taxable","13":"shipping-taxable","14":"product-type-simple"},"jetpack_sharing_enabled":true,"_links":{"self":[{"href":"https:\/\/www.3p-gmbh.de\/pl\/wp-json\/wp\/v2\/product\/115291","targetHints":{"allow":["GET"]}}],"collection":[{"href":"https:\/\/www.3p-gmbh.de\/pl\/wp-json\/wp\/v2\/product"}],"about":[{"href":"https:\/\/www.3p-gmbh.de\/pl\/wp-json\/wp\/v2\/types\/product"}],"wp:featuredmedia":[{"embeddable":true,"href":"https:\/\/www.3p-gmbh.de\/pl\/wp-json\/wp\/v2\/media\/115295"}],"wp:attachment":[{"href":"https:\/\/www.3p-gmbh.de\/pl\/wp-json\/wp\/v2\/media?parent=115291"}],"wp:term":[{"taxonomy":"product_brand","embeddable":true,"href":"https:\/\/www.3p-gmbh.de\/pl\/wp-json\/wp\/v2\/product_brand?post=115291"},{"taxonomy":"product_cat","embeddable":true,"href":"https:\/\/www.3p-gmbh.de\/pl\/wp-json\/wp\/v2\/product_cat?post=115291"},{"taxonomy":"product_tag","embeddable":true,"href":"https:\/\/www.3p-gmbh.de\/pl\/wp-json\/wp\/v2\/product_tag?post=115291"}],"curies":[{"name":"wp","href":"https:\/\/api.w.org\/{rel}","templated":true}]}}