{"id":115288,"date":"2023-03-05T23:17:13","date_gmt":"2023-03-05T23:17:13","guid":{"rendered":"https:\/\/www.3p-gmbh.de\/produkt\/profesjonalna-drukarka-24-epson-stylus-pro-7900\/"},"modified":"2023-03-05T23:17:13","modified_gmt":"2023-03-05T23:17:13","slug":"profesjonalna-drukarka-24-epson-stylus-pro-7900","status":"publish","type":"product","link":"https:\/\/www.3p-gmbh.de\/pl\/produkt\/profesjonalna-drukarka-24-epson-stylus-pro-7900\/","title":{"rendered":"profesjonalna drukarka 24&#8243; &#8211; Epson Stylus Pro 7900"},"content":{"rendered":"<p><strong>profesjonalna drukarka 24&#8243; &#8211; Epson Stylus Pro 7900<\/strong><\/p>\n<p><em>Cechy produktu<\/em><br \/>\nNowy dziesi\u0119ciokolorowy system atrament\u00f3w zapewnia szersz\u0105 gam\u0119 kolor\u00f3w dla optymalnej wydajno\u015bci<br \/>\nG\u0142owica drukuj\u0105ca Epson MicroPiezoTM TFP oferuje lepsz\u0105 wydajno\u015b\u0107 i wi\u0119ksz\u0105 trwa\u0142o\u015b\u0107<br \/>\nSystem atrament\u00f3w obejmuje teraz pomara\u0144czowy i zielony jako nowe kolory; umo\u017cliwia to szersze spektrum kolor\u00f3w i wy\u017csz\u0105 wierno\u015b\u0107 kolor\u00f3w na specjalnych materia\u0142ach drukarskich<\/p>\n<p><em>Do\u015bwiadczenie wierno\u015bci i sp\u00f3jno\u015bci kolor\u00f3w na du\u017c\u0105 skal\u0119<\/em><br \/>\nWysoka pr\u0119dko\u015b\u0107, prosta obs\u0142uga, a nawet automatyczna konserwacja.<br \/>\nNie ma \u017cadnych ogranicze\u0144 produktywno\u015bci, wi\u0119c mo\u017cesz skoncentrowa\u0107 si\u0119 na swojej kreatywno\u015bci.<\/p>\n<p><em>Dok\u0142adno\u015b\u0107 i powtarzalno\u015b\u0107<\/em><br \/>\nSp\u00f3jne, precyzyjne i d\u0142ugotrwa\u0142e rezultaty w kolorze i czerni i bieli. Czarny tusz matowy i czarny tusz fotograficzny mog\u0105 by\u0107 u\u017cywane jednocze\u015bnie. Drukarka automatycznie prze\u0142\u0105cza si\u0119 mi\u0119dzy dwoma odcieniami czerni, aby uzyska\u0107 optymalne rezultaty na ka\u017cdym materiale. Wydruki s\u0105 suche i trwa\u0142e w ci\u0105gu kilku minut, a ich odporno\u015b\u0107 na \u015bwiat\u0142o wynosi do 200 lat.<\/p>\n<p><em>Rozszerzona skala kolor\u00f3w<\/em><br \/>\nNowe zielone i pomara\u0144czowe atramenty poprawiaj\u0105 odwzorowanie kolor\u00f3w, a odcienie sk\u00f3ry wydaj\u0105 si\u0119 znacznie mniej ziarniste. Trzy czarne tusze pomagaj\u0105 zmniejszy\u0107 niesp\u00f3jno\u015b\u0107 kolor\u00f3w. Wydruki wygl\u0105daj\u0105 idealnie w ka\u017cdych warunkach o\u015bwietleniowych.<\/p>\n<p><em>Automatyczny system kontroli dysz atramentu<\/em><br \/>\nDysze atramentu s\u0105 automatycznie sprawdzane i w razie potrzeby czyszczone. Ca\u0142y proces czyszczenia trwa zaledwie 15 sekund i mo\u017ce by\u0107 przeprowadzony pomi\u0119dzy dwoma nienadzorowanymi zadaniami drukowania ze wzgl\u0119d\u00f3w bezpiecze\u0144stwa.<\/p>\n","protected":false},"excerpt":{"rendered":"<p>profesjonalna drukarka 24&#8243; &#8211; Epson Stylus Pro 7900 Cechy produktu Nowy dziesi\u0119ciokolorowy system atrament\u00f3w zapewnia szersz\u0105 gam\u0119 kolor\u00f3w dla optymalnej wydajno\u015bci G\u0142owica drukuj\u0105ca Epson MicroPiezoTM TFP oferuje lepsz\u0105 wydajno\u015b\u0107 i wi\u0119ksz\u0105 trwa\u0142o\u015b\u0107 System atrament\u00f3w obejmuje teraz pomara\u0144czowy i zielony jako nowe kolory; umo\u017cliwia to szersze spektrum kolor\u00f3w i wy\u017csz\u0105 wierno\u015b\u0107 kolor\u00f3w na specjalnych materia\u0142ach drukarskich [&hellip;]<\/p>\n","protected":false},"featured_media":115292,"template":"","meta":[],"product_brand":[],"product_cat":[3652],"product_tag":[],"class_list":{"0":"post-115288","1":"product","2":"type-product","3":"status-publish","4":"has-post-thumbnail","6":"product_cat-cyfrowy-druck","7":"pa_hersteller-epson","8":"pa_typ-stylus-pro-7900","10":"first","11":"instock","12":"taxable","13":"shipping-taxable","14":"product-type-simple"},"jetpack_sharing_enabled":true,"_links":{"self":[{"href":"https:\/\/www.3p-gmbh.de\/pl\/wp-json\/wp\/v2\/product\/115288","targetHints":{"allow":["GET"]}}],"collection":[{"href":"https:\/\/www.3p-gmbh.de\/pl\/wp-json\/wp\/v2\/product"}],"about":[{"href":"https:\/\/www.3p-gmbh.de\/pl\/wp-json\/wp\/v2\/types\/product"}],"wp:featuredmedia":[{"embeddable":true,"href":"https:\/\/www.3p-gmbh.de\/pl\/wp-json\/wp\/v2\/media\/115292"}],"wp:attachment":[{"href":"https:\/\/www.3p-gmbh.de\/pl\/wp-json\/wp\/v2\/media?parent=115288"}],"wp:term":[{"taxonomy":"product_brand","embeddable":true,"href":"https:\/\/www.3p-gmbh.de\/pl\/wp-json\/wp\/v2\/product_brand?post=115288"},{"taxonomy":"product_cat","embeddable":true,"href":"https:\/\/www.3p-gmbh.de\/pl\/wp-json\/wp\/v2\/product_cat?post=115288"},{"taxonomy":"product_tag","embeddable":true,"href":"https:\/\/www.3p-gmbh.de\/pl\/wp-json\/wp\/v2\/product_tag?post=115288"}],"curies":[{"name":"wp","href":"https:\/\/api.w.org\/{rel}","templated":true}]}}