{"id":115276,"date":"2023-01-31T22:47:46","date_gmt":"2023-01-31T22:47:46","guid":{"rendered":"https:\/\/www.3p-gmbh.de\/produkt\/cicha-sprezarka-jun-air-4-25-smarowana-olejem-silnikowym-z-reduktorem-cisnienia-junair\/"},"modified":"2023-01-31T22:47:46","modified_gmt":"2023-01-31T22:47:46","slug":"cicha-sprezarka-jun-air-4-25-smarowana-olejem-silnikowym-z-reduktorem-cisnienia-junair","status":"publish","type":"product","link":"https:\/\/www.3p-gmbh.de\/pl\/produkt\/cicha-sprezarka-jun-air-4-25-smarowana-olejem-silnikowym-z-reduktorem-cisnienia-junair\/","title":{"rendered":"Cicha spr\u0119\u017carka JUN-AIR 4-25 smarowana olejem silnikowym z reduktorem ci\u015bnienia JUNAIR"},"content":{"rendered":"<p><strong>Cicha spr\u0119\u017carka JUN-AIR 4-25 smarowana olejem silnikowym z reduktorem ci\u015bnienia JUNAIR&#8221;<\/strong><br \/>\n<strong>od 2007 r.<\/strong><\/p>\n<p>Smarowane olejem spr\u0119\u017carki JUN-AIR s\u0105 zawsze optymalnym rozwi\u0105zaniem,<br \/>\ngdy wymagane jest bezg\u0142o\u015bne zasilanie spr\u0119\u017conym powietrzem.<br \/>\nPrzy 45 dB(A), g\u0142o\u015bno\u015b\u0107 jest znacznie poni\u017cej poziomu d\u017awi\u0119ku normalnej rozmowy.<br \/>\nCicha, bezwibracyjna praca i kompaktowa konstrukcja umo\u017cliwiaj\u0105 instalacj\u0119 bezpo\u015brednio w miejscu pracy.<\/p>\n<p>Dane techniczne:<br \/>\nmaks. Ci\u015bnienie 18 bar<br \/>\nWydajno\u015b\u0107 ssania 50 l\/min<br \/>\nEfektywna wydajno\u015b\u0107: 32 l\/min przy 8 barach<br \/>\nG\u0142o\u015bno\u015b\u0107 45 dB(A)<br \/>\nCykl pracy \/ przerwa 15 min. \/ 15 min.<br \/>\nLiczba spr\u0119\u017carek 1<br \/>\nCylinder na spr\u0119\u017cark\u0119 1<br \/>\nPojemno\u015b\u0107 zbiornika ci\u015bnieniowego 25 l<br \/>\nDopuszczalna temperatura otoczenia +1\u00b0C do +40\u00b0C<br \/>\nNapi\u0119cie zasilania 230 V, 50 Hz<br \/>\nMoc silnika 0,34 kW<br \/>\nPob\u00f3r mocy 2,9 A<br \/>\nZintegrowana ochrona termiczna<br \/>\nWaga 29 kg<br \/>\nWymiary (d\u0142. x szer. x wys.) 378 x 378 x 555<\/p>\n","protected":false},"excerpt":{"rendered":"<p>Cicha spr\u0119\u017carka JUN-AIR 4-25 smarowana olejem silnikowym z reduktorem ci\u015bnienia JUNAIR&#8221; od 2007 r. Smarowane olejem spr\u0119\u017carki JUN-AIR s\u0105 zawsze optymalnym rozwi\u0105zaniem, gdy wymagane jest bezg\u0142o\u015bne zasilanie spr\u0119\u017conym powietrzem. Przy 45 dB(A), g\u0142o\u015bno\u015b\u0107 jest znacznie poni\u017cej poziomu d\u017awi\u0119ku normalnej rozmowy. Cicha, bezwibracyjna praca i kompaktowa konstrukcja umo\u017cliwiaj\u0105 instalacj\u0119 bezpo\u015brednio w miejscu pracy. Dane techniczne: maks. [&hellip;]<\/p>\n","protected":false},"featured_media":115298,"template":"","meta":[],"product_brand":[],"product_cat":[3689],"product_tag":[],"class_list":{"0":"post-115276","1":"product","2":"type-product","3":"status-publish","4":"has-post-thumbnail","6":"product_cat-sprezarki-i-pompy-prozniowe","7":"pa_hersteller-jun-air","8":"pa_typ-4-25","10":"first","11":"instock","12":"taxable","13":"shipping-taxable","14":"product-type-simple"},"jetpack_sharing_enabled":true,"_links":{"self":[{"href":"https:\/\/www.3p-gmbh.de\/pl\/wp-json\/wp\/v2\/product\/115276","targetHints":{"allow":["GET"]}}],"collection":[{"href":"https:\/\/www.3p-gmbh.de\/pl\/wp-json\/wp\/v2\/product"}],"about":[{"href":"https:\/\/www.3p-gmbh.de\/pl\/wp-json\/wp\/v2\/types\/product"}],"wp:featuredmedia":[{"embeddable":true,"href":"https:\/\/www.3p-gmbh.de\/pl\/wp-json\/wp\/v2\/media\/115298"}],"wp:attachment":[{"href":"https:\/\/www.3p-gmbh.de\/pl\/wp-json\/wp\/v2\/media?parent=115276"}],"wp:term":[{"taxonomy":"product_brand","embeddable":true,"href":"https:\/\/www.3p-gmbh.de\/pl\/wp-json\/wp\/v2\/product_brand?post=115276"},{"taxonomy":"product_cat","embeddable":true,"href":"https:\/\/www.3p-gmbh.de\/pl\/wp-json\/wp\/v2\/product_cat?post=115276"},{"taxonomy":"product_tag","embeddable":true,"href":"https:\/\/www.3p-gmbh.de\/pl\/wp-json\/wp\/v2\/product_tag?post=115276"}],"curies":[{"name":"wp","href":"https:\/\/api.w.org\/{rel}","templated":true}]}}