{"id":115235,"date":"2023-01-31T22:51:03","date_gmt":"2023-01-31T22:51:03","guid":{"rendered":"https:\/\/www.3p-gmbh.de\/produkt\/reczna-zamykarka-renz-wbs-340-do-oprawy-grzebieniowej-drutem\/"},"modified":"2023-01-31T22:51:03","modified_gmt":"2023-01-31T22:51:03","slug":"reczna-zamykarka-renz-wbs-340-do-oprawy-grzebieniowej-drutem","status":"publish","type":"product","link":"https:\/\/www.3p-gmbh.de\/pl\/produkt\/reczna-zamykarka-renz-wbs-340-do-oprawy-grzebieniowej-drutem\/","title":{"rendered":"R\u0119czna zamykarka Renz WBS 340 do oprawy grzebieniowej drutem"},"content":{"rendered":"<p><strong>R\u0119czna zamykarka Renz WBS do oprawy grzebieniowej drutem<\/strong><\/p>\n<p>Renz WBS 340 z uchwytem na modu\u0142 mo\u017cna pod\u0142\u0105czy\u0107 do DTP 340 M<br \/>\nw wydajny i zajmuj\u0105cy niewiele miejsca system dziurkowania i bindowania.<\/p>\n<p>Cechy wydajno\u015bci<\/p>\n<p>z uchwytem modu\u0142u jako pojedynczym urz\u0105dzeniem wi\u0105\u017c\u0105cym<br \/>\nMo\u017ce by\u0107 u\u017cywany do zamykania wszystkich \u015brednic przewod\u00f3w od \u00f8 3\/16&#8243; do 1 1\/2&#8243; (5,5 &#8211; 38 mm) niezale\u017cnie od skoku.<br \/>\nNadaje si\u0119 r\u00f3wnie\u017c do zamk\u00f3w podw\u00f3jnych (2 x 360 mm) dzi\u0119ki otwartej konstrukcji.<\/p>\n<p>Proste mocowanie do wykrawarki sto\u0142owej DTP 340 M<br \/>\nJako\u015b\u0107 &#8222;Made in Germany&#8221;<\/p>\n","protected":false},"excerpt":{"rendered":"<p>R\u0119czna zamykarka Renz WBS do oprawy grzebieniowej drutem Renz WBS 340 z uchwytem na modu\u0142 mo\u017cna pod\u0142\u0105czy\u0107 do DTP 340 M w wydajny i zajmuj\u0105cy niewiele miejsca system dziurkowania i bindowania. Cechy wydajno\u015bci z uchwytem modu\u0142u jako pojedynczym urz\u0105dzeniem wi\u0105\u017c\u0105cym Mo\u017ce by\u0107 u\u017cywany do zamykania wszystkich \u015brednic przewod\u00f3w od \u00f8 3\/16&#8243; do 1 1\/2&#8243; (5,5 [&hellip;]<\/p>\n","protected":false},"featured_media":115251,"template":"","meta":[],"product_brand":[],"product_cat":[3665],"product_tag":[],"class_list":{"0":"post-115235","1":"product","2":"type-product","3":"status-publish","4":"has-post-thumbnail","6":"product_cat-maszyny-wiazace-drutem","7":"pa_hersteller-renz","8":"pa_typ-wbs-340","10":"first","11":"instock","12":"taxable","13":"shipping-taxable","14":"product-type-simple"},"jetpack_sharing_enabled":true,"_links":{"self":[{"href":"https:\/\/www.3p-gmbh.de\/pl\/wp-json\/wp\/v2\/product\/115235","targetHints":{"allow":["GET"]}}],"collection":[{"href":"https:\/\/www.3p-gmbh.de\/pl\/wp-json\/wp\/v2\/product"}],"about":[{"href":"https:\/\/www.3p-gmbh.de\/pl\/wp-json\/wp\/v2\/types\/product"}],"wp:featuredmedia":[{"embeddable":true,"href":"https:\/\/www.3p-gmbh.de\/pl\/wp-json\/wp\/v2\/media\/115251"}],"wp:attachment":[{"href":"https:\/\/www.3p-gmbh.de\/pl\/wp-json\/wp\/v2\/media?parent=115235"}],"wp:term":[{"taxonomy":"product_brand","embeddable":true,"href":"https:\/\/www.3p-gmbh.de\/pl\/wp-json\/wp\/v2\/product_brand?post=115235"},{"taxonomy":"product_cat","embeddable":true,"href":"https:\/\/www.3p-gmbh.de\/pl\/wp-json\/wp\/v2\/product_cat?post=115235"},{"taxonomy":"product_tag","embeddable":true,"href":"https:\/\/www.3p-gmbh.de\/pl\/wp-json\/wp\/v2\/product_tag?post=115235"}],"curies":[{"name":"wp","href":"https:\/\/api.w.org\/{rel}","templated":true}]}}