{"id":115230,"date":"2023-03-05T23:48:26","date_gmt":"2023-03-05T23:48:26","guid":{"rendered":"https:\/\/www.3p-gmbh.de\/produkt\/kompaktowa-zgrzewarka-katowa-z-tunelem-obkurczajacym-kallfass-kc-8060-650-universal\/"},"modified":"2023-03-05T23:48:26","modified_gmt":"2023-03-05T23:48:26","slug":"kompaktowa-zgrzewarka-katowa-z-tunelem-obkurczajacym-kallfass-kc-8060-650-universal","status":"publish","type":"product","link":"https:\/\/www.3p-gmbh.de\/pl\/produkt\/kompaktowa-zgrzewarka-katowa-z-tunelem-obkurczajacym-kallfass-kc-8060-650-universal\/","title":{"rendered":"Kompaktowa zgrzewarka k\u0105towa z tunelem obkurczaj\u0105cym Kallfass KC 8060-650 Universal"},"content":{"rendered":"<p><strong>Kompaktowa zgrzewarka k\u0105towa z tunelem obkurczaj\u0105cym Kallfass KC 8060-650 Universal<\/strong><br \/>\n<strong>stan jak nowy<\/strong><\/p>\n<p>Zaprojektowany do wymagaj\u0105cych zastosowa\u0144 przemys\u0142owych z po\u0142\u0105czonym tunelem obkurczaj\u0105cym o wysokiej wydajno\u015bci.<br \/>\nW\u0142a\u015bciwo\u015bci tej serii s\u0105 szczeg\u00f3lnie widoczne w przypadku trudnych zastosowa\u0144 ci\u0105g\u0142ych: pakowanych towar\u00f3w, takich jak produkty drukowane,<br \/>\nProdukty szklane w opakowaniach mog\u0105 by\u0107 pakowane szybko, ekonomicznie i z zachowaniem wysokiej jako\u015bci.<br \/>\nSprawdzona technologia spawania impulsowego z teflonowanym pr\u0119tem spawalniczym zapewnia efektywn\u0105 i ca\u0142kowicie bezzapachow\u0105 prac\u0119.<\/p>\n<p>Rodzaj opakowania: r\u0119czne owijanie foli\u0105<br \/>\nWydajno\u015b\u0107 pakowania: do 20 cykli\/min.<br \/>\nZakres formatu: Wymiary ramy spawalniczej 500 x 400 mm<br \/>\nSzeroko\u015b\u0107 obszaru roboczego 450 mm<br \/>\nWysoko\u015b\u0107 zakresu roboczego 100-400 mm<br \/>\nWysoko\u015b\u0107 robocza 870-970 mm<\/p>\n<p><em><strong>Sprz\u0119t<\/strong><\/em><br \/>\nTransport za pomoc\u0105 silikonowego \u0142a\u0144cucha<br \/>\nMaszyna na k\u00f3\u0142kach<br \/>\nBlat powietrzny do automatycznego otwierania folii<br \/>\nP\u0142ug ch\u0142odz\u0105cy w wylocie<\/p>\n","protected":false},"excerpt":{"rendered":"<p>Kompaktowa zgrzewarka k\u0105towa z tunelem obkurczaj\u0105cym Kallfass KC 8060-650 Universal stan jak nowy Zaprojektowany do wymagaj\u0105cych zastosowa\u0144 przemys\u0142owych z po\u0142\u0105czonym tunelem obkurczaj\u0105cym o wysokiej wydajno\u015bci. W\u0142a\u015bciwo\u015bci tej serii s\u0105 szczeg\u00f3lnie widoczne w przypadku trudnych zastosowa\u0144 ci\u0105g\u0142ych: pakowanych towar\u00f3w, takich jak produkty drukowane, Produkty szklane w opakowaniach mog\u0105 by\u0107 pakowane szybko, ekonomicznie i z zachowaniem wysokiej [&hellip;]<\/p>\n","protected":false},"featured_media":115246,"template":"","meta":[],"product_brand":[],"product_cat":[3866],"product_tag":[],"class_list":{"0":"post-115230","1":"product","2":"type-product","3":"status-publish","4":"has-post-thumbnail","6":"product_cat-opakowania-foliowe-i-pakowarki-szczelne","7":"pa_hersteller-kallfass","8":"pa_typ-kc-8060-650","10":"first","11":"instock","12":"taxable","13":"shipping-taxable","14":"product-type-simple"},"jetpack_sharing_enabled":true,"_links":{"self":[{"href":"https:\/\/www.3p-gmbh.de\/pl\/wp-json\/wp\/v2\/product\/115230","targetHints":{"allow":["GET"]}}],"collection":[{"href":"https:\/\/www.3p-gmbh.de\/pl\/wp-json\/wp\/v2\/product"}],"about":[{"href":"https:\/\/www.3p-gmbh.de\/pl\/wp-json\/wp\/v2\/types\/product"}],"wp:featuredmedia":[{"embeddable":true,"href":"https:\/\/www.3p-gmbh.de\/pl\/wp-json\/wp\/v2\/media\/115246"}],"wp:attachment":[{"href":"https:\/\/www.3p-gmbh.de\/pl\/wp-json\/wp\/v2\/media?parent=115230"}],"wp:term":[{"taxonomy":"product_brand","embeddable":true,"href":"https:\/\/www.3p-gmbh.de\/pl\/wp-json\/wp\/v2\/product_brand?post=115230"},{"taxonomy":"product_cat","embeddable":true,"href":"https:\/\/www.3p-gmbh.de\/pl\/wp-json\/wp\/v2\/product_cat?post=115230"},{"taxonomy":"product_tag","embeddable":true,"href":"https:\/\/www.3p-gmbh.de\/pl\/wp-json\/wp\/v2\/product_tag?post=115230"}],"curies":[{"name":"wp","href":"https:\/\/api.w.org\/{rel}","templated":true}]}}