{"id":115191,"date":"2023-03-05T23:10:18","date_gmt":"2023-03-05T23:10:18","guid":{"rendered":"https:\/\/www.3p-gmbh.de\/produkt\/przecinarka-wysokoobrotowa-wohlenberg-wp-92-spm\/"},"modified":"2023-03-05T23:10:18","modified_gmt":"2023-03-05T23:10:18","slug":"przecinarka-wysokoobrotowa-wohlenberg-wp-92-spm","status":"publish","type":"product","link":"https:\/\/www.3p-gmbh.de\/pl\/produkt\/przecinarka-wysokoobrotowa-wohlenberg-wp-92-spm\/","title":{"rendered":"Przecinarka wysokoobrotowa Wohlenberg WP 92 SPM"},"content":{"rendered":"<p><strong>Przecinarka wysokoobrotowa Wohlenberg WP 92 SPM  <\/strong><br \/>\n<strong>SN 3486-009<\/strong><br \/>\n<strong>Maszyna rz\u0105dowa od Bj. 1991<\/strong><\/p>\n<p>Szeroko\u015b\u0107 ci\u0119cia 92 cm<br \/>\nWysoko\u015b\u0107 wk\u0142adki 110 mm<br \/>\nSzybko\u015b\u0107 ci\u0119cia 42\/min<br \/>\nProgram automatyczny SPM<br \/>\nBariery \u015bwietlne<br \/>\nSt\u00f3\u0142 powietrzny<br \/>\n3 no\u017ce (1x ze szwedzkiej stali i 2x HSS)<\/p>\n","protected":false},"excerpt":{"rendered":"<p>Przecinarka wysokoobrotowa Wohlenberg WP 92 SPM SN 3486-009 Maszyna rz\u0105dowa od Bj. 1991 Szeroko\u015b\u0107 ci\u0119cia 92 cm Wysoko\u015b\u0107 wk\u0142adki 110 mm Szybko\u015b\u0107 ci\u0119cia 42\/min Program automatyczny SPM Bariery \u015bwietlne St\u00f3\u0142 powietrzny 3 no\u017ce (1x ze szwedzkiej stali i 2x HSS)<\/p>\n","protected":false},"featured_media":115194,"template":"","meta":[],"product_brand":[],"product_cat":[3723],"product_tag":[],"class_list":{"0":"post-115191","1":"product","2":"type-product","3":"status-publish","4":"has-post-thumbnail","6":"product_cat-maszyny-do-ciecia","7":"pa_hersteller-wohlenberg","8":"pa_typ-wp-92-spm","10":"first","11":"instock","12":"taxable","13":"shipping-taxable","14":"product-type-simple"},"jetpack_sharing_enabled":true,"_links":{"self":[{"href":"https:\/\/www.3p-gmbh.de\/pl\/wp-json\/wp\/v2\/product\/115191","targetHints":{"allow":["GET"]}}],"collection":[{"href":"https:\/\/www.3p-gmbh.de\/pl\/wp-json\/wp\/v2\/product"}],"about":[{"href":"https:\/\/www.3p-gmbh.de\/pl\/wp-json\/wp\/v2\/types\/product"}],"wp:featuredmedia":[{"embeddable":true,"href":"https:\/\/www.3p-gmbh.de\/pl\/wp-json\/wp\/v2\/media\/115194"}],"wp:attachment":[{"href":"https:\/\/www.3p-gmbh.de\/pl\/wp-json\/wp\/v2\/media?parent=115191"}],"wp:term":[{"taxonomy":"product_brand","embeddable":true,"href":"https:\/\/www.3p-gmbh.de\/pl\/wp-json\/wp\/v2\/product_brand?post=115191"},{"taxonomy":"product_cat","embeddable":true,"href":"https:\/\/www.3p-gmbh.de\/pl\/wp-json\/wp\/v2\/product_cat?post=115191"},{"taxonomy":"product_tag","embeddable":true,"href":"https:\/\/www.3p-gmbh.de\/pl\/wp-json\/wp\/v2\/product_tag?post=115191"}],"curies":[{"name":"wp","href":"https:\/\/api.w.org\/{rel}","templated":true}]}}