{"id":115127,"date":"2023-03-10T00:20:36","date_gmt":"2023-03-10T00:20:36","guid":{"rendered":"https:\/\/www.3p-gmbh.de\/produkt\/mobilny-automatyczny-podajnik-cierny-bograma-fr-550-servo-c\/"},"modified":"2023-03-10T00:20:36","modified_gmt":"2023-03-10T00:20:36","slug":"mobilny-automatyczny-podajnik-cierny-bograma-fr-550-servo-c","status":"publish","type":"product","link":"https:\/\/www.3p-gmbh.de\/pl\/produkt\/mobilny-automatyczny-podajnik-cierny-bograma-fr-550-servo-c\/","title":{"rendered":"Mobilny automatyczny podajnik cierny Bograma FR 550 Servo C"},"content":{"rendered":"<p><strong>Mobilny automatyczny podajnik cierny Bograma FR 550 Servo C<\/strong><br \/>\n<strong>od Bj. 2009<\/strong><\/p>\n<p>do tworzenia broszur i pojedynczych arkuszy do pracy w trybie offline:<br \/>\nPojedyncze modu\u0142y Bograma, systemy ci\u0119cia Bograma, urz\u0105dzenia innych producent\u00f3w itp.<\/p>\n<p>Dane techniczne<br \/>\nFormat min. 148 x 75 mm z 2 ta\u015bmami pr\u00f3\u017cniowymi<br \/>\nFormat min. 75 x 75 mm z 1 ta\u015bm\u0105 pr\u00f3\u017cniow\u0105<br \/>\nFormat maks. 550 x 320 mm<br \/>\nGrubo\u015b\u0107 produktu maks. 5 mm<br \/>\nGrubo\u015b\u0107 produktu min. Papier 120 g\/m2<br \/>\nSt\u00f3\u0142 do sztaplowania z przesuwanymi ogranicznikami bocznymi<br \/>\nWentylacja stosu powietrzem podmuchowym<br \/>\nMoc maks. zgodnie z tabel\u0105 wydajno\u015bci<br \/>\nWysoko\u015b\u0107 wylewki regulowana za pomoc\u0105 wrzeciona, 710 &#8211; 1050 mm<br \/>\nWymagana przestrze\u0144 L 700 mm x W 1600 mm<br \/>\nWaga ok. 300 kg<br \/>\nMobilny z k\u00f3\u0142kami<br \/>\nPrzed\u0142u\u017cenie wylotu 250 mm<br \/>\nKolor: BOGRAMA standardowy niebieski RAL 5023<br \/>\nDokumentacja: j\u0119zyk niemiecki<br \/>\nJ\u0119zyk wy\u015bwietlacza: niemiecki<br \/>\nSprz\u0119t elektryczny<br \/>\nPod\u0142\u0105czenie 230V \/ N \/ PE 50\/60 Hz \/ 16A (standard)<br \/>\nHedging 16<\/p>\n<p>Napi\u0119cie sterowania 24 VDC<br \/>\nSterowanie zegarem za pomoc\u0105 fotokom\u00f3rki<br \/>\nNap\u0119dy o mocy 1,5 kW<br \/>\nCa\u0142kowita moc wyj\u015bciowa 2,0 kW<br \/>\nSerwonap\u0119dy<br \/>\nSprz\u0119t elektryczny Sterowanie PLC (marka Mitsubishi)<br \/>\nPod\u0142\u0105czenie obwodu zatrzymania tak (standard)<br \/>\nSpr\u0119\u017cone powietrze 6 bar, po stronie klienta<\/p>\n<p>Uwaga:<br \/>\nDo sterowanych nap\u0119d\u00f3w silnikowych wyposa\u017conych w przetwornic\u0119 cz\u0119stotliwo\u015bci lub serwosterownik<br \/>\ns\u0105 wyposa\u017cone w filtr, wy\u0142\u0105czniki r\u00f3\u017cnicowopr\u0105dowe mog\u0105 by\u0107 stosowane tylko w ograniczonym zakresie ze wzgl\u0119du na pr\u0105dy up\u0142ywowe filtr\u00f3w.<\/p>\n","protected":false},"excerpt":{"rendered":"<p>Mobilny automatyczny podajnik cierny Bograma FR 550 Servo C od Bj. 2009 do tworzenia broszur i pojedynczych arkuszy do pracy w trybie offline: Pojedyncze modu\u0142y Bograma, systemy ci\u0119cia Bograma, urz\u0105dzenia innych producent\u00f3w itp. Dane techniczne Format min. 148 x 75 mm z 2 ta\u015bmami pr\u00f3\u017cniowymi Format min. 75 x 75 mm z 1 ta\u015bm\u0105 pr\u00f3\u017cniow\u0105 [&hellip;]<\/p>\n","protected":false},"featured_media":115140,"template":"","meta":[],"product_brand":[],"product_cat":[3649],"product_tag":[],"class_list":{"0":"post-115127","1":"product","2":"type-product","3":"status-publish","4":"has-post-thumbnail","6":"product_cat-systemy-produkcji-broszur","7":"pa_hersteller-bograma","8":"pa_typ-fr-550-servo-c","10":"first","11":"instock","12":"taxable","13":"shipping-taxable","14":"product-type-simple"},"jetpack_sharing_enabled":true,"_links":{"self":[{"href":"https:\/\/www.3p-gmbh.de\/pl\/wp-json\/wp\/v2\/product\/115127","targetHints":{"allow":["GET"]}}],"collection":[{"href":"https:\/\/www.3p-gmbh.de\/pl\/wp-json\/wp\/v2\/product"}],"about":[{"href":"https:\/\/www.3p-gmbh.de\/pl\/wp-json\/wp\/v2\/types\/product"}],"wp:featuredmedia":[{"embeddable":true,"href":"https:\/\/www.3p-gmbh.de\/pl\/wp-json\/wp\/v2\/media\/115140"}],"wp:attachment":[{"href":"https:\/\/www.3p-gmbh.de\/pl\/wp-json\/wp\/v2\/media?parent=115127"}],"wp:term":[{"taxonomy":"product_brand","embeddable":true,"href":"https:\/\/www.3p-gmbh.de\/pl\/wp-json\/wp\/v2\/product_brand?post=115127"},{"taxonomy":"product_cat","embeddable":true,"href":"https:\/\/www.3p-gmbh.de\/pl\/wp-json\/wp\/v2\/product_cat?post=115127"},{"taxonomy":"product_tag","embeddable":true,"href":"https:\/\/www.3p-gmbh.de\/pl\/wp-json\/wp\/v2\/product_tag?post=115127"}],"curies":[{"name":"wp","href":"https:\/\/api.w.org\/{rel}","templated":true}]}}