{"id":115125,"date":"2023-03-19T23:27:21","date_gmt":"2023-03-19T23:27:21","guid":{"rendered":"https:\/\/www.3p-gmbh.de\/produkt\/duzy-zapas-czesci-zamiennych-do-maszyn-drukarskich-heidelberg-xl-106-i-cd-102\/"},"modified":"2023-03-19T23:27:21","modified_gmt":"2023-03-19T23:27:21","slug":"duzy-zapas-czesci-zamiennych-do-maszyn-drukarskich-heidelberg-xl-106-i-cd-102","status":"publish","type":"product","link":"https:\/\/www.3p-gmbh.de\/pl\/produkt\/duzy-zapas-czesci-zamiennych-do-maszyn-drukarskich-heidelberg-xl-106-i-cd-102\/","title":{"rendered":"Du\u017cy zapas cz\u0119\u015bci zamiennych do maszyn drukarskich Heidelberg XL 106 i CD 102"},"content":{"rendered":"<p><strong>Du\u017cy zapas cz\u0119\u015bci zamiennych do maszyn drukarskich Heidelberg XL 106 i CD 102<\/strong><\/p>\n","protected":false},"excerpt":{"rendered":"<p>Du\u017cy zapas cz\u0119\u015bci zamiennych do maszyn drukarskich Heidelberg XL 106 i CD 102<\/p>\n","protected":false},"featured_media":115137,"template":"","meta":[],"product_brand":[],"product_cat":[3666],"product_tag":[],"class_list":{"0":"post-115125","1":"product","2":"type-product","3":"status-publish","4":"has-post-thumbnail","6":"product_cat-akcesoria-i-czesci-zamienne-do-maszyn-drukarskich","7":"pa_hersteller-heidelberg","9":"first","10":"instock","11":"taxable","12":"shipping-taxable","13":"product-type-simple"},"jetpack_sharing_enabled":true,"_links":{"self":[{"href":"https:\/\/www.3p-gmbh.de\/pl\/wp-json\/wp\/v2\/product\/115125","targetHints":{"allow":["GET"]}}],"collection":[{"href":"https:\/\/www.3p-gmbh.de\/pl\/wp-json\/wp\/v2\/product"}],"about":[{"href":"https:\/\/www.3p-gmbh.de\/pl\/wp-json\/wp\/v2\/types\/product"}],"wp:featuredmedia":[{"embeddable":true,"href":"https:\/\/www.3p-gmbh.de\/pl\/wp-json\/wp\/v2\/media\/115137"}],"wp:attachment":[{"href":"https:\/\/www.3p-gmbh.de\/pl\/wp-json\/wp\/v2\/media?parent=115125"}],"wp:term":[{"taxonomy":"product_brand","embeddable":true,"href":"https:\/\/www.3p-gmbh.de\/pl\/wp-json\/wp\/v2\/product_brand?post=115125"},{"taxonomy":"product_cat","embeddable":true,"href":"https:\/\/www.3p-gmbh.de\/pl\/wp-json\/wp\/v2\/product_cat?post=115125"},{"taxonomy":"product_tag","embeddable":true,"href":"https:\/\/www.3p-gmbh.de\/pl\/wp-json\/wp\/v2\/product_tag?post=115125"}],"curies":[{"name":"wp","href":"https:\/\/api.w.org\/{rel}","templated":true}]}}