{"id":115124,"date":"2023-03-09T23:34:26","date_gmt":"2023-03-09T23:34:26","guid":{"rendered":"https:\/\/www.3p-gmbh.de\/produkt\/hunkeler-hku-2000-n-kompaktowe-mobilne-urzadzenie-do-odciagu-obrzezy\/"},"modified":"2023-03-09T23:34:26","modified_gmt":"2023-03-09T23:34:26","slug":"hunkeler-hku-2000-n-kompaktowe-mobilne-urzadzenie-do-odciagu-obrzezy","status":"publish","type":"product","link":"https:\/\/www.3p-gmbh.de\/pl\/produkt\/hunkeler-hku-2000-n-kompaktowe-mobilne-urzadzenie-do-odciagu-obrzezy\/","title":{"rendered":"Hunkeler HKU-2000 N kompaktowe, mobilne urz\u0105dzenie do odci\u0105gu obrze\u017cy"},"content":{"rendered":"<div><strong>Kompaktowe, mobilne urz\u0105dzenie do odci\u0105gu obrze\u017cy<\/strong><\/div>\n<div><strong>Hunkeler HKU-2000 N<\/strong><\/div>\n<div><strong>od 2019 r.<\/strong><\/div>\n","protected":false},"excerpt":{"rendered":"<p>Kompaktowe, mobilne urz\u0105dzenie do odci\u0105gu obrze\u017cy Hunkeler HKU-2000 N od 2019 r.<\/p>\n","protected":false},"featured_media":115128,"template":"","meta":[],"product_brand":[],"product_cat":[3716],"product_tag":[],"class_list":{"0":"post-115124","1":"product","2":"type-product","3":"status-publish","4":"has-post-thumbnail","6":"product_cat-przesuniecie-sieciowe","7":"pa_hersteller-hunkeler","8":"pa_typ-hku-2000-n","10":"first","11":"instock","12":"taxable","13":"shipping-taxable","14":"product-type-simple"},"jetpack_sharing_enabled":true,"_links":{"self":[{"href":"https:\/\/www.3p-gmbh.de\/pl\/wp-json\/wp\/v2\/product\/115124","targetHints":{"allow":["GET"]}}],"collection":[{"href":"https:\/\/www.3p-gmbh.de\/pl\/wp-json\/wp\/v2\/product"}],"about":[{"href":"https:\/\/www.3p-gmbh.de\/pl\/wp-json\/wp\/v2\/types\/product"}],"wp:featuredmedia":[{"embeddable":true,"href":"https:\/\/www.3p-gmbh.de\/pl\/wp-json\/wp\/v2\/media\/115128"}],"wp:attachment":[{"href":"https:\/\/www.3p-gmbh.de\/pl\/wp-json\/wp\/v2\/media?parent=115124"}],"wp:term":[{"taxonomy":"product_brand","embeddable":true,"href":"https:\/\/www.3p-gmbh.de\/pl\/wp-json\/wp\/v2\/product_brand?post=115124"},{"taxonomy":"product_cat","embeddable":true,"href":"https:\/\/www.3p-gmbh.de\/pl\/wp-json\/wp\/v2\/product_cat?post=115124"},{"taxonomy":"product_tag","embeddable":true,"href":"https:\/\/www.3p-gmbh.de\/pl\/wp-json\/wp\/v2\/product_tag?post=115124"}],"curies":[{"name":"wp","href":"https:\/\/api.w.org\/{rel}","templated":true}]}}