{"id":115113,"date":"2023-03-19T23:30:38","date_gmt":"2023-03-19T23:30:38","guid":{"rendered":"https:\/\/www.3p-gmbh.de\/produkt\/palamides-delta-pozostaly-zapas-ok-264-rolek-papieru-do-banderolowania-ats-48mmx300m-brazowy\/"},"modified":"2023-03-19T23:30:38","modified_gmt":"2023-03-19T23:30:38","slug":"palamides-delta-pozostaly-zapas-ok-264-rolek-papieru-do-banderolowania-ats-48mmx300m-brazowy","status":"publish","type":"product","link":"https:\/\/www.3p-gmbh.de\/pl\/produkt\/palamides-delta-pozostaly-zapas-ok-264-rolek-papieru-do-banderolowania-ats-48mmx300m-brazowy\/","title":{"rendered":"Palamides delta &#8211; Pozosta\u0142y zapas ok. 264 rolek papieru do banderolowania ATS 48mmx300m br\u0105zowy"},"content":{"rendered":"<div><strong>Pozosta\u0142e zapasy<\/strong><\/div>\n<div>Oko\u0142o 264 rolek papieru ATS 48mmx300m br\u0105zowego dla Palamides delta<\/div>\n","protected":false},"excerpt":{"rendered":"<p>Pozosta\u0142e zapasy Oko\u0142o 264 rolek papieru ATS 48mmx300m br\u0105zowego dla Palamides delta<\/p>\n","protected":false},"featured_media":115118,"template":"","meta":[],"product_brand":[],"product_cat":[3685,3702],"product_tag":[],"class_list":{"0":"post-115113","1":"product","2":"type-product","3":"status-publish","4":"has-post-thumbnail","6":"product_cat-akcesoria-do-falcerek","7":"product_cat-zapasy-i-pozostale-zapasy","8":"pa_hersteller-palamides","10":"first","11":"instock","12":"taxable","13":"shipping-taxable","14":"product-type-simple"},"jetpack_sharing_enabled":true,"_links":{"self":[{"href":"https:\/\/www.3p-gmbh.de\/pl\/wp-json\/wp\/v2\/product\/115113","targetHints":{"allow":["GET"]}}],"collection":[{"href":"https:\/\/www.3p-gmbh.de\/pl\/wp-json\/wp\/v2\/product"}],"about":[{"href":"https:\/\/www.3p-gmbh.de\/pl\/wp-json\/wp\/v2\/types\/product"}],"wp:featuredmedia":[{"embeddable":true,"href":"https:\/\/www.3p-gmbh.de\/pl\/wp-json\/wp\/v2\/media\/115118"}],"wp:attachment":[{"href":"https:\/\/www.3p-gmbh.de\/pl\/wp-json\/wp\/v2\/media?parent=115113"}],"wp:term":[{"taxonomy":"product_brand","embeddable":true,"href":"https:\/\/www.3p-gmbh.de\/pl\/wp-json\/wp\/v2\/product_brand?post=115113"},{"taxonomy":"product_cat","embeddable":true,"href":"https:\/\/www.3p-gmbh.de\/pl\/wp-json\/wp\/v2\/product_cat?post=115113"},{"taxonomy":"product_tag","embeddable":true,"href":"https:\/\/www.3p-gmbh.de\/pl\/wp-json\/wp\/v2\/product_tag?post=115113"}],"curies":[{"name":"wp","href":"https:\/\/api.w.org\/{rel}","templated":true}]}}