{"id":115111,"date":"2023-03-19T19:37:22","date_gmt":"2023-03-19T19:37:22","guid":{"rendered":"https:\/\/www.3p-gmbh.de\/produkt\/niszczarka-dokumentow-ideal-2600-4-x-40-mm\/"},"modified":"2023-03-19T19:37:22","modified_gmt":"2023-03-19T19:37:22","slug":"niszczarka-dokumentow-ideal-2600-4-x-40-mm","status":"publish","type":"product","link":"https:\/\/www.3p-gmbh.de\/pl\/produkt\/niszczarka-dokumentow-ideal-2600-4-x-40-mm\/","title":{"rendered":"Niszczarka dokument\u00f3w IDEAL 2600 4 x 40 mm"},"content":{"rendered":"<p><strong>Niszczarka dokument\u00f3w IDEAL 2600 4 x 40 mm<\/strong><\/p>\n<p>Niszczy: spinacze biurowe, p\u0142yty CD\/DVD, zszywki, karty kredytowe, papier<\/p>\n<p>Rozmiar ci\u0119cia papieru: ci\u0119cie 4&#215;40 mm<br \/>\nRozmiar ci\u0119cia papieru (filtra): Ci\u0119cie cz\u0105stek<br \/>\nPoziom bezpiecze\u0144stwa DIN 66399 \/ papier: DIN P-4<br \/>\nPojemno\u015b\u0107 arkusza: 25 arkuszy<br \/>\nPojemno\u015b\u0107 arkusza (filtr): 20 arkuszy +<br \/>\nDzienne zapotrzebowanie: 1000 arkuszy<br \/>\nSzeroko\u015b\u0107 nape\u0142niania: 260 mm<br \/>\nSzeroko\u015b\u0107 wype\u0142nienia (filtr): A4+<br \/>\nPojemno\u015b\u0107 pojemnika zbiorczego: 100 litr\u00f3w<br \/>\nPojemno\u015b\u0107 pojemnika zbiorczego (filtr): 100 litr\u00f3w +<br \/>\nPr\u0119dko\u015b\u0107 ci\u0119cia: 4,8 m\/min<br \/>\nPoziom ha\u0142asu: 68 dB<br \/>\nSilnik: 640 W<br \/>\nCi\u0105g\u0142y czas pracy: 24 godziny<br \/>\nCi\u0105g\u0142y czas pracy (filtr): 24h ci\u0105g\u0142ej pracy<br \/>\nCzas ch\u0142odzenia silnika: nie dotyczy<br \/>\nNapi\u0119cie (V\/Hz): 230\/50 V\/Hz<br \/>\nWymiary (W*H*D*): 495*926*470*mm<br \/>\nWaga: 48 kg<\/p>\n","protected":false},"excerpt":{"rendered":"<p>Niszczarka dokument\u00f3w IDEAL 2600 4 x 40 mm Niszczy: spinacze biurowe, p\u0142yty CD\/DVD, zszywki, karty kredytowe, papier Rozmiar ci\u0119cia papieru: ci\u0119cie 4&#215;40 mm Rozmiar ci\u0119cia papieru (filtra): Ci\u0119cie cz\u0105stek Poziom bezpiecze\u0144stwa DIN 66399 \/ papier: DIN P-4 Pojemno\u015b\u0107 arkusza: 25 arkuszy Pojemno\u015b\u0107 arkusza (filtr): 20 arkuszy + Dzienne zapotrzebowanie: 1000 arkuszy Szeroko\u015b\u0107 nape\u0142niania: 260 mm [&hellip;]<\/p>\n","protected":false},"featured_media":115115,"template":"","meta":[],"product_brand":[],"product_cat":[3879],"product_tag":[],"class_list":{"0":"post-115111","1":"product","2":"type-product","3":"status-publish","4":"has-post-thumbnail","6":"product_cat-introligatorstwo-asortymentowe","7":"pa_hersteller-ideal","9":"first","10":"instock","11":"taxable","12":"shipping-taxable","13":"product-type-simple"},"jetpack_sharing_enabled":true,"_links":{"self":[{"href":"https:\/\/www.3p-gmbh.de\/pl\/wp-json\/wp\/v2\/product\/115111","targetHints":{"allow":["GET"]}}],"collection":[{"href":"https:\/\/www.3p-gmbh.de\/pl\/wp-json\/wp\/v2\/product"}],"about":[{"href":"https:\/\/www.3p-gmbh.de\/pl\/wp-json\/wp\/v2\/types\/product"}],"wp:featuredmedia":[{"embeddable":true,"href":"https:\/\/www.3p-gmbh.de\/pl\/wp-json\/wp\/v2\/media\/115115"}],"wp:attachment":[{"href":"https:\/\/www.3p-gmbh.de\/pl\/wp-json\/wp\/v2\/media?parent=115111"}],"wp:term":[{"taxonomy":"product_brand","embeddable":true,"href":"https:\/\/www.3p-gmbh.de\/pl\/wp-json\/wp\/v2\/product_brand?post=115111"},{"taxonomy":"product_cat","embeddable":true,"href":"https:\/\/www.3p-gmbh.de\/pl\/wp-json\/wp\/v2\/product_cat?post=115111"},{"taxonomy":"product_tag","embeddable":true,"href":"https:\/\/www.3p-gmbh.de\/pl\/wp-json\/wp\/v2\/product_tag?post=115111"}],"curies":[{"name":"wp","href":"https:\/\/api.w.org\/{rel}","templated":true}]}}