{"id":115098,"date":"2023-03-19T22:26:59","date_gmt":"2023-03-19T22:26:59","guid":{"rendered":"https:\/\/www.3p-gmbh.de\/produkt\/profesjonalna-obcinarka-dzwigniowa-cutstream-profioffice-hq-361\/"},"modified":"2023-03-19T22:26:59","modified_gmt":"2023-03-19T22:26:59","slug":"profesjonalna-obcinarka-dzwigniowa-cutstream-profioffice-hq-361","status":"publish","type":"product","link":"https:\/\/www.3p-gmbh.de\/pl\/produkt\/profesjonalna-obcinarka-dzwigniowa-cutstream-profioffice-hq-361\/","title":{"rendered":"Profesjonalna obcinarka d\u017awigniowa Cutstream ProfiOffice HQ 361"},"content":{"rendered":"<p><strong>Profesjonalna obcinarka d\u017awigniowa Cutstream ProfiOffice HQ 361<\/strong><br \/>\n<strong>HQ oznacza wysok\u0105 jako\u015b\u0107<\/strong><\/p>\n<p>i charakteryzuje si\u0119 3 specjalnymi w\u0142a\u015bciwo\u015bciami:<br \/>\n-niezwykle twarde karbonizowane ostrze,<br \/>\n-Szlifowane g\u00f3rne i dolne ostrze,<br \/>\n-ergonomicznie ukszta\u0142towany uchwyt antywstrz\u0105sowy.<\/p>\n<p>Stalowe ostrza nie wymagaj\u0105 konserwacji, poniewa\u017c ostrz\u0105 si\u0119 przy ka\u017cdym ci\u0119ciu.<br \/>\nSpecjaln\u0105 ochron\u0119 zapewnia przegroda ochronna mi\u0119dzy ostrzem tn\u0105cym a wspornikiem.<br \/>\nOpr\u00f3cz specjalnych funkcji, HQ 361 posiada r\u00f3wnie\u017c ruchomy ogranicznik boczny zapewniaj\u0105cy proste, g\u0142adkie ci\u0119cie,<br \/>\nlinijka orientacyjna o szeroko\u015bci 26,5 cm, oznakowana powierzchnia robocza i 4 antypo\u015blizgowe n\u00f3\u017cki.<br \/>\nJest rzecz\u0105 oczywist\u0105, \u017ce przecinak d\u017awigniowy posiada piecz\u0119\u0107 GS, kt\u00f3ra oznacza sprawdzone bezpiecze\u0144stwo.<\/p>\n<p>Dane techniczne:<br \/>\nD\u0142ugo\u015b\u0107 ci\u0119cia (mm) 360<br \/>\nSzeroko\u015b\u0107 ci\u0119cia (mm) 265<br \/>\nodpowiednie formaty DIN A5\/A4<br \/>\nWydajno\u015b\u0107 ci\u0119cia (80g\/arkusz) 25 arkuszy<br \/>\nR\u0119czne prasowanie arkuszy<br \/>\nRegulowany ogranicznik boczny tak<br \/>\nDodatkowa linijka &#8211;<br \/>\nOs\u0142ona ochronna tak<br \/>\nWymienne ostrze tak<br \/>\nWymiary (mm) 310 x 610 x 420<br \/>\nWaga (kg) 4,5<br \/>\nKolor jasnoszary\/kr\u00f3lewski niebieski<br \/>\nSpecjalny uchwyt antywstrz\u0105sowy<\/p>\n","protected":false},"excerpt":{"rendered":"<p>Profesjonalna obcinarka d\u017awigniowa Cutstream ProfiOffice HQ 361 HQ oznacza wysok\u0105 jako\u015b\u0107 i charakteryzuje si\u0119 3 specjalnymi w\u0142a\u015bciwo\u015bciami: -niezwykle twarde karbonizowane ostrze, -Szlifowane g\u00f3rne i dolne ostrze, -ergonomicznie ukszta\u0142towany uchwyt antywstrz\u0105sowy. Stalowe ostrza nie wymagaj\u0105 konserwacji, poniewa\u017c ostrz\u0105 si\u0119 przy ka\u017cdym ci\u0119ciu. Specjaln\u0105 ochron\u0119 zapewnia przegroda ochronna mi\u0119dzy ostrzem tn\u0105cym a wspornikiem. Opr\u00f3cz specjalnych funkcji, HQ [&hellip;]<\/p>\n","protected":false},"featured_media":115099,"template":"","meta":[],"product_brand":[],"product_cat":[3723],"product_tag":[],"class_list":{"0":"post-115098","1":"product","2":"type-product","3":"status-publish","4":"has-post-thumbnail","6":"product_cat-maszyny-do-ciecia","8":"first","9":"instock","10":"taxable","11":"shipping-taxable","12":"product-type-simple"},"jetpack_sharing_enabled":true,"_links":{"self":[{"href":"https:\/\/www.3p-gmbh.de\/pl\/wp-json\/wp\/v2\/product\/115098","targetHints":{"allow":["GET"]}}],"collection":[{"href":"https:\/\/www.3p-gmbh.de\/pl\/wp-json\/wp\/v2\/product"}],"about":[{"href":"https:\/\/www.3p-gmbh.de\/pl\/wp-json\/wp\/v2\/types\/product"}],"wp:featuredmedia":[{"embeddable":true,"href":"https:\/\/www.3p-gmbh.de\/pl\/wp-json\/wp\/v2\/media\/115099"}],"wp:attachment":[{"href":"https:\/\/www.3p-gmbh.de\/pl\/wp-json\/wp\/v2\/media?parent=115098"}],"wp:term":[{"taxonomy":"product_brand","embeddable":true,"href":"https:\/\/www.3p-gmbh.de\/pl\/wp-json\/wp\/v2\/product_brand?post=115098"},{"taxonomy":"product_cat","embeddable":true,"href":"https:\/\/www.3p-gmbh.de\/pl\/wp-json\/wp\/v2\/product_cat?post=115098"},{"taxonomy":"product_tag","embeddable":true,"href":"https:\/\/www.3p-gmbh.de\/pl\/wp-json\/wp\/v2\/product_tag?post=115098"}],"curies":[{"name":"wp","href":"https:\/\/api.w.org\/{rel}","templated":true}]}}