{"id":115096,"date":"2023-03-19T23:35:04","date_gmt":"2023-03-19T23:35:04","guid":{"rendered":"https:\/\/www.3p-gmbh.de\/produkt\/narzedzie-do-perforacji-wzdluznej-ze-skrobakiem-ernst-nagel-rillnak\/"},"modified":"2023-03-19T23:35:04","modified_gmt":"2023-03-19T23:35:04","slug":"narzedzie-do-perforacji-wzdluznej-ze-skrobakiem-ernst-nagel-rillnak","status":"publish","type":"product","link":"https:\/\/www.3p-gmbh.de\/pl\/produkt\/narzedzie-do-perforacji-wzdluznej-ze-skrobakiem-ernst-nagel-rillnak\/","title":{"rendered":"Narz\u0119dzie do perforacji wzd\u0142u\u017cnej ze skrobakiem Ernst Nagel Rillnak"},"content":{"rendered":"<p><strong>Narz\u0119dzie do perforacji wzd\u0142u\u017cnej ze skrobakiem Ernst Nagel Rillnak<\/strong><\/p>\n","protected":false},"excerpt":{"rendered":"<p>Narz\u0119dzie do perforacji wzd\u0142u\u017cnej ze skrobakiem Ernst Nagel Rillnak<\/p>\n","protected":false},"featured_media":115101,"template":"","meta":[],"product_brand":[],"product_cat":[4012],"product_tag":[],"class_list":{"0":"post-115096","1":"product","2":"type-product","3":"status-publish","4":"has-post-thumbnail","6":"product_cat-maszyny-do-rowkowania-i-perforowania","7":"pa_hersteller-ernst-nagel","9":"first","10":"instock","11":"taxable","12":"shipping-taxable","13":"product-type-simple"},"jetpack_sharing_enabled":true,"_links":{"self":[{"href":"https:\/\/www.3p-gmbh.de\/pl\/wp-json\/wp\/v2\/product\/115096","targetHints":{"allow":["GET"]}}],"collection":[{"href":"https:\/\/www.3p-gmbh.de\/pl\/wp-json\/wp\/v2\/product"}],"about":[{"href":"https:\/\/www.3p-gmbh.de\/pl\/wp-json\/wp\/v2\/types\/product"}],"wp:featuredmedia":[{"embeddable":true,"href":"https:\/\/www.3p-gmbh.de\/pl\/wp-json\/wp\/v2\/media\/115101"}],"wp:attachment":[{"href":"https:\/\/www.3p-gmbh.de\/pl\/wp-json\/wp\/v2\/media?parent=115096"}],"wp:term":[{"taxonomy":"product_brand","embeddable":true,"href":"https:\/\/www.3p-gmbh.de\/pl\/wp-json\/wp\/v2\/product_brand?post=115096"},{"taxonomy":"product_cat","embeddable":true,"href":"https:\/\/www.3p-gmbh.de\/pl\/wp-json\/wp\/v2\/product_cat?post=115096"},{"taxonomy":"product_tag","embeddable":true,"href":"https:\/\/www.3p-gmbh.de\/pl\/wp-json\/wp\/v2\/product_tag?post=115096"}],"curies":[{"name":"wp","href":"https:\/\/api.w.org\/{rel}","templated":true}]}}