{"id":115095,"date":"2023-03-09T23:54:09","date_gmt":"2023-03-09T23:54:09","guid":{"rendered":"https:\/\/www.3p-gmbh.de\/produkt\/zlote-wykonczenie-ksiazki-schmedt-podgrzewana-rolka-do-zlocenia\/"},"modified":"2023-03-09T23:54:09","modified_gmt":"2023-03-09T23:54:09","slug":"zlote-wykonczenie-ksiazki-schmedt-podgrzewana-rolka-do-zlocenia","status":"publish","type":"product","link":"https:\/\/www.3p-gmbh.de\/pl\/produkt\/zlote-wykonczenie-ksiazki-schmedt-podgrzewana-rolka-do-zlocenia\/","title":{"rendered":"Z\u0142ote wyko\u0144czenie ksi\u0105\u017cki Schmedt podgrzewana rolka do z\u0142ocenia"},"content":{"rendered":"<p><strong>Z\u0142ote wyko\u0144czenie ksi\u0105\u017cki Schmedt podgrzewana rolka do z\u0142ocenia<\/strong><\/p>\n","protected":false},"excerpt":{"rendered":"<p>Z\u0142ote wyko\u0144czenie ksi\u0105\u017cki Schmedt podgrzewana rolka do z\u0142ocenia<\/p>\n","protected":false},"featured_media":115103,"template":"","meta":[],"product_brand":[],"product_cat":[3879],"product_tag":[],"class_list":{"0":"post-115095","1":"product","2":"type-product","3":"status-publish","4":"has-post-thumbnail","6":"product_cat-introligatorstwo-asortymentowe","7":"pa_hersteller-schmedt","9":"first","10":"instock","11":"taxable","12":"shipping-taxable","13":"product-type-simple"},"jetpack_sharing_enabled":true,"_links":{"self":[{"href":"https:\/\/www.3p-gmbh.de\/pl\/wp-json\/wp\/v2\/product\/115095","targetHints":{"allow":["GET"]}}],"collection":[{"href":"https:\/\/www.3p-gmbh.de\/pl\/wp-json\/wp\/v2\/product"}],"about":[{"href":"https:\/\/www.3p-gmbh.de\/pl\/wp-json\/wp\/v2\/types\/product"}],"wp:featuredmedia":[{"embeddable":true,"href":"https:\/\/www.3p-gmbh.de\/pl\/wp-json\/wp\/v2\/media\/115103"}],"wp:attachment":[{"href":"https:\/\/www.3p-gmbh.de\/pl\/wp-json\/wp\/v2\/media?parent=115095"}],"wp:term":[{"taxonomy":"product_brand","embeddable":true,"href":"https:\/\/www.3p-gmbh.de\/pl\/wp-json\/wp\/v2\/product_brand?post=115095"},{"taxonomy":"product_cat","embeddable":true,"href":"https:\/\/www.3p-gmbh.de\/pl\/wp-json\/wp\/v2\/product_cat?post=115095"},{"taxonomy":"product_tag","embeddable":true,"href":"https:\/\/www.3p-gmbh.de\/pl\/wp-json\/wp\/v2\/product_tag?post=115095"}],"curies":[{"name":"wp","href":"https:\/\/api.w.org\/{rel}","templated":true}]}}