{"id":115052,"date":"2023-03-19T23:39:57","date_gmt":"2023-03-19T23:39:57","guid":{"rendered":"https:\/\/www.3p-gmbh.de\/produkt\/pozostaly-zapas-tasmy-mosca-pp-wiazanie-tasma\/"},"modified":"2023-03-19T23:39:57","modified_gmt":"2023-03-19T23:39:57","slug":"pozostaly-zapas-tasmy-mosca-pp-wiazanie-tasma","status":"publish","type":"product","link":"https:\/\/www.3p-gmbh.de\/pl\/produkt\/pozostaly-zapas-tasmy-mosca-pp-wiazanie-tasma\/","title":{"rendered":"Pozosta\u0142y zapas ta\u015bmy Mosca PP &#8211; wi\u0105zanie ta\u015bm\u0105"},"content":{"rendered":"<p><strong>Pozosta\u0142y zapas ta\u015bmy Mosca PP &#8211; wi\u0105zanie ta\u015bm\u0105<\/strong><\/p>\n","protected":false},"excerpt":{"rendered":"<p>Pozosta\u0142y zapas ta\u015bmy Mosca PP &#8211; wi\u0105zanie ta\u015bm\u0105<\/p>\n","protected":false},"featured_media":115070,"template":"","meta":[],"product_brand":[],"product_cat":[3702,3737],"product_tag":[],"class_list":{"0":"post-115052","1":"product","2":"type-product","3":"status-publish","4":"has-post-thumbnail","6":"product_cat-zapasy-i-pozostale-zapasy","7":"product_cat-maszyny-do-spinania","9":"first","10":"instock","11":"taxable","12":"shipping-taxable","13":"product-type-simple"},"jetpack_sharing_enabled":true,"_links":{"self":[{"href":"https:\/\/www.3p-gmbh.de\/pl\/wp-json\/wp\/v2\/product\/115052","targetHints":{"allow":["GET"]}}],"collection":[{"href":"https:\/\/www.3p-gmbh.de\/pl\/wp-json\/wp\/v2\/product"}],"about":[{"href":"https:\/\/www.3p-gmbh.de\/pl\/wp-json\/wp\/v2\/types\/product"}],"wp:featuredmedia":[{"embeddable":true,"href":"https:\/\/www.3p-gmbh.de\/pl\/wp-json\/wp\/v2\/media\/115070"}],"wp:attachment":[{"href":"https:\/\/www.3p-gmbh.de\/pl\/wp-json\/wp\/v2\/media?parent=115052"}],"wp:term":[{"taxonomy":"product_brand","embeddable":true,"href":"https:\/\/www.3p-gmbh.de\/pl\/wp-json\/wp\/v2\/product_brand?post=115052"},{"taxonomy":"product_cat","embeddable":true,"href":"https:\/\/www.3p-gmbh.de\/pl\/wp-json\/wp\/v2\/product_cat?post=115052"},{"taxonomy":"product_tag","embeddable":true,"href":"https:\/\/www.3p-gmbh.de\/pl\/wp-json\/wp\/v2\/product_tag?post=115052"}],"curies":[{"name":"wp","href":"https:\/\/api.w.org\/{rel}","templated":true}]}}