{"id":115006,"date":"2023-04-10T22:34:41","date_gmt":"2023-04-10T22:34:41","guid":{"rendered":"https:\/\/www.3p-gmbh.de\/produkt\/podnosnik-sztaplujacy-polar-mohr-lw-450\/"},"modified":"2023-04-10T22:34:41","modified_gmt":"2023-04-10T22:34:41","slug":"podnosnik-sztaplujacy-polar-mohr-lw-450","status":"publish","type":"product","link":"https:\/\/www.3p-gmbh.de\/pl\/produkt\/podnosnik-sztaplujacy-polar-mohr-lw-450\/","title":{"rendered":"Podno\u015bnik sztapluj\u0105cy Polar Mohr LW 450"},"content":{"rendered":"<p><strong>Podno\u015bnik sztapluj\u0105cy Polar Mohr LW 450<\/strong><br \/>\n<strong>od 1994 r.<\/strong><\/p>\n<p>Dzi\u0119ki automatycznemu podnoszeniu ci\u0119tego materia\u0142u operator mo\u017ce pracowa\u0107 w dogodnej dla siebie pozycji.<br \/>\nErgonomicznie korzystna wysoko\u015b\u0107 robocza, materia\u0142 do automatycznego joggera lub bezpo\u015brednio do<br \/>\nza\u0142adowa\u0107 maszyn\u0119 do ci\u0119cia.<br \/>\nJednak podno\u015bnik stosowy mo\u017ce by\u0107 r\u00f3wnie\u017c u\u017cywany do roz\u0142adowywania ci\u0119tych towar\u00f3w<\/p>\n<p>Podno\u015bniki sztaplowane nie musz\u0105 by\u0107 zakotwiczone w pod\u0142odze, dzi\u0119ki czemu mo\u017cna je \u0142atwo przemieszcza\u0107.<br \/>\nS\u0105 one wyposa\u017cone w bezstopniowo regulowane fotokom\u00f3rki refleksyjne do automatycznego podnoszenia lub opuszczania.<\/p>\n<p>Dane techniczne<br \/>\nTaca (wymiary wewn\u0119trzne) cm 62 x 90<br \/>\nSkok do cm 85<br \/>\nWysoko\u015b\u0107 (z maksymalnym skokiem) cm 150 (196)<br \/>\nMaks. ud\u017awig kg 450<\/p>\n","protected":false},"excerpt":{"rendered":"<p>Podno\u015bnik sztapluj\u0105cy Polar Mohr LW 450 od 1994 r. Dzi\u0119ki automatycznemu podnoszeniu ci\u0119tego materia\u0142u operator mo\u017ce pracowa\u0107 w dogodnej dla siebie pozycji. Ergonomicznie korzystna wysoko\u015b\u0107 robocza, materia\u0142 do automatycznego joggera lub bezpo\u015brednio do za\u0142adowa\u0107 maszyn\u0119 do ci\u0119cia. Jednak podno\u015bnik stosowy mo\u017ce by\u0107 r\u00f3wnie\u017c u\u017cywany do roz\u0142adowywania ci\u0119tych towar\u00f3w Podno\u015bniki sztaplowane nie musz\u0105 by\u0107 zakotwiczone w [&hellip;]<\/p>\n","protected":false},"featured_media":115011,"template":"","meta":[],"product_brand":[],"product_cat":[3881],"product_tag":[],"class_list":{"0":"post-115006","1":"product","2":"type-product","3":"status-publish","4":"has-post-thumbnail","6":"product_cat-podnosniki-stosow-i-podnosniki-stosow","7":"pa_hersteller-polar-mohr","8":"pa_typ-lw-450","10":"first","11":"instock","12":"taxable","13":"shipping-taxable","14":"product-type-simple"},"jetpack_sharing_enabled":true,"_links":{"self":[{"href":"https:\/\/www.3p-gmbh.de\/pl\/wp-json\/wp\/v2\/product\/115006","targetHints":{"allow":["GET"]}}],"collection":[{"href":"https:\/\/www.3p-gmbh.de\/pl\/wp-json\/wp\/v2\/product"}],"about":[{"href":"https:\/\/www.3p-gmbh.de\/pl\/wp-json\/wp\/v2\/types\/product"}],"wp:featuredmedia":[{"embeddable":true,"href":"https:\/\/www.3p-gmbh.de\/pl\/wp-json\/wp\/v2\/media\/115011"}],"wp:attachment":[{"href":"https:\/\/www.3p-gmbh.de\/pl\/wp-json\/wp\/v2\/media?parent=115006"}],"wp:term":[{"taxonomy":"product_brand","embeddable":true,"href":"https:\/\/www.3p-gmbh.de\/pl\/wp-json\/wp\/v2\/product_brand?post=115006"},{"taxonomy":"product_cat","embeddable":true,"href":"https:\/\/www.3p-gmbh.de\/pl\/wp-json\/wp\/v2\/product_cat?post=115006"},{"taxonomy":"product_tag","embeddable":true,"href":"https:\/\/www.3p-gmbh.de\/pl\/wp-json\/wp\/v2\/product_tag?post=115006"}],"curies":[{"name":"wp","href":"https:\/\/api.w.org\/{rel}","templated":true}]}}