{"id":115005,"date":"2023-03-19T23:51:24","date_gmt":"2023-03-19T23:51:24","guid":{"rendered":"https:\/\/www.3p-gmbh.de\/produkt\/myjka-do-plyt-wielkoformatowych-techno-grafica-pwk-1450-do-powtarzalnych-zadan\/"},"modified":"2023-03-19T23:51:24","modified_gmt":"2023-03-19T23:51:24","slug":"myjka-do-plyt-wielkoformatowych-techno-grafica-pwk-1450-do-powtarzalnych-zadan","status":"publish","type":"product","link":"https:\/\/www.3p-gmbh.de\/pl\/produkt\/myjka-do-plyt-wielkoformatowych-techno-grafica-pwk-1450-do-powtarzalnych-zadan\/","title":{"rendered":"Myjka do p\u0142yt wielkoformatowych Techno-Grafica PWK 1450 do powtarzalnych zada\u0144"},"content":{"rendered":"<div><strong>System mycia p\u0142yt Techno-Grafica PWK 145 do powtarzalnych zada\u0144<\/strong><br \/>\n<strong>Rok budowy 2008<\/p>\n<p><\/strong><\/div>\n<div>Szeroko\u015b\u0107 wlotu 1450 cm<\/div>\n<div><\/div>\n<div><a href=\"https:\/\/www.3p-gmbh.de\/wp-content\/uploads\/2023\/03\/Techno-Grafica-PWK-145-1.pdf\">Techno-Grafica PWK 145 (1)<\/a><\/div>\n","protected":false},"excerpt":{"rendered":"<p>System mycia p\u0142yt Techno-Grafica PWK 145 do powtarzalnych zada\u0144 Rok budowy 2008 Szeroko\u015b\u0107 wlotu 1450 cm Techno-Grafica PWK 145 (1)<\/p>\n","protected":false},"featured_media":115012,"template":"","meta":[],"product_brand":[],"product_cat":[3667],"product_tag":[],"class_list":{"0":"post-115005","1":"product","2":"type-product","3":"status-publish","4":"has-post-thumbnail","6":"product_cat-obrobka-plyt-drukarskich","7":"pa_hersteller-techno-grafica","8":"pa_typ-pwk-145","10":"first","11":"instock","12":"taxable","13":"shipping-taxable","14":"product-type-simple"},"jetpack_sharing_enabled":true,"_links":{"self":[{"href":"https:\/\/www.3p-gmbh.de\/pl\/wp-json\/wp\/v2\/product\/115005","targetHints":{"allow":["GET"]}}],"collection":[{"href":"https:\/\/www.3p-gmbh.de\/pl\/wp-json\/wp\/v2\/product"}],"about":[{"href":"https:\/\/www.3p-gmbh.de\/pl\/wp-json\/wp\/v2\/types\/product"}],"wp:featuredmedia":[{"embeddable":true,"href":"https:\/\/www.3p-gmbh.de\/pl\/wp-json\/wp\/v2\/media\/115012"}],"wp:attachment":[{"href":"https:\/\/www.3p-gmbh.de\/pl\/wp-json\/wp\/v2\/media?parent=115005"}],"wp:term":[{"taxonomy":"product_brand","embeddable":true,"href":"https:\/\/www.3p-gmbh.de\/pl\/wp-json\/wp\/v2\/product_brand?post=115005"},{"taxonomy":"product_cat","embeddable":true,"href":"https:\/\/www.3p-gmbh.de\/pl\/wp-json\/wp\/v2\/product_cat?post=115005"},{"taxonomy":"product_tag","embeddable":true,"href":"https:\/\/www.3p-gmbh.de\/pl\/wp-json\/wp\/v2\/product_tag?post=115005"}],"curies":[{"name":"wp","href":"https:\/\/api.w.org\/{rel}","templated":true}]}}