{"id":114905,"date":"2023-04-05T22:45:31","date_gmt":"2023-04-05T22:45:31","guid":{"rendered":"https:\/\/www.3p-gmbh.de\/produkt\/przenosniki-rolkowe-soco-systems\/"},"modified":"2023-04-05T22:45:31","modified_gmt":"2023-04-05T22:45:31","slug":"przenosniki-rolkowe-soco-systems","status":"publish","type":"product","link":"https:\/\/www.3p-gmbh.de\/pl\/produkt\/przenosniki-rolkowe-soco-systems\/","title":{"rendered":"Przeno\u015bniki rolkowe Soco Systems"},"content":{"rendered":"<p><strong>R\u00f3\u017cne przeno\u015bniki rolkowe Soco Systems<\/strong><\/p>\n","protected":false},"excerpt":{"rendered":"<p>R\u00f3\u017cne przeno\u015bniki rolkowe Soco Systems<\/p>\n","protected":false},"featured_media":114927,"template":"","meta":[],"product_brand":[],"product_cat":[3714],"product_tag":[],"class_list":{"0":"post-114905","1":"product","2":"type-product","3":"status-publish","4":"has-post-thumbnail","6":"product_cat-technologia-przechowywania","7":"pa_hersteller-soco-systems","9":"first","10":"instock","11":"taxable","12":"shipping-taxable","13":"product-type-simple"},"jetpack_sharing_enabled":true,"_links":{"self":[{"href":"https:\/\/www.3p-gmbh.de\/pl\/wp-json\/wp\/v2\/product\/114905","targetHints":{"allow":["GET"]}}],"collection":[{"href":"https:\/\/www.3p-gmbh.de\/pl\/wp-json\/wp\/v2\/product"}],"about":[{"href":"https:\/\/www.3p-gmbh.de\/pl\/wp-json\/wp\/v2\/types\/product"}],"wp:featuredmedia":[{"embeddable":true,"href":"https:\/\/www.3p-gmbh.de\/pl\/wp-json\/wp\/v2\/media\/114927"}],"wp:attachment":[{"href":"https:\/\/www.3p-gmbh.de\/pl\/wp-json\/wp\/v2\/media?parent=114905"}],"wp:term":[{"taxonomy":"product_brand","embeddable":true,"href":"https:\/\/www.3p-gmbh.de\/pl\/wp-json\/wp\/v2\/product_brand?post=114905"},{"taxonomy":"product_cat","embeddable":true,"href":"https:\/\/www.3p-gmbh.de\/pl\/wp-json\/wp\/v2\/product_cat?post=114905"},{"taxonomy":"product_tag","embeddable":true,"href":"https:\/\/www.3p-gmbh.de\/pl\/wp-json\/wp\/v2\/product_tag?post=114905"}],"curies":[{"name":"wp","href":"https:\/\/api.w.org\/{rel}","templated":true}]}}