{"id":114900,"date":"2023-04-14T14:07:00","date_gmt":"2023-04-14T14:07:00","guid":{"rendered":"https:\/\/www.3p-gmbh.de\/produkt\/maszyna-wkladajaca-z-systemem-foliowania-buhrs-bb-1000\/"},"modified":"2023-04-14T14:07:00","modified_gmt":"2023-04-14T14:07:00","slug":"maszyna-wkladajaca-z-systemem-foliowania-buhrs-bb-1000","status":"publish","type":"product","link":"https:\/\/www.3p-gmbh.de\/pl\/produkt\/maszyna-wkladajaca-z-systemem-foliowania-buhrs-bb-1000\/","title":{"rendered":"Maszyna wk\u0142adaj\u0105ca z systemem foliowania Buhrs BB 1000"},"content":{"rendered":"<p><strong>Maszyna wk\u0142adaj\u0105ca z foliowaniem Buhrs BB 1000<\/strong><br \/>\n<strong>Zbudowany w 2009 roku, do tej pory wykona\u0142 tylko oko\u0142o 7-8 milion\u00f3w cykli<\/strong><\/p>\n<p>Wydajno\u015b\u0107 cykliczna do 13000 godzin<\/p>\n<p><em><strong>Sprz\u0119t:<\/strong><\/em><br \/>\n-Podajnik g\u0142\u00f3wny (ss\u0105cy podajnik przesuwny)<br \/>\n-1 x otwieracz do pierwszych li\u015bci<br \/>\n-Pr\u00f3\u017cniowy otwieracz miecza (dla dw\u00f3ch pozycji otwierania do wk\u0142adania)<br \/>\n-4 x podajnik obrotowy<br \/>\n-jednostka spawalnicza<br \/>\n-Bie\u017cnia<\/p>\n","protected":false},"excerpt":{"rendered":"<p>Maszyna wk\u0142adaj\u0105ca z foliowaniem Buhrs BB 1000 Zbudowany w 2009 roku, do tej pory wykona\u0142 tylko oko\u0142o 7-8 milion\u00f3w cykli Wydajno\u015b\u0107 cykliczna do 13000 godzin Sprz\u0119t: -Podajnik g\u0142\u00f3wny (ss\u0105cy podajnik przesuwny) -1 x otwieracz do pierwszych li\u015bci -Pr\u00f3\u017cniowy otwieracz miecza (dla dw\u00f3ch pozycji otwierania do wk\u0142adania) -4 x podajnik obrotowy -jednostka spawalnicza -Bie\u017cnia<\/p>\n","protected":false},"featured_media":114906,"template":"","meta":[],"product_brand":[],"product_cat":[3613],"product_tag":[],"class_list":{"0":"post-114900","1":"product","2":"type-product","3":"status-publish","4":"has-post-thumbnail","6":"product_cat-systemy-adresowania-i-wprowadzania","7":"pa_hersteller-buhrs","8":"pa_typ-bb-1000","10":"first","11":"instock","12":"taxable","13":"shipping-taxable","14":"product-type-simple"},"jetpack_sharing_enabled":true,"_links":{"self":[{"href":"https:\/\/www.3p-gmbh.de\/pl\/wp-json\/wp\/v2\/product\/114900","targetHints":{"allow":["GET"]}}],"collection":[{"href":"https:\/\/www.3p-gmbh.de\/pl\/wp-json\/wp\/v2\/product"}],"about":[{"href":"https:\/\/www.3p-gmbh.de\/pl\/wp-json\/wp\/v2\/types\/product"}],"wp:featuredmedia":[{"embeddable":true,"href":"https:\/\/www.3p-gmbh.de\/pl\/wp-json\/wp\/v2\/media\/114906"}],"wp:attachment":[{"href":"https:\/\/www.3p-gmbh.de\/pl\/wp-json\/wp\/v2\/media?parent=114900"}],"wp:term":[{"taxonomy":"product_brand","embeddable":true,"href":"https:\/\/www.3p-gmbh.de\/pl\/wp-json\/wp\/v2\/product_brand?post=114900"},{"taxonomy":"product_cat","embeddable":true,"href":"https:\/\/www.3p-gmbh.de\/pl\/wp-json\/wp\/v2\/product_cat?post=114900"},{"taxonomy":"product_tag","embeddable":true,"href":"https:\/\/www.3p-gmbh.de\/pl\/wp-json\/wp\/v2\/product_tag?post=114900"}],"curies":[{"name":"wp","href":"https:\/\/api.w.org\/{rel}","templated":true}]}}