{"id":114869,"date":"2023-03-20T00:07:19","date_gmt":"2023-03-20T00:07:19","guid":{"rendered":"https:\/\/www.3p-gmbh.de\/produkt\/podnosnik-do-desek-perfecta-wohlenberg-baumann-nu-sp-3-z-4-deskami-dzisiejszy-model-baumann-bll\/"},"modified":"2023-03-20T00:07:19","modified_gmt":"2023-03-20T00:07:19","slug":"podnosnik-do-desek-perfecta-wohlenberg-baumann-nu-sp-3-z-4-deskami-dzisiejszy-model-baumann-bll","status":"publish","type":"product","link":"https:\/\/www.3p-gmbh.de\/pl\/produkt\/podnosnik-do-desek-perfecta-wohlenberg-baumann-nu-sp-3-z-4-deskami-dzisiejszy-model-baumann-bll\/","title":{"rendered":"Podno\u015bnik do desek Perfecta Wohlenberg Baumann NU SP-3 z 4 deskami (dzisiejszy model Baumann BLL)"},"content":{"rendered":"<p><strong>Podno\u015bnik do desek Perfecta Wohlenberg Baumann NU SP-3 z 4 deskami (dzisiejszy model Baumann BLL)<\/strong><br \/>\n<strong>od Bj. 2010<\/strong><\/p>\n<p>Format maks. 770 x 1070 mm<\/p>\n<p>do buforowania wstrz\u0105sanych warstw, system s\u0142u\u017cy do kompensacji r\u00f3\u017cnych czas\u00f3w ci\u0119cia i wstrz\u0105sania.<br \/>\nP\u0142yty oddzielaj\u0105 poszczeg\u00f3lne warstwy, a tak\u017ce s\u0142u\u017c\u0105 jako element przeno\u015bnika do transportu warstwy.<br \/>\nP\u0142yty s\u0105 umieszczane i usuwane przez operatora.<\/p>\n<p><em>Tryby pracy<br \/>\n<\/em>-Stacking<br \/>\n-Destacking<br \/>\n-Zmiana stosu<\/p>\n<p><em>Jak u\u017cywane s\u0105 podno\u015bniki do desek?<\/em><\/p>\n<p>&#8211; jako rozwi\u0105zanie wbudowane<br \/>\nUrz\u0105dzenia te znajduj\u0105 si\u0119 pomi\u0119dzy maszynami wytrz\u0105saj\u0105cymi i tn\u0105cymi.<br \/>\nWarstwy mog\u0105 by\u0107 wst\u0119pnie wstrz\u0105sane, a nast\u0119pnie podawane do maszyny tn\u0105cej.<br \/>\nWst\u0119pnie wstrz\u0105\u015bni\u0119te stosy mog\u0105 by\u0107 r\u00f3wnie\u017c podawane, roz\u0142adowywane i podawane do maszyny tn\u0105cej.<\/p>\n<p>&#8211; jako rozwi\u0105zanie off-line<br \/>\nPo wstrz\u0105\u015bni\u0119ciu warstwy s\u0105 buforowane i uk\u0142adane w stosy za pomoc\u0105 podno\u015bnik\u00f3w do p\u0142yt.<br \/>\nStosy s\u0105 podawane do maszyny tn\u0105cej za pomoc\u0105 podno\u015bnik\u00f3w.<br \/>\nMo\u017cna to zrobi\u0107 automatycznie za pomoc\u0105 tylnego sto\u0142u lub r\u0119cznie za pomoc\u0105 przedniego sto\u0142u.<\/p>\n","protected":false},"excerpt":{"rendered":"<p>Podno\u015bnik do desek Perfecta Wohlenberg Baumann NU SP-3 z 4 deskami (dzisiejszy model Baumann BLL) od Bj. 2010 Format maks. 770 x 1070 mm do buforowania wstrz\u0105sanych warstw, system s\u0142u\u017cy do kompensacji r\u00f3\u017cnych czas\u00f3w ci\u0119cia i wstrz\u0105sania. P\u0142yty oddzielaj\u0105 poszczeg\u00f3lne warstwy, a tak\u017ce s\u0142u\u017c\u0105 jako element przeno\u015bnika do transportu warstwy. P\u0142yty s\u0105 umieszczane i usuwane [&hellip;]<\/p>\n","protected":false},"featured_media":114895,"template":"","meta":[],"product_brand":[],"product_cat":[3881],"product_tag":[],"class_list":{"0":"post-114869","1":"product","2":"type-product","3":"status-publish","4":"has-post-thumbnail","6":"product_cat-podnosniki-stosow-i-podnosniki-stosow","7":"pa_hersteller-baumann","8":"pa_hersteller-perfecta","9":"pa_hersteller-wohlenberg","10":"pa_typ-nu-sp-3","12":"first","13":"instock","14":"taxable","15":"shipping-taxable","16":"product-type-simple"},"jetpack_sharing_enabled":true,"_links":{"self":[{"href":"https:\/\/www.3p-gmbh.de\/pl\/wp-json\/wp\/v2\/product\/114869","targetHints":{"allow":["GET"]}}],"collection":[{"href":"https:\/\/www.3p-gmbh.de\/pl\/wp-json\/wp\/v2\/product"}],"about":[{"href":"https:\/\/www.3p-gmbh.de\/pl\/wp-json\/wp\/v2\/types\/product"}],"wp:featuredmedia":[{"embeddable":true,"href":"https:\/\/www.3p-gmbh.de\/pl\/wp-json\/wp\/v2\/media\/114895"}],"wp:attachment":[{"href":"https:\/\/www.3p-gmbh.de\/pl\/wp-json\/wp\/v2\/media?parent=114869"}],"wp:term":[{"taxonomy":"product_brand","embeddable":true,"href":"https:\/\/www.3p-gmbh.de\/pl\/wp-json\/wp\/v2\/product_brand?post=114869"},{"taxonomy":"product_cat","embeddable":true,"href":"https:\/\/www.3p-gmbh.de\/pl\/wp-json\/wp\/v2\/product_cat?post=114869"},{"taxonomy":"product_tag","embeddable":true,"href":"https:\/\/www.3p-gmbh.de\/pl\/wp-json\/wp\/v2\/product_tag?post=114869"}],"curies":[{"name":"wp","href":"https:\/\/api.w.org\/{rel}","templated":true}]}}