{"id":114865,"date":"2023-04-10T21:38:41","date_gmt":"2023-04-10T21:38:41","guid":{"rendered":"https:\/\/www.3p-gmbh.de\/produkt\/pakiet-czesci-zamiennych-do-procesora-plyt-glunz-jensen-gearbox-dev-drg-kit\/"},"modified":"2023-04-10T21:38:41","modified_gmt":"2023-04-10T21:38:41","slug":"pakiet-czesci-zamiennych-do-procesora-plyt-glunz-jensen-gearbox-dev-drg-kit","status":"publish","type":"product","link":"https:\/\/www.3p-gmbh.de\/pl\/produkt\/pakiet-czesci-zamiennych-do-procesora-plyt-glunz-jensen-gearbox-dev-drg-kit\/","title":{"rendered":"Pakiet cz\u0119\u015bci zamiennych do procesora p\u0142yt Glunz &amp; Jensen Gearbox Dev DRG KIT"},"content":{"rendered":"<p><strong>Pakiet cz\u0119\u015bci zamiennych do procesora p\u0142yt drukuj\u0105cych Sekcja wywo\u0142ywacza<\/strong><\/p>\n<p>Glunz &amp; Jensen Gearbox Dev DRG KIT<\/p>\n<p>G &amp; J Part. NR 22029980<\/p>\n<p>Cz\u0119\u015b\u0107 dla klienta. Nr DW + 9029980<\/p>\n","protected":false},"excerpt":{"rendered":"<p>Pakiet cz\u0119\u015bci zamiennych do procesora p\u0142yt drukuj\u0105cych Sekcja wywo\u0142ywacza Glunz &amp; Jensen Gearbox Dev DRG KIT G &amp; J Part. NR 22029980 Cz\u0119\u015b\u0107 dla klienta. Nr DW + 9029980<\/p>\n","protected":false},"featured_media":114880,"template":"","meta":[],"product_brand":[],"product_cat":[3738],"product_tag":[],"class_list":{"0":"post-114865","1":"product","2":"type-product","3":"status-publish","4":"has-post-thumbnail","6":"product_cat-wyposazenie-warsztatu","8":"first","9":"instock","10":"taxable","11":"shipping-taxable","12":"product-type-simple"},"jetpack_sharing_enabled":true,"_links":{"self":[{"href":"https:\/\/www.3p-gmbh.de\/pl\/wp-json\/wp\/v2\/product\/114865","targetHints":{"allow":["GET"]}}],"collection":[{"href":"https:\/\/www.3p-gmbh.de\/pl\/wp-json\/wp\/v2\/product"}],"about":[{"href":"https:\/\/www.3p-gmbh.de\/pl\/wp-json\/wp\/v2\/types\/product"}],"wp:featuredmedia":[{"embeddable":true,"href":"https:\/\/www.3p-gmbh.de\/pl\/wp-json\/wp\/v2\/media\/114880"}],"wp:attachment":[{"href":"https:\/\/www.3p-gmbh.de\/pl\/wp-json\/wp\/v2\/media?parent=114865"}],"wp:term":[{"taxonomy":"product_brand","embeddable":true,"href":"https:\/\/www.3p-gmbh.de\/pl\/wp-json\/wp\/v2\/product_brand?post=114865"},{"taxonomy":"product_cat","embeddable":true,"href":"https:\/\/www.3p-gmbh.de\/pl\/wp-json\/wp\/v2\/product_cat?post=114865"},{"taxonomy":"product_tag","embeddable":true,"href":"https:\/\/www.3p-gmbh.de\/pl\/wp-json\/wp\/v2\/product_tag?post=114865"}],"curies":[{"name":"wp","href":"https:\/\/api.w.org\/{rel}","templated":true}]}}