{"id":114838,"date":"2023-06-13T23:21:52","date_gmt":"2023-06-13T23:21:52","guid":{"rendered":"https:\/\/www.3p-gmbh.de\/produkt\/uniwersalna-wykrawarka-karl-traenklein-usm-900-ze-specjalnym-narzedziem-do-wykrawania-kartonow\/"},"modified":"2023-06-13T23:21:52","modified_gmt":"2023-06-13T23:21:52","slug":"uniwersalna-wykrawarka-karl-traenklein-usm-900-ze-specjalnym-narzedziem-do-wykrawania-kartonow","status":"publish","type":"product","link":"https:\/\/www.3p-gmbh.de\/pl\/produkt\/uniwersalna-wykrawarka-karl-traenklein-usm-900-ze-specjalnym-narzedziem-do-wykrawania-kartonow\/","title":{"rendered":"Uniwersalna wykrawarka Karl Tr\u00e4nklein USM 900 ze specjalnym narz\u0119dziem do wykrawania karton\u00f3w"},"content":{"rendered":"<p><strong>Uniwersalna wykrawarka Karl Tr\u00e4nklein USM 900 ze specjalnym narz\u0119dziem do wykrawania karton\u00f3w<\/strong><\/p>\n<p>nadaje si\u0119 do dziurkowania papieru, kartonu, plastiku itp.<br \/>\nMo\u017ce by\u0107 wyposa\u017cony w wiele \u0142atwo wymiennych narz\u0119dzi wykrawaj\u0105cych do szerokiej gamy zada\u0144 wykrawania.<br \/>\nKonstrukcja wykrawarki sk\u0142ada si\u0119 z trzech g\u0142\u00f3wnych cz\u0119\u015bci: Ramy podstawy, suwaka narz\u0119dziowego i sto\u0142u podporowego.<br \/>\nSkok jest wyzwalany za pomoc\u0105 elektrycznego prze\u0142\u0105cznika no\u017cnego, a wysoko\u015b\u0107 skoku maszyny mo\u017cna regulowa\u0107 w zale\u017cno\u015bci od kszta\u0142tu narz\u0119dzia i wykrawanego materia\u0142u. Odpady powstaj\u0105ce podczas wykrawania spadaj\u0105 po bokach przez dwa zsypy i mog\u0105 by\u0107 zbierane do pojemnik\u00f3w.<\/p>\n<ul>\n<li>do dziurkowania papieru, kartonu i plastiku z g\u00f3rnym i dolnym ostrzem<\/li>\n<li>wyposa\u017cenie elektryczne: silnik z hamulcem z\u0119batym 400 V, 3 fazy, 50 Hz, 1,5 kW<\/li>\n<li>Wysoko\u015b\u0107 uk\u0142adania w stos maks. 80 mm<\/li>\n<li>Skok maks. 100 mm<\/li>\n<li>Rozmiar sto\u0142u 900 x 480 mm<\/li>\n<li>Wymagana przestrze\u0144 100 x 95 x 140 cm<\/li>\n<li>Masa netto 350 kg<\/li>\n<\/ul>\n<div style=\"width: 640px;\" class=\"wp-video\"><video class=\"wp-video-shortcode\" id=\"video-114838-1\" width=\"640\" height=\"352\" preload=\"metadata\" controls=\"controls\"><source type=\"video\/mp4\" src=\"https:\/\/www.3p-gmbh.de\/wp-content\/uploads\/2023\/06\/Karl-Traenklein-USM-900-1.mp4?_=1\" \/><a href=\"https:\/\/www.3p-gmbh.de\/wp-content\/uploads\/2023\/06\/Karl-Traenklein-USM-900-1.mp4\">https:\/\/www.3p-gmbh.de\/wp-content\/uploads\/2023\/06\/Karl-Traenklein-USM-900-1.mp4<\/a><\/video><\/div>\n","protected":false},"excerpt":{"rendered":"<p>Uniwersalna wykrawarka Karl Tr\u00e4nklein USM 900 ze specjalnym narz\u0119dziem do wykrawania karton\u00f3w nadaje si\u0119 do dziurkowania papieru, kartonu, plastiku itp. Mo\u017ce by\u0107 wyposa\u017cony w wiele \u0142atwo wymiennych narz\u0119dzi wykrawaj\u0105cych do szerokiej gamy zada\u0144 wykrawania. Konstrukcja wykrawarki sk\u0142ada si\u0119 z trzech g\u0142\u00f3wnych cz\u0119\u015bci: Ramy podstawy, suwaka narz\u0119dziowego i sto\u0142u podporowego. Skok jest wyzwalany za pomoc\u0105 elektrycznego [&hellip;]<\/p>\n","protected":false},"featured_media":114839,"template":"","meta":[],"product_brand":[],"product_cat":[3880],"product_tag":[],"class_list":{"0":"post-114838","1":"product","2":"type-product","3":"status-publish","4":"has-post-thumbnail","6":"product_cat-wbijanie","7":"pa_hersteller-karl-traenklein","8":"pa_typ-usm-900","10":"first","11":"instock","12":"taxable","13":"shipping-taxable","14":"product-type-simple"},"jetpack_sharing_enabled":true,"_links":{"self":[{"href":"https:\/\/www.3p-gmbh.de\/pl\/wp-json\/wp\/v2\/product\/114838","targetHints":{"allow":["GET"]}}],"collection":[{"href":"https:\/\/www.3p-gmbh.de\/pl\/wp-json\/wp\/v2\/product"}],"about":[{"href":"https:\/\/www.3p-gmbh.de\/pl\/wp-json\/wp\/v2\/types\/product"}],"wp:featuredmedia":[{"embeddable":true,"href":"https:\/\/www.3p-gmbh.de\/pl\/wp-json\/wp\/v2\/media\/114839"}],"wp:attachment":[{"href":"https:\/\/www.3p-gmbh.de\/pl\/wp-json\/wp\/v2\/media?parent=114838"}],"wp:term":[{"taxonomy":"product_brand","embeddable":true,"href":"https:\/\/www.3p-gmbh.de\/pl\/wp-json\/wp\/v2\/product_brand?post=114838"},{"taxonomy":"product_cat","embeddable":true,"href":"https:\/\/www.3p-gmbh.de\/pl\/wp-json\/wp\/v2\/product_cat?post=114838"},{"taxonomy":"product_tag","embeddable":true,"href":"https:\/\/www.3p-gmbh.de\/pl\/wp-json\/wp\/v2\/product_tag?post=114838"}],"curies":[{"name":"wp","href":"https:\/\/api.w.org\/{rel}","templated":true}]}}