{"id":114820,"date":"2023-06-13T23:45:51","date_gmt":"2023-06-13T23:45:51","guid":{"rendered":"https:\/\/www.3p-gmbh.de\/produkt\/nagel-sp-plus-square-press-ernst-nagel-sp-plus-online\/"},"modified":"2023-06-13T23:45:51","modified_gmt":"2023-06-13T23:45:51","slug":"nagel-sp-plus-square-press-ernst-nagel-sp-plus-online","status":"publish","type":"product","link":"https:\/\/www.3p-gmbh.de\/pl\/produkt\/nagel-sp-plus-square-press-ernst-nagel-sp-plus-online\/","title":{"rendered":"Nagel SP Plus Square Press &#8211; Ernst Nagel SP Plus online"},"content":{"rendered":"<p><strong>Nagel SP Plus Square Press &#8211; Ernst Nagel SP Plus online<\/strong><br \/>\n<strong>U\u017cywane urz\u0105dzenie<\/strong><\/p>\n<p>Ju\u017c zszyty grzbiet broszury zyskuje wygl\u0105d wysokiej jako\u015bci doskona\u0142ej oprawy poprzez t\u0142oczenie.<\/p>\n<p>Twoja przewaga:<br \/>\nGrzbiet broszury mo\u017ce by\u0107 zadrukowany. Uk\u0142adanie, przechowywanie i pakowanie jest \u0142atwiejsze i zajmuje mniej miejsca, a broszury ju\u017c si\u0119 nie otwieraj\u0105.<\/p>\n<p>SP Plus jest niezwykle elastyczny w u\u017cyciu:<br \/>\nOffline mobile w dalszym przetwarzaniu,<br \/>\njako wersja online bezpo\u015brednio za Foldnak 8, Foldnak 80, Foldnak 100 jako szybkie i bezpieczne rozwi\u0105zanie inline<\/p>\n<p>do 30 arkuszy (80 g\/m2) na broszur\u0119 w formacie do 350 mm x 250 mm.<br \/>\nW pojedynczym cyklu, SP Plus Offline mo\u017ce osi\u0105gn\u0105\u0107 do 1200 na godzin\u0119.<\/p>\n","protected":false},"excerpt":{"rendered":"<p>Nagel SP Plus Square Press &#8211; Ernst Nagel SP Plus online U\u017cywane urz\u0105dzenie Ju\u017c zszyty grzbiet broszury zyskuje wygl\u0105d wysokiej jako\u015bci doskona\u0142ej oprawy poprzez t\u0142oczenie. Twoja przewaga: Grzbiet broszury mo\u017ce by\u0107 zadrukowany. Uk\u0142adanie, przechowywanie i pakowanie jest \u0142atwiejsze i zajmuje mniej miejsca, a broszury ju\u017c si\u0119 nie otwieraj\u0105. SP Plus jest niezwykle elastyczny w u\u017cyciu: [&hellip;]<\/p>\n","protected":false},"featured_media":114827,"template":"","meta":[],"product_brand":[],"product_cat":[3649],"product_tag":[],"class_list":{"0":"post-114820","1":"product","2":"type-product","3":"status-publish","4":"has-post-thumbnail","6":"product_cat-systemy-produkcji-broszur","7":"pa_hersteller-ernst-nagel","8":"pa_typ-sp-plus","10":"first","11":"instock","12":"taxable","13":"shipping-taxable","14":"product-type-simple"},"jetpack_sharing_enabled":true,"_links":{"self":[{"href":"https:\/\/www.3p-gmbh.de\/pl\/wp-json\/wp\/v2\/product\/114820","targetHints":{"allow":["GET"]}}],"collection":[{"href":"https:\/\/www.3p-gmbh.de\/pl\/wp-json\/wp\/v2\/product"}],"about":[{"href":"https:\/\/www.3p-gmbh.de\/pl\/wp-json\/wp\/v2\/types\/product"}],"wp:featuredmedia":[{"embeddable":true,"href":"https:\/\/www.3p-gmbh.de\/pl\/wp-json\/wp\/v2\/media\/114827"}],"wp:attachment":[{"href":"https:\/\/www.3p-gmbh.de\/pl\/wp-json\/wp\/v2\/media?parent=114820"}],"wp:term":[{"taxonomy":"product_brand","embeddable":true,"href":"https:\/\/www.3p-gmbh.de\/pl\/wp-json\/wp\/v2\/product_brand?post=114820"},{"taxonomy":"product_cat","embeddable":true,"href":"https:\/\/www.3p-gmbh.de\/pl\/wp-json\/wp\/v2\/product_cat?post=114820"},{"taxonomy":"product_tag","embeddable":true,"href":"https:\/\/www.3p-gmbh.de\/pl\/wp-json\/wp\/v2\/product_tag?post=114820"}],"curies":[{"name":"wp","href":"https:\/\/api.w.org\/{rel}","templated":true}]}}