{"id":114798,"date":"2023-07-04T09:40:30","date_gmt":"2023-07-04T09:40:30","guid":{"rendered":"https:\/\/www.3p-gmbh.de\/produkt\/rarytas-2x-muller-martini-hk-75-glowki-oczkowe-08-mm-dla-szwaczek-siodelkowych\/"},"modified":"2023-07-04T09:40:30","modified_gmt":"2023-07-04T09:40:30","slug":"rarytas-2x-muller-martini-hk-75-glowki-oczkowe-08-mm-dla-szwaczek-siodelkowych","status":"publish","type":"product","link":"https:\/\/www.3p-gmbh.de\/pl\/produkt\/rarytas-2x-muller-martini-hk-75-glowki-oczkowe-08-mm-dla-szwaczek-siodelkowych\/","title":{"rendered":"Rarytas 2x Muller Martini HK 75 g\u0142\u00f3wki oczkowe 0,8 mm dla szwaczek siode\u0142kowych"},"content":{"rendered":"<p><strong>Rarytas 2x Muller Martini HK 75 g\u0142\u00f3wki oczkowe 0,8 mm dla szwaczek siode\u0142kowych<\/strong><\/p>\n<p>dla serii Primera , Prima , Bravo , Valore<br \/>\nMM Nr cz\u0119\u015bci 0249.0050<\/p>\n<p>&nbsp;<\/p>\n","protected":false},"excerpt":{"rendered":"<p>Rarytas 2x Muller Martini HK 75 g\u0142\u00f3wki oczkowe 0,8 mm dla szwaczek siode\u0142kowych dla serii Primera , Prima , Bravo , Valore MM Nr cz\u0119\u015bci 0249.0050 &nbsp;<\/p>\n","protected":false},"featured_media":114812,"template":"","meta":[],"product_brand":[],"product_cat":[3719,3718],"product_tag":[],"class_list":{"0":"post-114798","1":"product","2":"type-product","3":"status-publish","4":"has-post-thumbnail","6":"product_cat-akcesoria","7":"product_cat-zszywacz-siodlowy","8":"pa_hersteller-mueller-martini","9":"pa_typ-hk-75","11":"first","12":"instock","13":"taxable","14":"shipping-taxable","15":"product-type-simple"},"jetpack_sharing_enabled":true,"_links":{"self":[{"href":"https:\/\/www.3p-gmbh.de\/pl\/wp-json\/wp\/v2\/product\/114798","targetHints":{"allow":["GET"]}}],"collection":[{"href":"https:\/\/www.3p-gmbh.de\/pl\/wp-json\/wp\/v2\/product"}],"about":[{"href":"https:\/\/www.3p-gmbh.de\/pl\/wp-json\/wp\/v2\/types\/product"}],"wp:featuredmedia":[{"embeddable":true,"href":"https:\/\/www.3p-gmbh.de\/pl\/wp-json\/wp\/v2\/media\/114812"}],"wp:attachment":[{"href":"https:\/\/www.3p-gmbh.de\/pl\/wp-json\/wp\/v2\/media?parent=114798"}],"wp:term":[{"taxonomy":"product_brand","embeddable":true,"href":"https:\/\/www.3p-gmbh.de\/pl\/wp-json\/wp\/v2\/product_brand?post=114798"},{"taxonomy":"product_cat","embeddable":true,"href":"https:\/\/www.3p-gmbh.de\/pl\/wp-json\/wp\/v2\/product_cat?post=114798"},{"taxonomy":"product_tag","embeddable":true,"href":"https:\/\/www.3p-gmbh.de\/pl\/wp-json\/wp\/v2\/product_tag?post=114798"}],"curies":[{"name":"wp","href":"https:\/\/api.w.org\/{rel}","templated":true}]}}