{"id":114796,"date":"2023-04-19T09:39:37","date_gmt":"2023-04-19T09:39:37","guid":{"rendered":"https:\/\/www.3p-gmbh.de\/produkt\/ernst-nagel-digi-rillnak-model-stolowy\/"},"modified":"2023-04-19T09:39:37","modified_gmt":"2023-04-19T09:39:37","slug":"ernst-nagel-digi-rillnak-model-stolowy","status":"publish","type":"product","link":"https:\/\/www.3p-gmbh.de\/pl\/produkt\/ernst-nagel-digi-rillnak-model-stolowy\/","title":{"rendered":"Ernst NAGEL Digi Rillnak &#8211; model sto\u0142owy"},"content":{"rendered":"<p><strong>Ernst NAGEL Digi-Rillnak<\/strong><br \/>\n<strong>Programowalne odleg\u0142o\u015bci bigowania z systemem r\u0119cznym<\/strong><\/p>\n<p>Digi-Rillnak biguje te same formaty co znany Auto-Rillnak, ale jest &#8222;podawany&#8221; r\u0119cznie.<br \/>\nPodobnie jak wszystkie modele Rillnak, Digi-Rillnak przetwarza materia\u0142 &#8222;za pomoc\u0105 sprawdzonej technologii belki biguj\u0105cej z rowkiem biguj\u0105cym&#8221;.<br \/>\nMateria\u0142 jest delikatnie \u015bciskany podczas procesu bigowania, co zapobiega z\u0142uszczaniu si\u0119 farby drukarskiej lub rozdzieraniu si\u0119 materia\u0142u podczas sk\u0142adania.<br \/>\nDigi-Rillnak jest wszechstronny, posiada narz\u0119dzie perforuj\u0105ce w standardzie i mo\u017ce by\u0107 \u0142atwo i szybko obs\u0142ugiwany za pomoc\u0105 joysticka wraz z czytelnym wy\u015bwietlaczem.<\/p>\n<p><em><strong>Dane techniczne<\/strong><\/em><br \/>\nZalecana gramatura papieru: 70 &#8211; 350 g\/m\u00b2<br \/>\nPami\u0119\u0107 programu: 9<br \/>\nRowki na arkusz: maks. 9<br \/>\nRozmiar papieru: maks. 630 x 330, min. 140 x 140 mm<br \/>\nPr\u0119dko\u015b\u0107 (arkusze\/godzin\u0119): do 4000<br \/>\nMin. Odst\u0119p bigowania 4 mm (od przedniej kraw\u0119dzi arkusza 25 mm, od tylnej kraw\u0119dzi arkusza 20 mm)<br \/>\nAkcesoria do no\u017cy perforuj\u0105cych<br \/>\nopcjonalnie: perforator 96\/56\/28\/20 z\u0119b\u00f3w<br \/>\nopcjonalnie: stojak<br \/>\nD\u0142. x wys. x szer. (mm) 800 x 500 x 500<br \/>\nWaga netto\/opakowanie (kg): 55\/80<br \/>\nZasilanie: 240 V\/ 50 Hz<\/p>\n","protected":false},"excerpt":{"rendered":"<p>Ernst NAGEL Digi-Rillnak Programowalne odleg\u0142o\u015bci bigowania z systemem r\u0119cznym Digi-Rillnak biguje te same formaty co znany Auto-Rillnak, ale jest &#8222;podawany&#8221; r\u0119cznie. Podobnie jak wszystkie modele Rillnak, Digi-Rillnak przetwarza materia\u0142 &#8222;za pomoc\u0105 sprawdzonej technologii belki biguj\u0105cej z rowkiem biguj\u0105cym&#8221;. Materia\u0142 jest delikatnie \u015bciskany podczas procesu bigowania, co zapobiega z\u0142uszczaniu si\u0119 farby drukarskiej lub rozdzieraniu si\u0119 materia\u0142u [&hellip;]<\/p>\n","protected":false},"featured_media":114808,"template":"","meta":[],"product_brand":[],"product_cat":[4012],"product_tag":[],"class_list":{"0":"post-114796","1":"product","2":"type-product","3":"status-publish","4":"has-post-thumbnail","6":"product_cat-maszyny-do-rowkowania-i-perforowania","7":"pa_hersteller-ernst-nagel","8":"pa_typ-digi-rillnak","10":"first","11":"instock","12":"taxable","13":"shipping-taxable","14":"product-type-simple"},"jetpack_sharing_enabled":true,"_links":{"self":[{"href":"https:\/\/www.3p-gmbh.de\/pl\/wp-json\/wp\/v2\/product\/114796","targetHints":{"allow":["GET"]}}],"collection":[{"href":"https:\/\/www.3p-gmbh.de\/pl\/wp-json\/wp\/v2\/product"}],"about":[{"href":"https:\/\/www.3p-gmbh.de\/pl\/wp-json\/wp\/v2\/types\/product"}],"wp:featuredmedia":[{"embeddable":true,"href":"https:\/\/www.3p-gmbh.de\/pl\/wp-json\/wp\/v2\/media\/114808"}],"wp:attachment":[{"href":"https:\/\/www.3p-gmbh.de\/pl\/wp-json\/wp\/v2\/media?parent=114796"}],"wp:term":[{"taxonomy":"product_brand","embeddable":true,"href":"https:\/\/www.3p-gmbh.de\/pl\/wp-json\/wp\/v2\/product_brand?post=114796"},{"taxonomy":"product_cat","embeddable":true,"href":"https:\/\/www.3p-gmbh.de\/pl\/wp-json\/wp\/v2\/product_cat?post=114796"},{"taxonomy":"product_tag","embeddable":true,"href":"https:\/\/www.3p-gmbh.de\/pl\/wp-json\/wp\/v2\/product_tag?post=114796"}],"curies":[{"name":"wp","href":"https:\/\/api.w.org\/{rel}","templated":true}]}}