{"id":114795,"date":"2023-04-24T09:22:14","date_gmt":"2023-04-24T09:22:14","guid":{"rendered":"https:\/\/www.3p-gmbh.de\/produkt\/odkurzacz-do-tonerow-convac-vac-3000-cq\/"},"modified":"2023-04-24T09:22:14","modified_gmt":"2023-04-24T09:22:14","slug":"odkurzacz-do-tonerow-convac-vac-3000-cq","status":"publish","type":"product","link":"https:\/\/www.3p-gmbh.de\/pl\/produkt\/odkurzacz-do-tonerow-convac-vac-3000-cq\/","title":{"rendered":"Odkurzacz do toner\u00f3w Convac VAC 3000 CQ"},"content":{"rendered":"<p><strong>Odkurzacz do toner\u00f3w Convac VAC 3000 CQ<\/strong><\/p>\n<p><em><strong>Zakres dostawy<\/strong><\/em><br \/>\nU\u017cywane urz\u0105dzenie z wtyczk\u0105 europejsk\u0105<br \/>\nZakrzywiony pr\u0119t fajki, p\u0142aska szczotka przeciwpy\u0142owa i wk\u0142ad filtra przeciwpy\u0142owego<br \/>\nPrzeno\u015bny odkurzacz r\u0119czny Convac do ma\u0142ych cz\u0105stek ma pojemno\u015b\u0107 na sucho 4,6 litra i zakres napi\u0119cia zasilania od 220 V AC do 240 V AC.<br \/>\nTen \u015brodek czyszcz\u0105cy jest u\u017cywany g\u0142\u00f3wnie do zastosowa\u0144 domowych.<br \/>\nWysokiej jako\u015bci system filtr\u00f3w jest wykonany z materia\u0142\u00f3w przewodz\u0105cych, dzi\u0119ki czemu urz\u0105dzenie jest bezpieczne i \u0142atwe w u\u017cyciu.<br \/>\nZawiera zakrzywion\u0105 szczotk\u0119 do odkurzania, p\u0142ask\u0105 szczotk\u0119 do odkurzania, du\u017c\u0105 szczotk\u0119 do odkurzania i mi\u0119kk\u0105 szczotk\u0119 do odkurzania.<\/p>\n<p><em><br \/>\n  <strong>Cechy i zalety<br \/>\n<\/strong><br \/>\n<\/em>Moc znamionowa wynosi 800 W<br \/>\nWtyczka Euro typu C<\/p>\n<p><em><br \/>\n  <strong>Zastosowania<br \/>\n<\/strong><br \/>\n<\/em>P\u0142ytki drukowane<br \/>\nKlawiatury<br \/>\nfotokopiarki<br \/>\nDrukarka<\/p>\n<p><em><br \/>\n  <strong>Certyfikaty<br \/>\n<\/strong><br \/>\n<\/em>ANSI\/ESD S20.20:2014<br \/>\nBS EN 61340-5-1:2007<\/p>\n<p><em><strong>Dane techniczne<\/strong><\/em><br \/>\nAplikacja dla ma\u0142ych cz\u0105stek<br \/>\nNapi\u0119cie zasilania 220 \u2192 240 V AC<br \/>\nZ workiem\/bez worka: Bez worka<br \/>\nMokry\/suchy: Suchy<br \/>\nPojemno\u015b\u0107 suszenia: 4,6 l Wk\u0142ad Hepa<br \/>\nMoc: 800 W<\/p>\n","protected":false},"excerpt":{"rendered":"<p>Odkurzacz do toner\u00f3w Convac VAC 3000 CQ Zakres dostawy U\u017cywane urz\u0105dzenie z wtyczk\u0105 europejsk\u0105 Zakrzywiony pr\u0119t fajki, p\u0142aska szczotka przeciwpy\u0142owa i wk\u0142ad filtra przeciwpy\u0142owego Przeno\u015bny odkurzacz r\u0119czny Convac do ma\u0142ych cz\u0105stek ma pojemno\u015b\u0107 na sucho 4,6 litra i zakres napi\u0119cia zasilania od 220 V AC do 240 V AC. Ten \u015brodek czyszcz\u0105cy jest u\u017cywany g\u0142\u00f3wnie [&hellip;]<\/p>\n","protected":false},"featured_media":114799,"template":"","meta":[],"product_brand":[],"product_cat":[3652,3738],"product_tag":[],"class_list":{"0":"post-114795","1":"product","2":"type-product","3":"status-publish","4":"has-post-thumbnail","6":"product_cat-cyfrowy-druck","7":"product_cat-wyposazenie-warsztatu","8":"pa_hersteller-convac","9":"pa_typ-vac-3000-cq","11":"first","12":"instock","13":"taxable","14":"shipping-taxable","15":"product-type-simple"},"jetpack_sharing_enabled":true,"_links":{"self":[{"href":"https:\/\/www.3p-gmbh.de\/pl\/wp-json\/wp\/v2\/product\/114795","targetHints":{"allow":["GET"]}}],"collection":[{"href":"https:\/\/www.3p-gmbh.de\/pl\/wp-json\/wp\/v2\/product"}],"about":[{"href":"https:\/\/www.3p-gmbh.de\/pl\/wp-json\/wp\/v2\/types\/product"}],"wp:featuredmedia":[{"embeddable":true,"href":"https:\/\/www.3p-gmbh.de\/pl\/wp-json\/wp\/v2\/media\/114799"}],"wp:attachment":[{"href":"https:\/\/www.3p-gmbh.de\/pl\/wp-json\/wp\/v2\/media?parent=114795"}],"wp:term":[{"taxonomy":"product_brand","embeddable":true,"href":"https:\/\/www.3p-gmbh.de\/pl\/wp-json\/wp\/v2\/product_brand?post=114795"},{"taxonomy":"product_cat","embeddable":true,"href":"https:\/\/www.3p-gmbh.de\/pl\/wp-json\/wp\/v2\/product_cat?post=114795"},{"taxonomy":"product_tag","embeddable":true,"href":"https:\/\/www.3p-gmbh.de\/pl\/wp-json\/wp\/v2\/product_tag?post=114795"}],"curies":[{"name":"wp","href":"https:\/\/api.w.org\/{rel}","templated":true}]}}