{"id":114794,"date":"2023-04-17T12:58:55","date_gmt":"2023-04-17T12:58:55","guid":{"rendered":"https:\/\/www.3p-gmbh.de\/produkt\/szuflada-na-zszywki-introligatorskie-wykonana-z-drewna-bukowego\/"},"modified":"2023-04-17T12:58:55","modified_gmt":"2023-04-17T12:58:55","slug":"szuflada-na-zszywki-introligatorskie-wykonana-z-drewna-bukowego","status":"publish","type":"product","link":"https:\/\/www.3p-gmbh.de\/pl\/produkt\/szuflada-na-zszywki-introligatorskie-wykonana-z-drewna-bukowego\/","title":{"rendered":"Szuflada na zszywki introligatorskie wykonana z drewna bukowego"},"content":{"rendered":"<p><strong>Szuflada na zszywki introligatorskie wykonana z drewna bukowego<\/strong><\/p>\n<p>Do napinania sznurk\u00f3w lub ta\u015bm szwalniczych do r\u0119cznego szycia nici\u0105<\/p>\n<p>Zalety wrzecion wpuszczanych:<br \/>\n&#8211; \u0141atwiejsza praca (\u0142atwiejszy dost\u0119p do wrzecion)<br \/>\n&#8211; mo\u017cna zszywa\u0107 wi\u0119cej warstw<\/p>\n","protected":false},"excerpt":{"rendered":"<p>Szuflada na zszywki introligatorskie wykonana z drewna bukowego Do napinania sznurk\u00f3w lub ta\u015bm szwalniczych do r\u0119cznego szycia nici\u0105 Zalety wrzecion wpuszczanych: &#8211; \u0141atwiejsza praca (\u0142atwiejszy dost\u0119p do wrzecion) &#8211; mo\u017cna zszywa\u0107 wi\u0119cej warstw<\/p>\n","protected":false},"featured_media":114797,"template":"","meta":[],"product_brand":[],"product_cat":[3879],"product_tag":[],"class_list":{"0":"post-114794","1":"product","2":"type-product","3":"status-publish","4":"has-post-thumbnail","6":"product_cat-introligatorstwo-asortymentowe","8":"first","9":"instock","10":"taxable","11":"shipping-taxable","12":"product-type-simple"},"jetpack_sharing_enabled":true,"_links":{"self":[{"href":"https:\/\/www.3p-gmbh.de\/pl\/wp-json\/wp\/v2\/product\/114794","targetHints":{"allow":["GET"]}}],"collection":[{"href":"https:\/\/www.3p-gmbh.de\/pl\/wp-json\/wp\/v2\/product"}],"about":[{"href":"https:\/\/www.3p-gmbh.de\/pl\/wp-json\/wp\/v2\/types\/product"}],"wp:featuredmedia":[{"embeddable":true,"href":"https:\/\/www.3p-gmbh.de\/pl\/wp-json\/wp\/v2\/media\/114797"}],"wp:attachment":[{"href":"https:\/\/www.3p-gmbh.de\/pl\/wp-json\/wp\/v2\/media?parent=114794"}],"wp:term":[{"taxonomy":"product_brand","embeddable":true,"href":"https:\/\/www.3p-gmbh.de\/pl\/wp-json\/wp\/v2\/product_brand?post=114794"},{"taxonomy":"product_cat","embeddable":true,"href":"https:\/\/www.3p-gmbh.de\/pl\/wp-json\/wp\/v2\/product_cat?post=114794"},{"taxonomy":"product_tag","embeddable":true,"href":"https:\/\/www.3p-gmbh.de\/pl\/wp-json\/wp\/v2\/product_tag?post=114794"}],"curies":[{"name":"wp","href":"https:\/\/api.w.org\/{rel}","templated":true}]}}