{"id":114740,"date":"2023-07-26T22:02:25","date_gmt":"2023-07-26T22:02:25","guid":{"rendered":"https:\/\/www.3p-gmbh.de\/produkt\/wozek-widlowy-wysokiego-podnoszenia-hs-1029\/"},"modified":"2023-07-26T22:02:25","modified_gmt":"2023-07-26T22:02:25","slug":"wozek-widlowy-wysokiego-podnoszenia-hs-1029","status":"publish","type":"product","link":"https:\/\/www.3p-gmbh.de\/pl\/produkt\/wozek-widlowy-wysokiego-podnoszenia-hs-1029\/","title":{"rendered":"W\u00f3zek wid\u0142owy wysokiego podnoszenia HS 1029"},"content":{"rendered":"<p><strong>W\u00f3zek wid\u0142owy wysokiego podnoszenia HS 1029<\/strong><br \/>\n<strong>od 2010 r.<\/strong><\/p>\n<p>Ten hydrauliczny w\u00f3zek paletowy sk\u0142ada si\u0119 z solidnej, spawanej i wytrzyma\u0142ej konstrukcji stalowej.<br \/>\nUrz\u0105dzenie podnosi \u0142adunki o masie do 1000 kg i wysoko\u015bci podnoszenia 2780 mm.<br \/>\nW\u00f3zek paletowy u\u0142atwia prac\u0119 z paletami i pojemnikami oraz zapewnia ergonomiczn\u0105 metod\u0119 pracy.<br \/>\nJest on obs\u0142ugiwany jedn\u0105 r\u0119k\u0105 za pomoc\u0105 bezpiecznego sterownicy.<\/p>\n<p>Dalsze funkcje:<br \/>\n&#8211; Solidna spawana konstrukcja stalowa<br \/>\n&#8211; Wytrzyma\u0142a pow\u0142oka proszkowa w kolorze RAL 1028<br \/>\n&#8211; Ko\u0142a z oponami poliuretanowymi<br \/>\n&#8211; Oba k\u00f3\u0142ka skr\u0119tne z hamulcami<\/p>\n<p>Wymiary d\u0142. x szer. x wys.: 1705 x 755 x 2080 mm<br \/>\nTyp nap\u0119du: r\u0119czny<br \/>\nTyp: W\u00f3zek wysokiego podnoszenia<br \/>\nWysoko\u015b\u0107 ca\u0142kowita: 2080 mm<br \/>\nWaga w\u0142asna: 230 kg<br \/>\nD\u0142ugo\u015b\u0107 widelca: 1150 mm<br \/>\nWysoko\u015b\u0107 podnoszenia: 2780 mm<br \/>\n\u015arodek ci\u0119\u017cko\u015bci \u0142adunku: 600 mm<br \/>\nK\u00f3\u0142ka obrotowe: 150 x 40 mm<br \/>\nUd\u017awig: 1000 kg<br \/>\nPromie\u0144 skr\u0119tu: 1380 mm<\/p>\n","protected":false},"excerpt":{"rendered":"<p>W\u00f3zek wid\u0142owy wysokiego podnoszenia HS 1029 od 2010 r. Ten hydrauliczny w\u00f3zek paletowy sk\u0142ada si\u0119 z solidnej, spawanej i wytrzyma\u0142ej konstrukcji stalowej. Urz\u0105dzenie podnosi \u0142adunki o masie do 1000 kg i wysoko\u015bci podnoszenia 2780 mm. W\u00f3zek paletowy u\u0142atwia prac\u0119 z paletami i pojemnikami oraz zapewnia ergonomiczn\u0105 metod\u0119 pracy. Jest on obs\u0142ugiwany jedn\u0105 r\u0119k\u0105 za pomoc\u0105 [&hellip;]<\/p>\n","protected":false},"featured_media":114741,"template":"","meta":[],"product_brand":[],"product_cat":[3865],"product_tag":[],"class_list":{"0":"post-114740","1":"product","2":"type-product","3":"status-publish","4":"has-post-thumbnail","6":"product_cat-pojazdy-przemyslowe","7":"pa_bezeichnung_typ-hs-1029","9":"first","10":"instock","11":"taxable","12":"shipping-taxable","13":"product-type-simple"},"jetpack_sharing_enabled":true,"_links":{"self":[{"href":"https:\/\/www.3p-gmbh.de\/pl\/wp-json\/wp\/v2\/product\/114740","targetHints":{"allow":["GET"]}}],"collection":[{"href":"https:\/\/www.3p-gmbh.de\/pl\/wp-json\/wp\/v2\/product"}],"about":[{"href":"https:\/\/www.3p-gmbh.de\/pl\/wp-json\/wp\/v2\/types\/product"}],"wp:featuredmedia":[{"embeddable":true,"href":"https:\/\/www.3p-gmbh.de\/pl\/wp-json\/wp\/v2\/media\/114741"}],"wp:attachment":[{"href":"https:\/\/www.3p-gmbh.de\/pl\/wp-json\/wp\/v2\/media?parent=114740"}],"wp:term":[{"taxonomy":"product_brand","embeddable":true,"href":"https:\/\/www.3p-gmbh.de\/pl\/wp-json\/wp\/v2\/product_brand?post=114740"},{"taxonomy":"product_cat","embeddable":true,"href":"https:\/\/www.3p-gmbh.de\/pl\/wp-json\/wp\/v2\/product_cat?post=114740"},{"taxonomy":"product_tag","embeddable":true,"href":"https:\/\/www.3p-gmbh.de\/pl\/wp-json\/wp\/v2\/product_tag?post=114740"}],"curies":[{"name":"wp","href":"https:\/\/api.w.org\/{rel}","templated":true}]}}