{"id":114736,"date":"2023-07-09T10:10:47","date_gmt":"2023-07-09T10:10:47","guid":{"rendered":"https:\/\/www.3p-gmbh.de\/produkt\/stalowy-lancuch-rolkowy-heidelberg-do-zszywarki-siodlowej-st-350\/"},"modified":"2023-07-09T10:10:47","modified_gmt":"2023-07-09T10:10:47","slug":"stalowy-lancuch-rolkowy-heidelberg-do-zszywarki-siodlowej-st-350","status":"publish","type":"product","link":"https:\/\/www.3p-gmbh.de\/pl\/produkt\/stalowy-lancuch-rolkowy-heidelberg-do-zszywarki-siodlowej-st-350\/","title":{"rendered":"Stalowy \u0142a\u0144cuch rolkowy Heidelberg do zszywarki siod\u0142owej ST 350"},"content":{"rendered":"<p><strong>Stalowy \u0142a\u0144cuch rolkowy Heidelberg do zszywarki siod\u0142owej ST 350<\/strong><\/p>\n<p>Cz\u0119\u015b\u0107 08B-1X124E-SYNO<\/p>\n","protected":false},"excerpt":{"rendered":"<p>Stalowy \u0142a\u0144cuch rolkowy Heidelberg do zszywarki siod\u0142owej ST 350 Cz\u0119\u015b\u0107 08B-1X124E-SYNO<\/p>\n","protected":false},"featured_media":114737,"template":"","meta":[],"product_brand":[],"product_cat":[3719],"product_tag":[],"class_list":{"0":"post-114736","1":"product","2":"type-product","3":"status-publish","4":"has-post-thumbnail","6":"product_cat-akcesoria","7":"pa_hersteller-heidelberg","8":"pa_typ-st-350","10":"first","11":"instock","12":"taxable","13":"shipping-taxable","14":"product-type-simple"},"jetpack_sharing_enabled":true,"_links":{"self":[{"href":"https:\/\/www.3p-gmbh.de\/pl\/wp-json\/wp\/v2\/product\/114736","targetHints":{"allow":["GET"]}}],"collection":[{"href":"https:\/\/www.3p-gmbh.de\/pl\/wp-json\/wp\/v2\/product"}],"about":[{"href":"https:\/\/www.3p-gmbh.de\/pl\/wp-json\/wp\/v2\/types\/product"}],"wp:featuredmedia":[{"embeddable":true,"href":"https:\/\/www.3p-gmbh.de\/pl\/wp-json\/wp\/v2\/media\/114737"}],"wp:attachment":[{"href":"https:\/\/www.3p-gmbh.de\/pl\/wp-json\/wp\/v2\/media?parent=114736"}],"wp:term":[{"taxonomy":"product_brand","embeddable":true,"href":"https:\/\/www.3p-gmbh.de\/pl\/wp-json\/wp\/v2\/product_brand?post=114736"},{"taxonomy":"product_cat","embeddable":true,"href":"https:\/\/www.3p-gmbh.de\/pl\/wp-json\/wp\/v2\/product_cat?post=114736"},{"taxonomy":"product_tag","embeddable":true,"href":"https:\/\/www.3p-gmbh.de\/pl\/wp-json\/wp\/v2\/product_tag?post=114736"}],"curies":[{"name":"wp","href":"https:\/\/api.w.org\/{rel}","templated":true}]}}