{"id":114717,"date":"2023-07-09T10:46:52","date_gmt":"2023-07-09T10:46:52","guid":{"rendered":"https:\/\/www.3p-gmbh.de\/produkt\/prasa-olejowa-na-sprezone-powietrze-graco\/"},"modified":"2023-07-09T10:46:52","modified_gmt":"2023-07-09T10:46:52","slug":"prasa-olejowa-na-sprezone-powietrze-graco","status":"publish","type":"product","link":"https:\/\/www.3p-gmbh.de\/pl\/produkt\/prasa-olejowa-na-sprezone-powietrze-graco\/","title":{"rendered":"Prasa olejowa na spr\u0119\u017cone powietrze Graco"},"content":{"rendered":"<p><strong>Prasa olejowa na spr\u0119\u017cone powietrze Graco<\/strong><\/p>\n","protected":false},"excerpt":{"rendered":"<p>Prasa olejowa na spr\u0119\u017cone powietrze Graco<\/p>\n","protected":false},"featured_media":114731,"template":"","meta":[],"product_brand":[],"product_cat":[3738],"product_tag":[],"class_list":{"0":"post-114717","1":"product","2":"type-product","3":"status-publish","4":"has-post-thumbnail","6":"product_cat-wyposazenie-warsztatu","7":"pa_hersteller-graco","9":"first","10":"instock","11":"taxable","12":"shipping-taxable","13":"product-type-simple"},"jetpack_sharing_enabled":true,"_links":{"self":[{"href":"https:\/\/www.3p-gmbh.de\/pl\/wp-json\/wp\/v2\/product\/114717","targetHints":{"allow":["GET"]}}],"collection":[{"href":"https:\/\/www.3p-gmbh.de\/pl\/wp-json\/wp\/v2\/product"}],"about":[{"href":"https:\/\/www.3p-gmbh.de\/pl\/wp-json\/wp\/v2\/types\/product"}],"wp:featuredmedia":[{"embeddable":true,"href":"https:\/\/www.3p-gmbh.de\/pl\/wp-json\/wp\/v2\/media\/114731"}],"wp:attachment":[{"href":"https:\/\/www.3p-gmbh.de\/pl\/wp-json\/wp\/v2\/media?parent=114717"}],"wp:term":[{"taxonomy":"product_brand","embeddable":true,"href":"https:\/\/www.3p-gmbh.de\/pl\/wp-json\/wp\/v2\/product_brand?post=114717"},{"taxonomy":"product_cat","embeddable":true,"href":"https:\/\/www.3p-gmbh.de\/pl\/wp-json\/wp\/v2\/product_cat?post=114717"},{"taxonomy":"product_tag","embeddable":true,"href":"https:\/\/www.3p-gmbh.de\/pl\/wp-json\/wp\/v2\/product_tag?post=114717"}],"curies":[{"name":"wp","href":"https:\/\/api.w.org\/{rel}","templated":true}]}}