{"id":114708,"date":"2023-09-10T12:25:05","date_gmt":"2023-09-10T12:25:05","guid":{"rendered":"https:\/\/www.3p-gmbh.de\/produkt\/przenosnik-rolkowy-solema-z-wlasnym-napedem\/"},"modified":"2023-09-10T12:25:05","modified_gmt":"2023-09-10T12:25:05","slug":"przenosnik-rolkowy-solema-z-wlasnym-napedem","status":"publish","type":"product","link":"https:\/\/www.3p-gmbh.de\/pl\/produkt\/przenosnik-rolkowy-solema-z-wlasnym-napedem\/","title":{"rendered":"Przeno\u015bnik rolkowy Solema z w\u0142asnym nap\u0119dem"},"content":{"rendered":"<p><strong>Przeno\u015bnik rolkowy Solema z w\u0142asnym nap\u0119dem<\/strong><\/p>\n","protected":false},"excerpt":{"rendered":"<p>Przeno\u015bnik rolkowy Solema z w\u0142asnym nap\u0119dem<\/p>\n","protected":false},"featured_media":114714,"template":"","meta":[],"product_brand":[],"product_cat":[3867],"product_tag":[],"class_list":{"0":"post-114708","1":"product","2":"type-product","3":"status-publish","4":"has-post-thumbnail","6":"product_cat-technologia-przenosnikow","7":"pa_hersteller-solema","9":"first","10":"instock","11":"taxable","12":"shipping-taxable","13":"product-type-simple"},"jetpack_sharing_enabled":true,"_links":{"self":[{"href":"https:\/\/www.3p-gmbh.de\/pl\/wp-json\/wp\/v2\/product\/114708","targetHints":{"allow":["GET"]}}],"collection":[{"href":"https:\/\/www.3p-gmbh.de\/pl\/wp-json\/wp\/v2\/product"}],"about":[{"href":"https:\/\/www.3p-gmbh.de\/pl\/wp-json\/wp\/v2\/types\/product"}],"wp:featuredmedia":[{"embeddable":true,"href":"https:\/\/www.3p-gmbh.de\/pl\/wp-json\/wp\/v2\/media\/114714"}],"wp:attachment":[{"href":"https:\/\/www.3p-gmbh.de\/pl\/wp-json\/wp\/v2\/media?parent=114708"}],"wp:term":[{"taxonomy":"product_brand","embeddable":true,"href":"https:\/\/www.3p-gmbh.de\/pl\/wp-json\/wp\/v2\/product_brand?post=114708"},{"taxonomy":"product_cat","embeddable":true,"href":"https:\/\/www.3p-gmbh.de\/pl\/wp-json\/wp\/v2\/product_cat?post=114708"},{"taxonomy":"product_tag","embeddable":true,"href":"https:\/\/www.3p-gmbh.de\/pl\/wp-json\/wp\/v2\/product_tag?post=114708"}],"curies":[{"name":"wp","href":"https:\/\/api.w.org\/{rel}","templated":true}]}}