{"id":114707,"date":"2023-07-09T10:13:25","date_gmt":"2023-07-09T10:13:25","guid":{"rendered":"https:\/\/www.3p-gmbh.de\/produkt\/rozne-narzedzia-zamykajace-do-druku-typograficznego\/"},"modified":"2023-07-09T10:13:25","modified_gmt":"2023-07-09T10:13:25","slug":"rozne-narzedzia-zamykajace-do-druku-typograficznego","status":"publish","type":"product","link":"https:\/\/www.3p-gmbh.de\/pl\/produkt\/rozne-narzedzia-zamykajace-do-druku-typograficznego\/","title":{"rendered":"R\u00f3\u017cne narz\u0119dzia zamykaj\u0105ce do druku typograficznego"},"content":{"rendered":"<p><strong>R\u00f3\u017cne narz\u0119dzia zamykaj\u0105ce do druku typograficznego<\/strong><\/p>\n","protected":false},"excerpt":{"rendered":"<p>R\u00f3\u017cne narz\u0119dzia zamykaj\u0105ce do druku typograficznego<\/p>\n","protected":false},"featured_media":114713,"template":"","meta":[],"product_brand":[],"product_cat":[3879,3650],"product_tag":[],"class_list":{"0":"post-114707","1":"product","2":"type-product","3":"status-publish","4":"has-post-thumbnail","6":"product_cat-introligatorstwo-asortymentowe","7":"product_cat-typografia","9":"first","10":"instock","11":"taxable","12":"shipping-taxable","13":"product-type-simple"},"jetpack_sharing_enabled":true,"_links":{"self":[{"href":"https:\/\/www.3p-gmbh.de\/pl\/wp-json\/wp\/v2\/product\/114707","targetHints":{"allow":["GET"]}}],"collection":[{"href":"https:\/\/www.3p-gmbh.de\/pl\/wp-json\/wp\/v2\/product"}],"about":[{"href":"https:\/\/www.3p-gmbh.de\/pl\/wp-json\/wp\/v2\/types\/product"}],"wp:featuredmedia":[{"embeddable":true,"href":"https:\/\/www.3p-gmbh.de\/pl\/wp-json\/wp\/v2\/media\/114713"}],"wp:attachment":[{"href":"https:\/\/www.3p-gmbh.de\/pl\/wp-json\/wp\/v2\/media?parent=114707"}],"wp:term":[{"taxonomy":"product_brand","embeddable":true,"href":"https:\/\/www.3p-gmbh.de\/pl\/wp-json\/wp\/v2\/product_brand?post=114707"},{"taxonomy":"product_cat","embeddable":true,"href":"https:\/\/www.3p-gmbh.de\/pl\/wp-json\/wp\/v2\/product_cat?post=114707"},{"taxonomy":"product_tag","embeddable":true,"href":"https:\/\/www.3p-gmbh.de\/pl\/wp-json\/wp\/v2\/product_tag?post=114707"}],"curies":[{"name":"wp","href":"https:\/\/api.w.org\/{rel}","templated":true}]}}