{"id":114696,"date":"2023-07-09T10:34:40","date_gmt":"2023-07-09T10:34:40","guid":{"rendered":"https:\/\/www.3p-gmbh.de\/produkt\/cyfrowa-waga-do-wazenia-papieru-pce-z-obcinarka-referencyjna\/"},"modified":"2023-07-09T10:34:40","modified_gmt":"2023-07-09T10:34:40","slug":"cyfrowa-waga-do-wazenia-papieru-pce-z-obcinarka-referencyjna","status":"publish","type":"product","link":"https:\/\/www.3p-gmbh.de\/pl\/produkt\/cyfrowa-waga-do-wazenia-papieru-pce-z-obcinarka-referencyjna\/","title":{"rendered":"Cyfrowa waga do wa\u017cenia papieru PCE z obcinark\u0105 referencyjn\u0105"},"content":{"rendered":"<p><strong>Cyfrowa waga do wa\u017cenia papieru PCE z obcinark\u0105 referencyjn\u0105<\/strong><\/p>\n","protected":false},"excerpt":{"rendered":"<p>Cyfrowa waga do wa\u017cenia papieru PCE z obcinark\u0105 referencyjn\u0105<\/p>\n","protected":false},"featured_media":114701,"template":"","meta":[],"product_brand":[],"product_cat":[3877,3879],"product_tag":[],"class_list":{"0":"post-114696","1":"product","2":"type-product","3":"status-publish","4":"has-post-thumbnail","6":"product_cat-inna-obrobka-papieru","7":"product_cat-introligatorstwo-asortymentowe","9":"first","10":"instock","11":"taxable","12":"shipping-taxable","13":"product-type-simple"},"jetpack_sharing_enabled":true,"_links":{"self":[{"href":"https:\/\/www.3p-gmbh.de\/pl\/wp-json\/wp\/v2\/product\/114696","targetHints":{"allow":["GET"]}}],"collection":[{"href":"https:\/\/www.3p-gmbh.de\/pl\/wp-json\/wp\/v2\/product"}],"about":[{"href":"https:\/\/www.3p-gmbh.de\/pl\/wp-json\/wp\/v2\/types\/product"}],"wp:featuredmedia":[{"embeddable":true,"href":"https:\/\/www.3p-gmbh.de\/pl\/wp-json\/wp\/v2\/media\/114701"}],"wp:attachment":[{"href":"https:\/\/www.3p-gmbh.de\/pl\/wp-json\/wp\/v2\/media?parent=114696"}],"wp:term":[{"taxonomy":"product_brand","embeddable":true,"href":"https:\/\/www.3p-gmbh.de\/pl\/wp-json\/wp\/v2\/product_brand?post=114696"},{"taxonomy":"product_cat","embeddable":true,"href":"https:\/\/www.3p-gmbh.de\/pl\/wp-json\/wp\/v2\/product_cat?post=114696"},{"taxonomy":"product_tag","embeddable":true,"href":"https:\/\/www.3p-gmbh.de\/pl\/wp-json\/wp\/v2\/product_tag?post=114696"}],"curies":[{"name":"wp","href":"https:\/\/api.w.org\/{rel}","templated":true}]}}