{"id":114684,"date":"2023-09-24T22:44:39","date_gmt":"2023-09-24T22:44:39","guid":{"rendered":"https:\/\/www.3p-gmbh.de\/produkt\/automatyczny-jogger-wohlenberg-baumann-bsb-3l\/"},"modified":"2023-09-24T22:44:39","modified_gmt":"2023-09-24T22:44:39","slug":"automatyczny-jogger-wohlenberg-baumann-bsb-3l","status":"publish","type":"product","link":"https:\/\/www.3p-gmbh.de\/pl\/produkt\/automatyczny-jogger-wohlenberg-baumann-bsb-3l\/","title":{"rendered":"Automatyczny jogger Wohlenberg Baumann BSB 3L"},"content":{"rendered":"<p><strong>Automatyczny jogger Wohlenberg Baumann BSB 3L  <\/strong><br \/>\n<strong>SN 212.281<\/strong><\/p>\n<p><em><strong>Sprz\u0119t:<\/strong><\/em><br \/>\nz pneumatyczn\u0105 rolk\u0105 wyrzutow\u0105, pneumatyczna klapa lewa i prawa z powietrzem,<br \/>\nSpr\u0119\u017cone powietrze dostarczane przez klienta!<\/p>\n","protected":false},"excerpt":{"rendered":"<p>Automatyczny jogger Wohlenberg Baumann BSB 3L SN 212.281 Sprz\u0119t: z pneumatyczn\u0105 rolk\u0105 wyrzutow\u0105, pneumatyczna klapa lewa i prawa z powietrzem, Spr\u0119\u017cone powietrze dostarczane przez klienta!<\/p>\n","protected":false},"featured_media":114688,"template":"","meta":[],"product_brand":[],"product_cat":[3717],"product_tag":[],"class_list":{"0":"post-114684","1":"product","2":"type-product","3":"status-publish","4":"has-post-thumbnail","6":"product_cat-trzesace-sie-stoly","7":"pa_hersteller-baumann-wohlenberg","8":"pa_typ-bsb-3-l","10":"first","11":"instock","12":"taxable","13":"shipping-taxable","14":"product-type-simple"},"jetpack_sharing_enabled":true,"_links":{"self":[{"href":"https:\/\/www.3p-gmbh.de\/pl\/wp-json\/wp\/v2\/product\/114684","targetHints":{"allow":["GET"]}}],"collection":[{"href":"https:\/\/www.3p-gmbh.de\/pl\/wp-json\/wp\/v2\/product"}],"about":[{"href":"https:\/\/www.3p-gmbh.de\/pl\/wp-json\/wp\/v2\/types\/product"}],"wp:featuredmedia":[{"embeddable":true,"href":"https:\/\/www.3p-gmbh.de\/pl\/wp-json\/wp\/v2\/media\/114688"}],"wp:attachment":[{"href":"https:\/\/www.3p-gmbh.de\/pl\/wp-json\/wp\/v2\/media?parent=114684"}],"wp:term":[{"taxonomy":"product_brand","embeddable":true,"href":"https:\/\/www.3p-gmbh.de\/pl\/wp-json\/wp\/v2\/product_brand?post=114684"},{"taxonomy":"product_cat","embeddable":true,"href":"https:\/\/www.3p-gmbh.de\/pl\/wp-json\/wp\/v2\/product_cat?post=114684"},{"taxonomy":"product_tag","embeddable":true,"href":"https:\/\/www.3p-gmbh.de\/pl\/wp-json\/wp\/v2\/product_tag?post=114684"}],"curies":[{"name":"wp","href":"https:\/\/api.w.org\/{rel}","templated":true}]}}