{"id":114682,"date":"2023-09-10T12:18:35","date_gmt":"2023-09-10T12:18:35","guid":{"rendered":"https:\/\/www.3p-gmbh.de\/produkt\/przecinarka-szybkotnaca-schneider-senator-78-e-line\/"},"modified":"2023-09-10T12:18:35","modified_gmt":"2023-09-10T12:18:35","slug":"przecinarka-szybkotnaca-schneider-senator-78-e-line","status":"publish","type":"product","link":"https:\/\/www.3p-gmbh.de\/pl\/produkt\/przecinarka-szybkotnaca-schneider-senator-78-e-line\/","title":{"rendered":"Przecinarka szybkotn\u0105ca Schneider SENATOR 78 E-Line"},"content":{"rendered":"<p><strong>Szybki separator Schneider SENATOR 78 E-Line<\/strong><br \/>\n<strong>Rok budowy 2005<br \/>\n<\/strong><br \/>\nz 2 no\u017cami<br \/>\nz czytnikiem kart<br \/>\nz dokumentacj\u0105 i narz\u0119dziami<br \/>\nSzeroko\u015b\u0107 ci\u0119cia 780 mm<br \/>\nG\u0142\u0119boko\u015b\u0107 wsuwania 780 mm<br \/>\nWysoko\u015b\u0107 wk\u0142adki 120 mm<\/p>\n<p><a href=\"https:\/\/www.3p-gmbh.de\/wp-content\/uploads\/2023\/09\/E-Line78D.pdf\">E-Line78D<\/a><\/p>\n","protected":false},"excerpt":{"rendered":"<p>Szybki separator Schneider SENATOR 78 E-Line Rok budowy 2005 z 2 no\u017cami z czytnikiem kart z dokumentacj\u0105 i narz\u0119dziami Szeroko\u015b\u0107 ci\u0119cia 780 mm G\u0142\u0119boko\u015b\u0107 wsuwania 780 mm Wysoko\u015b\u0107 wk\u0142adki 120 mm E-Line78D<\/p>\n","protected":false},"featured_media":114690,"template":"","meta":[],"product_brand":[],"product_cat":[3723],"product_tag":[],"class_list":{"0":"post-114682","1":"product","2":"type-product","3":"status-publish","4":"has-post-thumbnail","6":"product_cat-maszyny-do-ciecia","7":"pa_hersteller-schneider-senator","8":"pa_typ-78-e-line","10":"first","11":"instock","12":"taxable","13":"shipping-taxable","14":"product-type-simple"},"jetpack_sharing_enabled":true,"_links":{"self":[{"href":"https:\/\/www.3p-gmbh.de\/pl\/wp-json\/wp\/v2\/product\/114682","targetHints":{"allow":["GET"]}}],"collection":[{"href":"https:\/\/www.3p-gmbh.de\/pl\/wp-json\/wp\/v2\/product"}],"about":[{"href":"https:\/\/www.3p-gmbh.de\/pl\/wp-json\/wp\/v2\/types\/product"}],"wp:featuredmedia":[{"embeddable":true,"href":"https:\/\/www.3p-gmbh.de\/pl\/wp-json\/wp\/v2\/media\/114690"}],"wp:attachment":[{"href":"https:\/\/www.3p-gmbh.de\/pl\/wp-json\/wp\/v2\/media?parent=114682"}],"wp:term":[{"taxonomy":"product_brand","embeddable":true,"href":"https:\/\/www.3p-gmbh.de\/pl\/wp-json\/wp\/v2\/product_brand?post=114682"},{"taxonomy":"product_cat","embeddable":true,"href":"https:\/\/www.3p-gmbh.de\/pl\/wp-json\/wp\/v2\/product_cat?post=114682"},{"taxonomy":"product_tag","embeddable":true,"href":"https:\/\/www.3p-gmbh.de\/pl\/wp-json\/wp\/v2\/product_tag?post=114682"}],"curies":[{"name":"wp","href":"https:\/\/api.w.org\/{rel}","templated":true}]}}