{"id":114674,"date":"2023-07-09T10:42:23","date_gmt":"2023-07-09T10:42:23","guid":{"rendered":"https:\/\/www.3p-gmbh.de\/produkt\/noz-perforujacy-heidelberg-stahlfolder\/"},"modified":"2023-07-09T10:42:23","modified_gmt":"2023-07-09T10:42:23","slug":"noz-perforujacy-heidelberg-stahlfolder","status":"publish","type":"product","link":"https:\/\/www.3p-gmbh.de\/pl\/produkt\/noz-perforujacy-heidelberg-stahlfolder\/","title":{"rendered":"N\u00f3\u017c perforuj\u0105cy Heidelberg Stahlfolder"},"content":{"rendered":"<p><strong>N\u00f3\u017c perforuj\u0105cy Heidelberg Stahlfolder<\/strong><\/p>\n","protected":false},"excerpt":{"rendered":"<p>N\u00f3\u017c perforuj\u0105cy Heidelberg Stahlfolder<\/p>\n","protected":false},"featured_media":114683,"template":"","meta":[],"product_brand":[],"product_cat":[3685],"product_tag":[],"class_list":{"0":"post-114674","1":"product","2":"type-product","3":"status-publish","4":"has-post-thumbnail","6":"product_cat-akcesoria-do-falcerek","7":"pa_hersteller-heidelberg","9":"first","10":"instock","11":"taxable","12":"shipping-taxable","13":"product-type-simple"},"jetpack_sharing_enabled":true,"_links":{"self":[{"href":"https:\/\/www.3p-gmbh.de\/pl\/wp-json\/wp\/v2\/product\/114674","targetHints":{"allow":["GET"]}}],"collection":[{"href":"https:\/\/www.3p-gmbh.de\/pl\/wp-json\/wp\/v2\/product"}],"about":[{"href":"https:\/\/www.3p-gmbh.de\/pl\/wp-json\/wp\/v2\/types\/product"}],"wp:featuredmedia":[{"embeddable":true,"href":"https:\/\/www.3p-gmbh.de\/pl\/wp-json\/wp\/v2\/media\/114683"}],"wp:attachment":[{"href":"https:\/\/www.3p-gmbh.de\/pl\/wp-json\/wp\/v2\/media?parent=114674"}],"wp:term":[{"taxonomy":"product_brand","embeddable":true,"href":"https:\/\/www.3p-gmbh.de\/pl\/wp-json\/wp\/v2\/product_brand?post=114674"},{"taxonomy":"product_cat","embeddable":true,"href":"https:\/\/www.3p-gmbh.de\/pl\/wp-json\/wp\/v2\/product_cat?post=114674"},{"taxonomy":"product_tag","embeddable":true,"href":"https:\/\/www.3p-gmbh.de\/pl\/wp-json\/wp\/v2\/product_tag?post=114674"}],"curies":[{"name":"wp","href":"https:\/\/api.w.org\/{rel}","templated":true}]}}