{"id":114634,"date":"2023-09-10T12:21:52","date_gmt":"2023-09-10T12:21:52","guid":{"rendered":"https:\/\/www.3p-gmbh.de\/produkt\/narzedzia-do-wykrawania-pfaeffle-narzedzia\/"},"modified":"2023-09-10T12:21:52","modified_gmt":"2023-09-10T12:21:52","slug":"narzedzia-do-wykrawania-pfaeffle-narzedzia","status":"publish","type":"product","link":"https:\/\/www.3p-gmbh.de\/pl\/produkt\/narzedzia-do-wykrawania-pfaeffle-narzedzia\/","title":{"rendered":"Narz\u0119dzia do wykrawania Pf\u00e4ffle Narz\u0119dzia"},"content":{"rendered":"<p><strong>Narz\u0119dzia do wykrawania Pf\u00e4ffle Narz\u0119dzia<\/strong><\/p>\n","protected":false},"excerpt":{"rendered":"<p>Narz\u0119dzia do wykrawania Pf\u00e4ffle Narz\u0119dzia<\/p>\n","protected":false},"featured_media":114636,"template":"","meta":[],"product_brand":[],"product_cat":[3880,3738],"product_tag":[],"class_list":{"0":"post-114634","1":"product","2":"type-product","3":"status-publish","4":"has-post-thumbnail","6":"product_cat-wbijanie","7":"product_cat-wyposazenie-warsztatu","9":"first","10":"instock","11":"taxable","12":"shipping-taxable","13":"product-type-simple"},"jetpack_sharing_enabled":true,"_links":{"self":[{"href":"https:\/\/www.3p-gmbh.de\/pl\/wp-json\/wp\/v2\/product\/114634","targetHints":{"allow":["GET"]}}],"collection":[{"href":"https:\/\/www.3p-gmbh.de\/pl\/wp-json\/wp\/v2\/product"}],"about":[{"href":"https:\/\/www.3p-gmbh.de\/pl\/wp-json\/wp\/v2\/types\/product"}],"wp:featuredmedia":[{"embeddable":true,"href":"https:\/\/www.3p-gmbh.de\/pl\/wp-json\/wp\/v2\/media\/114636"}],"wp:attachment":[{"href":"https:\/\/www.3p-gmbh.de\/pl\/wp-json\/wp\/v2\/media?parent=114634"}],"wp:term":[{"taxonomy":"product_brand","embeddable":true,"href":"https:\/\/www.3p-gmbh.de\/pl\/wp-json\/wp\/v2\/product_brand?post=114634"},{"taxonomy":"product_cat","embeddable":true,"href":"https:\/\/www.3p-gmbh.de\/pl\/wp-json\/wp\/v2\/product_cat?post=114634"},{"taxonomy":"product_tag","embeddable":true,"href":"https:\/\/www.3p-gmbh.de\/pl\/wp-json\/wp\/v2\/product_tag?post=114634"}],"curies":[{"name":"wp","href":"https:\/\/api.w.org\/{rel}","templated":true}]}}