{"id":114593,"date":"2023-11-12T23:27:28","date_gmt":"2023-11-12T23:27:28","guid":{"rendered":"https:\/\/www.3p-gmbh.de\/produkt\/bindownica-i-kalendarz-bindownica-drutowa-renz-mobi-500-z-wieszakiem-na-kalendarz-ka-300\/"},"modified":"2023-11-12T23:27:28","modified_gmt":"2023-11-12T23:27:28","slug":"bindownica-i-kalendarz-bindownica-drutowa-renz-mobi-500-z-wieszakiem-na-kalendarz-ka-300","status":"publish","type":"product","link":"https:\/\/www.3p-gmbh.de\/pl\/produkt\/bindownica-i-kalendarz-bindownica-drutowa-renz-mobi-500-z-wieszakiem-na-kalendarz-ka-300\/","title":{"rendered":"Bindownica i kalendarz &#8211; Bindownica drutowa RENZ Mobi 500 z wieszakiem na kalendarz KA 300"},"content":{"rendered":"<p><strong>Bindownica pier\u015bcieniowa i drutowa maszyna do oprawy kalendarzy RENZ Mobi 500 z wieszakiem kalendarzy KA 300 do automatycznego podawania haczyk\u00f3w kalendarzy o d\u0142ugo\u015bci od 80 do 300 mm.<\/strong><br \/>\n<strong>Rok budowy 07-2016<\/strong><br \/>\n<strong>w idealnym stanie  <\/strong><\/p>\n<p>&#8211; Maks. Format: 500 x 500 mm<br \/>\n&#8211; Min. Format: 90 x 90 mm<br \/>\n&#8211; \u015arednice do wi\u0105zania: 3\/16&#8243; &#8211; 1 1\/4&#8243; (w zestawie znajduj\u0105 si\u0119 3 narz\u0119dzia)<br \/>\n&#8211; Skok 3:1 + 2:1 (oba ko\u0142a z\u0119bate w zestawie)<br \/>\n&#8211; Wydajno\u015b\u0107 cykli mechanicznych regulowana w zakresie 100 &#8211; 1200 cykli\/h<br \/>\n&#8211; Mo\u017cliwo\u015b\u0107 oprawy bloku i kalendarza z zawieszk\u0105<br \/>\n&#8211; Ekran dotykowy ze wskaz\u00f3wkami dla u\u017cytkownika<br \/>\n&#8211; W pe\u0142ni automatyczny proces zmiany formatu papieru i \u015brednicy bindowania<br \/>\n&#8211; Dostawa skrzynek z regulacj\u0105 wysoko\u015bci<br \/>\n&#8211; Czas konfiguracji maszyny ok. 5 &#8211; 10 minut<br \/>\n&#8211; Stacja do zawieszania wst\u0119pnie dziurkowanego materia\u0142u do bindowania<br \/>\n&#8211; Urz\u0105dzenie podnosz\u0105ce do szybkiej i przyjaznej dla operatora wymiany szpulki<br \/>\n&#8211; Pod\u0142\u0105czone obci\u0105\u017cenia: 230\/400 V, 50 Hz<br \/>\n&#8211; Wymiary maszyny: d\u0142. x szer. x wys. 220 x 75 x 205 cm<br \/>\n&#8211; Wymiary ekspozycyjne pude\u0142ka: d\u0142. x szer. 60 x 55 cm<br \/>\n&#8211; Waga: 640 kg<\/p>\n","protected":false},"excerpt":{"rendered":"<p>Bindownica pier\u015bcieniowa i drutowa maszyna do oprawy kalendarzy RENZ Mobi 500 z wieszakiem kalendarzy KA 300 do automatycznego podawania haczyk\u00f3w kalendarzy o d\u0142ugo\u015bci od 80 do 300 mm. Rok budowy 07-2016 w idealnym stanie &#8211; Maks. Format: 500 x 500 mm &#8211; Min. Format: 90 x 90 mm &#8211; \u015arednice do wi\u0105zania: 3\/16&#8243; &#8211; 1 [&hellip;]<\/p>\n","protected":false},"featured_media":114594,"template":"","meta":[],"product_brand":[],"product_cat":[3665],"product_tag":[],"class_list":{"0":"post-114593","1":"product","2":"type-product","3":"status-publish","4":"has-post-thumbnail","6":"product_cat-maszyny-wiazace-drutem","7":"pa_hersteller-renz","8":"pa_typ-mobi-500","9":"pa_typ-ka-300","11":"first","12":"instock","13":"taxable","14":"shipping-taxable","15":"product-type-simple"},"jetpack_sharing_enabled":true,"_links":{"self":[{"href":"https:\/\/www.3p-gmbh.de\/pl\/wp-json\/wp\/v2\/product\/114593","targetHints":{"allow":["GET"]}}],"collection":[{"href":"https:\/\/www.3p-gmbh.de\/pl\/wp-json\/wp\/v2\/product"}],"about":[{"href":"https:\/\/www.3p-gmbh.de\/pl\/wp-json\/wp\/v2\/types\/product"}],"wp:featuredmedia":[{"embeddable":true,"href":"https:\/\/www.3p-gmbh.de\/pl\/wp-json\/wp\/v2\/media\/114594"}],"wp:attachment":[{"href":"https:\/\/www.3p-gmbh.de\/pl\/wp-json\/wp\/v2\/media?parent=114593"}],"wp:term":[{"taxonomy":"product_brand","embeddable":true,"href":"https:\/\/www.3p-gmbh.de\/pl\/wp-json\/wp\/v2\/product_brand?post=114593"},{"taxonomy":"product_cat","embeddable":true,"href":"https:\/\/www.3p-gmbh.de\/pl\/wp-json\/wp\/v2\/product_cat?post=114593"},{"taxonomy":"product_tag","embeddable":true,"href":"https:\/\/www.3p-gmbh.de\/pl\/wp-json\/wp\/v2\/product_tag?post=114593"}],"curies":[{"name":"wp","href":"https:\/\/api.w.org\/{rel}","templated":true}]}}